{"id":10,"date":"2015-02-24T19:08:39","date_gmt":"2015-02-24T18:08:39","guid":{"rendered":"http:\/\/vitasane.it\/de\/?page_id=10"},"modified":"2019-01-11T13:26:25","modified_gmt":"2019-01-11T12:26:25","slug":"home","status":"publish","type":"page","link":"https:\/\/vitasane.it\/de\/","title":{"rendered":"Home"},"content":{"rendered":"\n<div id=\"rev_slider_1_1_wrapper\" class=\"rev_slider_wrapper fullscreen-container\" data-source=\"gallery\" style=\"background:#E9E9E9;padding:0px;\">\n<!-- START REVOLUTION SLIDER 5.4.8.1 fullscreen mode -->\n\t<div id=\"rev_slider_1_1\" class=\"rev_slider fullscreenbanner\" style=\"display:none;\" data-version=\"5.4.8.1\">\n<ul>\t<!-- SLIDE  -->\n\t<li data-index=\"rs-1\" data-transition=\"fade\" data-slotamount=\"7\" data-hideafterloop=\"0\" data-hideslideonmobile=\"off\"  data-easein=\"default\" data-easeout=\"default\" data-masterspeed=\"300\"  data-rotate=\"0\"  data-saveperformance=\"off\"  data-title=\"Slide\" data-param1=\"\" data-param2=\"\" data-param3=\"\" data-param4=\"\" data-param5=\"\" data-param6=\"\" data-param7=\"\" data-param8=\"\" data-param9=\"\" data-param10=\"\" data-description=\"\">\n\t\t<!-- MAIN IMAGE -->\n\t\t<img loading=\"lazy\" decoding=\"async\" src=\"https:\/\/vitasane.it\/de\/wp-content\/uploads\/2015\/02\/home-1.jpg\"  alt=\"\" title=\"home-1\"  width=\"1600\" height=\"763\" data-bgposition=\"center top\" data-bgfit=\"cover\" data-bgrepeat=\"no-repeat\" class=\"rev-slidebg\" data-no-retina>\n\t\t<!-- LAYERS -->\n\n\t\t<!-- LAYER NR. 1 -->\n\t\t<div class=\"tp-caption largetext   tp-resizeme\" \n\t\t\t id=\"slide-1-layer-1\" \n\t\t\t data-x=\"center\" data-hoffset=\"0\" \n\t\t\t data-y=\"center\" data-voffset=\"-120\" \n\t\t\t\t\t\tdata-width=\"auto\"\n\t\t\tdata-height=\"auto\"\n \n\t\t\tdata-type=\"text\" \n\t\t\tdata-responsive_offset=\"on\" \n\n\t\t\tdata-frames='[{\"from\":\"y:bottom;\",\"speed\":900,\"to\":\"\",\"delay\":0,\"ease\":\"Power3.easeInOut\"},{\"delay\":\"wait\",\"speed\":300,\"to\":\"auto:auto;\",\"ease\":\"nothing\"}]'\n\t\t\tdata-textAlign=\"['','','','']\"\n\n\t\t\tstyle=\"z-index: 5; white-space: nowrap; color: #ffffff;text-transform:left;\">WILLKOMMEN BEI <\/div>\n\n\t\t<!-- LAYER NR. 2 -->\n\t\t<div class=\"tp-caption largetext   tp-resizeme\" \n\t\t\t id=\"slide-1-layer-2\" \n\t\t\t data-x=\"center\" data-hoffset=\"5\" \n\t\t\t data-y=\"center\" data-voffset=\"-30\" \n\t\t\t\t\t\tdata-width=\"auto\"\n\t\t\tdata-height=\"auto\"\n \n\t\t\tdata-type=\"text\" \n\t\t\tdata-responsive_offset=\"on\" \n\n\t\t\tdata-frames='[{\"from\":\"y:bottom;\",\"speed\":1500,\"to\":\"\",\"delay\":0,\"ease\":\"Power3.easeInOut\"},{\"delay\":\"wait\",\"speed\":300,\"to\":\"auto:auto;\",\"ease\":\"nothing\"}]'\n\t\t\tdata-textAlign=\"['','','','']\"\n\n\t\t\tstyle=\"z-index: 6; white-space: nowrap; color: #ffffff;text-transform:left;\">VITASANE <\/div>\n\n\t\t<!-- LAYER NR. 3 -->\n\t\t<div class=\"tp-caption slider-02   tp-resizeme\" \n\t\t\t id=\"slide-1-layer-3\" \n\t\t\t data-x=\"center\" data-hoffset=\"0\" \n\t\t\t data-y=\"center\" data-voffset=\"60\" \n\t\t\t\t\t\tdata-width=\"auto\"\n\t\t\tdata-height=\"auto\"\n \n\t\t\tdata-type=\"text\" \n\t\t\tdata-responsive_offset=\"on\" \n\n\t\t\tdata-frames='[{\"from\":\"x:left;\",\"speed\":600,\"to\":\"\",\"delay\":0,\"ease\":\"Power3.easeInOut\"},{\"delay\":\"wait\",\"speed\":300,\"to\":\"auto:auto;\",\"ease\":\"nothing\"}]'\n\t\t\tdata-textAlign=\"['','','','']\"\n\n\t\t\tstyle=\"z-index: 7; white-space: nowrap; color: #ffffff;text-transform:left;\">DEM EXPERTEN F\u00dcR GESUNDE <\/div>\n\n\t\t<!-- LAYER NR. 4 -->\n\t\t<div class=\"tp-caption slider-02   tp-resizeme\" \n\t\t\t id=\"slide-1-layer-4\" \n\t\t\t data-x=\"center\" data-hoffset=\"0\" \n\t\t\t data-y=\"center\" data-voffset=\"110\" \n\t\t\t\t\t\tdata-width=\"auto\"\n\t\t\tdata-height=\"auto\"\n \n\t\t\tdata-type=\"text\" \n\t\t\tdata-responsive_offset=\"on\" \n\n\t\t\tdata-frames='[{\"from\":\"y:bottom;\",\"speed\":600,\"to\":\"\",\"delay\":0,\"ease\":\"Power3.easeInOut\"},{\"delay\":\"wait\",\"speed\":300,\"to\":\"auto:auto;\",\"ease\":\"nothing\"}]'\n\t\t\tdata-textAlign=\"['','','','']\"\n\n\t\t\tstyle=\"z-index: 8; white-space: nowrap; color: #ffffff;text-transform:left;\">ERN\u00c4HRUNG UND WOHLBEFINDEN. <\/div>\n\t<\/li>\n<\/ul>\n<div class=\"tp-bannertimer tp-bottom\" style=\"visibility: hidden !important;\"><\/div>\t<\/div>\n<script>var htmlDiv = document.getElementById(\"rs-plugin-settings-inline-css\"); var htmlDivCss=\".tp-caption.largetext,.largetext{font-size:100px;line-height:40px;font-weight:700;font-family:Arial;color:rgb(255,255,255);text-decoration:none;background-color:transparent;border-width:0px;border-color:rgb(255,255,255);border-style:none;text-shadow:rgba(0,0,0,0.498039) 0px 2px 5px;white-space:nowrap}.tp-caption.slider-02,.slider-02{font-size:45px;line-height:20px;font-weight:500;font-family:Arial;color:rgb(255,255,255);text-decoration:none;background-color:transparent;border-width:0px;border-color:rgb(255,255,255);border-style:none;text-shadow:rgba(0,0,0,0.498039) 0px 2px 5px;white-space:nowrap}\";\r\n\t\t\t\tif(htmlDiv) {\r\n\t\t\t\t\thtmlDiv.innerHTML = htmlDiv.innerHTML + htmlDivCss;\r\n\t\t\t\t}else{\r\n\t\t\t\t\tvar htmlDiv = document.createElement(\"div\");\r\n\t\t\t\t\thtmlDiv.innerHTML = \"<style>\" + htmlDivCss + \"<\/style>\";\r\n\t\t\t\t\tdocument.getElementsByTagName(\"head\")[0].appendChild(htmlDiv.childNodes[0]);\r\n\t\t\t\t}\r\n\t\t\t<\/script>\n\t\t<script type=\"text\/javascript\">\r\nif (setREVStartSize!==undefined) setREVStartSize(\r\n\t{c: '#rev_slider_1_1', gridwidth: [1920], gridheight: [600], sliderLayout: 'fullscreen', fullScreenAutoWidth:'off', fullScreenAlignForce:'on', fullScreenOffsetContainer:'', fullScreenOffset:''});\r\n\t\t\t\r\nvar revapi1,\r\n\ttpj;\t\r\n(function() {\t\t\t\r\n\tif (!\/loaded|interactive|complete\/.test(document.readyState)) document.addEventListener(\"DOMContentLoaded\",onLoad); else onLoad();\t\r\n\tfunction onLoad() {\t\t\t\t\r\n\t\tif (tpj===undefined) { tpj = jQuery; if(\"on\" == \"on\") tpj.noConflict();}\r\n\tif(tpj(\"#rev_slider_1_1\").revolution == undefined){\n\t\trevslider_showDoubleJqueryError(\"#rev_slider_1_1\");\n\t}else{\n\t\trevapi1 = tpj(\"#rev_slider_1_1\").show().revolution({\n\t\t\tsliderType:\"standard\",\n\t\t\tjsFileLocation:\"\/\/vitasane.it\/de\/wp-content\/plugins\/revslider\/public\/assets\/js\/\",\n\t\t\tsliderLayout:\"fullscreen\",\n\t\t\tdottedOverlay:\"none\",\n\t\t\tdelay:0,\n\t\t\tnavigation: {\n\t\t\t\tkeyboardNavigation:\"off\",\n\t\t\t\tkeyboard_direction: \"horizontal\",\n\t\t\t\tmouseScrollNavigation:\"off\",\n \t\t\t\t\t\t\tmouseScrollReverse:\"default\",\n\t\t\t\tonHoverStop:\"off\",\n\t\t\t\ttouch:{\n\t\t\t\t\ttouchenabled:\"on\",\n\t\t\t\t\ttouchOnDesktop:\"off\",\n\t\t\t\t\tswipe_threshold: 75,\n\t\t\t\t\tswipe_min_touches: 1,\n\t\t\t\t\tswipe_direction: \"horizontal\",\n\t\t\t\t\tdrag_block_vertical: false\n\t\t\t\t}\n\t\t\t},\n\t\t\tvisibilityLevels:[1240,1024,778,480],\n\t\t\tgridwidth:1920,\n\t\t\tgridheight:600,\n\t\t\tlazyType:\"none\",\n\t\t\tshadow:1,\n\t\t\tspinner:\"spinner2\",\n\t\t\tstopLoop:\"off\",\n\t\t\tstopAfterLoops:-1,\n\t\t\tstopAtSlide:-1,\n\t\t\tshuffle:\"off\",\n\t\t\tautoHeight:\"off\",\n\t\t\tfullScreenAutoWidth:\"off\",\n\t\t\tfullScreenAlignForce:\"on\",\n\t\t\tfullScreenOffsetContainer: \"\",\n\t\t\tfullScreenOffset: \"\",\n\t\t\tdisableProgressBar:\"on\",\n\t\t\thideThumbsOnMobile:\"off\",\n\t\t\thideSliderAtLimit:0,\n\t\t\thideCaptionAtLimit:0,\n\t\t\thideAllCaptionAtLilmit:0,\n\t\t\tdebugMode:false,\n\t\t\tfallbacks: {\n\t\t\t\tsimplifyAll:\"off\",\n\t\t\t\tnextSlideOnWindowFocus:\"off\",\n\t\t\t\tdisableFocusListener:false,\n\t\t\t}\n\t\t});\n\t}; \/* END OF revapi call *\/\n\t\n }; \/* END OF ON LOAD FUNCTION *\/\r\n}()); \/* END OF WRAPPING FUNCTION *\/\r\n<\/script>\r\n\t\t<script>\r\n\t\t\t\t\tvar htmlDivCss = ' #rev_slider_1_1_wrapper .tp-loader.spinner2{ background-color: #FFFFFF !important; } ';\r\n\t\t\t\t\tvar htmlDiv = document.getElementById('rs-plugin-settings-inline-css');\r\n\t\t\t\t\tif(htmlDiv) {\r\n\t\t\t\t\t\thtmlDiv.innerHTML = htmlDiv.innerHTML + htmlDivCss;\r\n\t\t\t\t\t}\r\n\t\t\t\t\telse{\r\n\t\t\t\t\t\tvar htmlDiv = document.createElement('div');\r\n\t\t\t\t\t\thtmlDiv.innerHTML = '<style>' + htmlDivCss + '<\/style>';\r\n\t\t\t\t\t\tdocument.getElementsByTagName('head')[0].appendChild(htmlDiv.childNodes[0]);\r\n\t\t\t\t\t}\r\n\t\t\t\t\t<\/script>\r\n\t\t\t\t\t<\/div><!-- END REVOLUTION SLIDER -->\n<section class=\"section  swatch-normal \"><div class=\"container\">\n<h1 style=\"color: #d00;font-size: 4em;text-align: center\">Willkommen bei Vitasane<\/h1>\n<h2 style=\"color: #d00;font-size: 2em;text-align: center\">dem Experten f\u00fcr gesunde Ern\u00e4hrung und Wohlbefinden.<\/h2>\n<p style=\"text-align: center\">Es freut uns, dass Sie den Weg zu unserer Webseite gefunden haben. Wir sind eine Vertriebsfirma f\u00fcr Haushalts-und Gesundheits-Produkte und arbeiten \u00fcber den Direktvertrieb &amp; Gro\u00dfhandel und bieten Ihnen nicht nur \u201cHaushalts\u201d, sondern auch \u201cWellness- Produkte\u201d, damit Sie eine gesunde Ern\u00e4hrung und sich besser Wohlf\u00fchlen und entspannen k\u00f6nnen.<\/p>\n<\/div><\/section>\n<section class=\"section  swatch-inverted \"><div class=\"container\">\n<h1 style=\"color: #fd0;font-size: 3em;text-align: center\">Unsere Philosophie<\/h1>\n<h2 style=\"color: #fd0;font-size: 2em;text-align: center\">Manchmal glauben wir, uns geh\u00f6rt die Natur!<\/h2>\n<p style=\"text-align: center\">In Wirklichkeit sind wir nur Teil dieser. Die Zukunft geh\u00f6rt unseren Kindern! Wir glauben, man sollte M\u00fcllberge vermeiden, wenn man dies tun kann. Vitasane hat einen Weg gefunden der \u00f6kologisch und \u00f6konomisch Sinn ergibt. Produkte f\u00fcrs Leben mu\u00df man nur einmal entsorgen und nur einmal bezahlen.<\/p>\n<p style=\"text-align: center\">Unsere Produkte sind im herk\u00f6mmlichen Handelsvertrieb (Gesch\u00e4ft) nicht erh\u00e4ltlich, besitzen einen sehr hohen Qualit\u00e4tsstandard mit au\u00dfergew\u00f6hnlichen Garantieleistungen und k\u00f6nnen deshalb mit \u00e4hnlichen Produkten nicht verglichen werden. Auf Grund des hohen Qualit\u00e4ts-Standards unserer Produkte erhielten wir schon mehrmals hohe Auszeichnungen!<\/p>\n<\/div><\/section>\n<section class=\"section  swatch-normal \"><div class=\"container\">\n<h1 style=\"color: #d00;font-size: 3em;text-align: center\">Ihre Qualit\u00e4tsgarantie<\/h1>\n<h2 style=\"color: #d00;font-size: 2em;text-align: center\">Ein seri\u00f6ses Unternehmen.<\/h2>\n<p style=\"text-align: center\">Unser Wort ist f\u00fcr uns Verpflichtung. Jeder einzelne unserer Mitarbeiter wird sorgf\u00e4ltig ausgew\u00e4hlt und ausgebildet und erst dann in unser Team aufgenommen, wenn er die f\u00fcr uns erforderlichen Vorgaben von Korrektheit und Ehrlichkeit erf\u00fcllt. Alle Beitr\u00e4ge an gemeinn\u00fctzige Vereine, die wir leisten, bleiben transparent und werden nach den entsprechenden Formalit\u00e4ten von unseren Beratern ausgezahlt.<\/p>\n<p style=\"text-align: center\">Unsere Produkte werden von unserem qualifizierten Fachpersonal geliefert und montiert, und die entsprechenden Garantien k\u00f6nnen bis f\u00fcr das Biouniversalger\u00e4t bis zu 8 Jahren und f\u00fcr das Vitasane Power Vakuum bis zu 2 Jahren nach Ankauf geltend gemacht werden.<\/p>\n<p style=\"text-align: center\">In unserem Lager haben wir st\u00e4ndig Ersatzteile und Ausbauteile lagernd, und unser Personal wird Sie in jeder Hinsicht fachkundig beraten. F\u00fcr alle weiteren Argumente zu unserem <a href=\"http:\/\/vitasane.it\/haendler\/\">Unternehmen-Jobs.<\/a><\/p>\n<\/div><\/section>\n","protected":false},"excerpt":{"rendered":"","protected":false},"author":1,"featured_media":0,"parent":0,"menu_order":0,"comment_status":"open","ping_status":"closed","template":"","meta":{"footnotes":""},"_links":{"self":[{"href":"https:\/\/vitasane.it\/de\/wp-json\/wp\/v2\/pages\/10"}],"collection":[{"href":"https:\/\/vitasane.it\/de\/wp-json\/wp\/v2\/pages"}],"about":[{"href":"https:\/\/vitasane.it\/de\/wp-json\/wp\/v2\/types\/page"}],"author":[{"embeddable":true,"href":"https:\/\/vitasane.it\/de\/wp-json\/wp\/v2\/users\/1"}],"replies":[{"embeddable":true,"href":"https:\/\/vitasane.it\/de\/wp-json\/wp\/v2\/comments?post=10"}],"version-history":[{"count":71,"href":"https:\/\/vitasane.it\/de\/wp-json\/wp\/v2\/pages\/10\/revisions"}],"predecessor-version":[{"id":9677,"href":"https:\/\/vitasane.it\/de\/wp-json\/wp\/v2\/pages\/10\/revisions\/9677"}],"wp:attachment":[{"href":"https:\/\/vitasane.it\/de\/wp-json\/wp\/v2\/media?parent=10"}],"curies":[{"name":"wp","href":"https:\/\/api.w.org\/{rel}","templated":true}]}}