{"id":1164,"date":"2015-06-10T14:55:17","date_gmt":"2015-06-10T12:55:17","guid":{"rendered":"http:\/\/vitasane.it\/de\/?page_id=1164"},"modified":"2025-10-03T11:32:30","modified_gmt":"2025-10-03T09:32:30","slug":"produkte","status":"publish","type":"page","link":"https:\/\/vitasane.it\/de\/produkte\/","title":{"rendered":"Produkte"},"content":{"rendered":"<p style=\"text-align: center\"><span style=\"vertical-align: inherit\"><span style=\"vertical-align: inherit\"><span style=\"vertical-align: inherit\"><span style=\"vertical-align: inherit\"><section class=\"section  swatch-normal \"><div class=\"container\"><div class=\"section-header\"><h2 class=\"headline text-caps\">Vitasane Power Vakuumierger\u00e4t<\/h2><\/div> <\/span><\/span><\/span><\/span><br \/><span style=\"vertical-align: inherit\"><span style=\"vertical-align: inherit\"><span style=\"vertical-align: inherit\"><span style=\"vertical-align: inherit\"><div class=\"row-fluid\"> <\/span><\/span><\/span><\/span><br \/><span style=\"vertical-align: inherit\"><span style=\"vertical-align: inherit\"><span style=\"vertical-align: inherit\"><span style=\"vertical-align: inherit\"><div class=\"span6\"><\/span><\/span><\/span><\/span><img loading=\"lazy\" decoding=\"async\" class=\"wp-image-8630 aligncenter\" src=\"http:\/\/vitasane.it\/de\/wp-content\/uploads\/2022\/02\/Vakuum-power-web-300x234.png\" alt=\"\" width=\"534\" height=\"417\" srcset=\"https:\/\/vitasane.it\/de\/wp-content\/uploads\/2022\/02\/Vakuum-power-web-300x234.png 300w, https:\/\/vitasane.it\/de\/wp-content\/uploads\/2022\/02\/Vakuum-power-web-1024x798.png 1024w, https:\/\/vitasane.it\/de\/wp-content\/uploads\/2022\/02\/Vakuum-power-web-768x598.png 768w, https:\/\/vitasane.it\/de\/wp-content\/uploads\/2022\/02\/Vakuum-power-web-1536x1197.png 1536w, https:\/\/vitasane.it\/de\/wp-content\/uploads\/2022\/02\/Vakuum-power-web-500x390.png 500w, https:\/\/vitasane.it\/de\/wp-content\/uploads\/2022\/02\/Vakuum-power-web.png 1856w\" sizes=\"(max-width: 534px) 100vw, 534px\" \/><\/p>\n<h3 style=\"text-align: center\"><strong><span style=\"vertical-align: inherit\"><span style=\"vertical-align: inherit\">PRODUKTVIDEO<\/span><\/span><\/strong><\/h3>\n<p><a href=\"https:\/\/www.youtube.com\/watch?v=mlaGf5gX6FU\" target=\"_blank\" rel=\"noopener noreferrer\"><img loading=\"lazy\" decoding=\"async\" class=\"aligncenter wp-image-4616\" src=\"http:\/\/vitasane.it\/de\/wp-content\/uploads\/2015\/06\/youtube_logo.jpg\" alt=\"youtube_logo\" width=\"40\" height=\"40\" \/><\/a><\/p>\n<p style=\"text-align: left;padding-left: 120px\"><span style=\"vertical-align: inherit\"><div class=\"row-fluid\"><\/div><\/span><\/p>\n<p style=\"text-align: left;padding-left: 150px\"><span style=\"vertical-align: inherit\"><div class=\"row-fluid\"><\/div><\/span><\/p>\n<p style=\"text-align: left;padding-left: 120px\"><span style=\"vertical-align: inherit\"><div class=\"row-fluid\"><\/div><\/span><\/p>\n<p style=\"text-align: left;padding-left: 150px\"><span style=\"vertical-align: inherit\"><div class=\"row-fluid\"><\/div><\/span><\/p>\n<h2 style=\"text-align: center\"><a href=\"https:\/\/vitasane.it\/de\/vakuum-verpackungsmaschinen-gastro-kammervakuum\/\"><span style=\"vertical-align: inherit\"><span style=\"vertical-align: inherit\">GASTRO KAMMERVAKUUM<\/span><\/span><\/a><a href=\"https:\/\/vitasane.it\/de\/vakuum-verpackungsmaschinen-gastro-kammervakuum\/\"><br \/><img loading=\"lazy\" decoding=\"async\" class=\"aligncenter wp-image-9315 \" src=\"https:\/\/vitasane.it\/de\/wp-content\/uploads\/2022\/04\/2_Gastro-Kammervakuum-300x234.png\" alt=\"\" width=\"488\" height=\"381\" srcset=\"https:\/\/vitasane.it\/de\/wp-content\/uploads\/2022\/04\/2_Gastro-Kammervakuum-300x234.png 300w, https:\/\/vitasane.it\/de\/wp-content\/uploads\/2022\/04\/2_Gastro-Kammervakuum-1024x798.png 1024w, https:\/\/vitasane.it\/de\/wp-content\/uploads\/2022\/04\/2_Gastro-Kammervakuum-768x598.png 768w, https:\/\/vitasane.it\/de\/wp-content\/uploads\/2022\/04\/2_Gastro-Kammervakuum-1536x1197.png 1536w, https:\/\/vitasane.it\/de\/wp-content\/uploads\/2022\/04\/2_Gastro-Kammervakuum-500x390.png 500w, https:\/\/vitasane.it\/de\/wp-content\/uploads\/2022\/04\/2_Gastro-Kammervakuum.png 1856w\" sizes=\"(max-width: 488px) 100vw, 488px\" \/><\/a><\/h2>\n<p><span style=\"vertical-align: inherit\"><span style=\"vertical-align: inherit\"><span style=\"vertical-align: inherit\"><span style=\"vertical-align: inherit\"><\/div> <\/span><\/span><\/span><\/span><br \/><span style=\"vertical-align: inherit\"><span style=\"vertical-align: inherit\"><span style=\"vertical-align: inherit\"><span style=\"vertical-align: inherit\"><div class=\"span6\"><\/span><\/span><\/span><\/span><\/p>\n<p><span style=\"vertical-align: inherit\"><span style=\"vertical-align: inherit\">Schnelligkeit, Sicherheit, Lautlosigkeit, Garantie aller Eigenschaften, die Vitasane-Ger\u00e4te auszeichnen. <\/span><\/span><strong><span style=\"vertical-align: inherit\"><span style=\"vertical-align: inherit\">VITASANE POWER VAKUUM<\/span><\/span><\/strong><span style=\"vertical-align: inherit\"><span style=\"vertical-align: inherit\"> ist das richtige Vakuumger\u00e4t sowohl f\u00fcr den Haushalt als auch f\u00fcr den professionellen Gebrauch. Das Geh\u00e4use aus Edelstahl AISI 316 eignet sich hervorragend f\u00fcr die hochqualitative h\u00e4usliche und professionelle K\u00fcche.\u00a0<\/span><\/span><strong><span style=\"vertical-align: inherit\"><span style=\"vertical-align: inherit\">VITASANE POWER VAKUUM<\/span><\/span><\/strong><span style=\"vertical-align: inherit\"><span style=\"vertical-align: inherit\">\u00a0ist \u00e4u\u00dferst robust und garantiert h\u00f6chste Leistungen.<\/span><\/span><a href=\"http:\/\/vitasane.it\/de\/?page_id=5151&amp;preview=true\"><span style=\"vertical-align: inherit\"><span style=\"vertical-align: inherit\">Weiterlesen<\/span><\/span><\/a><\/p>\n<p><a href=\"http:\/\/vitasane.it\/kontakt\/\"><span style=\"vertical-align: inherit\"><span style=\"vertical-align: inherit\">Produkt Anfrage : Kontaktieren Sie uns jetzt!<\/span><\/span><\/a><\/p>\n<p><span style=\"vertical-align: inherit\"><span style=\"vertical-align: inherit\">Alle Zubeh\u00f6r Teile sind in unserem <\/span><\/span><strong><a href=\"http:\/\/vitasane.it\/produkt-kategorie\/vakuum-zubehoer\/\"><span style=\"vertical-align: inherit\"><span style=\"vertical-align: inherit\">Shop<\/span><\/span><\/a><\/strong><span style=\"vertical-align: inherit\"><span style=\"vertical-align: inherit\"> verf\u00fcgbar.<\/span><\/span><\/p>\n<p style=\"text-align: left\"><span style=\"vertical-align: inherit\"><span style=\"vertical-align: inherit\">\u2014\u2014\u2014\u2014\u2014\u2014\u2014\u2014\u2014\u2014\u2014\u2014\u2014\u2014\u2014\u2014\u2014\u2014\u2014\u2014\u2014\u2014\u2014<\/span><\/span><\/p>\n<p style=\"text-align: left;padding-left: 120px\"><a href=\"http:\/\/vitasane.it\/vitasane-sous-vide-thermostat\/\"><img loading=\"lazy\" decoding=\"async\" class=\"alignleft wp-image-9408\" src=\"https:\/\/vitasane.it\/de\/wp-content\/uploads\/2022\/07\/benannt-1-300x224.png\" alt=\"\" width=\"214\" height=\"160\" srcset=\"https:\/\/vitasane.it\/de\/wp-content\/uploads\/2022\/07\/benannt-1-300x224.png 300w, https:\/\/vitasane.it\/de\/wp-content\/uploads\/2022\/07\/benannt-1-768x573.png 768w, https:\/\/vitasane.it\/de\/wp-content\/uploads\/2022\/07\/benannt-1-500x373.png 500w, https:\/\/vitasane.it\/de\/wp-content\/uploads\/2022\/07\/benannt-1-800x600.png 800w, https:\/\/vitasane.it\/de\/wp-content\/uploads\/2022\/07\/benannt-1.png 900w\" sizes=\"(max-width: 214px) 100vw, 214px\" \/><\/a><\/p>\n<p style=\"text-align: left;padding-left: 120px\"><span style=\"vertical-align: inherit\"><div class=\"row-fluid\"><\/div><\/span><\/p>\n<p style=\"text-align: left;padding-left: 150px\"><span style=\"vertical-align: inherit\"><div class=\"row-fluid\"><\/div><\/span><\/p>\n<h2 style=\"text-align: left;padding-left: 110px\"><a href=\"http:\/\/vitasane.it\/vitasane-sous-vide-thermostat\/\"><strong><span style=\"vertical-align: inherit\"><span style=\"vertical-align: inherit\">VAKUUMTHERMOSTAT<img loading=\"lazy\" decoding=\"async\" class=\"wp-image-9400  alignleft\" src=\"https:\/\/vitasane.it\/de\/wp-content\/uploads\/2022\/07\/sovide-300x234.png\" alt=\"\" width=\"441\" height=\"344\" \/><\/span><\/span><\/strong><\/a><\/h2>\n<p style=\"text-align: left;padding-left: 120px\"><span style=\"vertical-align: inherit\"><span style=\"vertical-align: inherit\"><\/div><\/div> <\/span><\/span><br \/><span style=\"vertical-align: inherit\"><span style=\"vertical-align: inherit\"><\/div><\/section><\/span><\/span><span style=\"vertical-align: inherit\"><span style=\"vertical-align: inherit\"><section class=\"section  swatch-inverted \"><div class=\"container\"><div class=\"section-header\"><h2 class=\"headline text-caps\">CUISILUX - eine Zauberin in der K\u00fcche<\/h2><\/div><\/span><\/span><br \/><span style=\"vertical-align: inherit\"><span style=\"vertical-align: inherit\"><div class=\"row-fluid\"><\/span><\/span><br \/><span style=\"vertical-align: inherit\"><span style=\"vertical-align: inherit\"><div class=\"span6\"><\/span><\/span><\/p>\n<p><img loading=\"lazy\" decoding=\"async\" class=\"aligncenter wp-image-11227 size-full\" src=\"https:\/\/vitasane.it\/de\/wp-content\/uploads\/2024\/03\/cuisilux-seite-2.png\" alt=\"\" width=\"751\" height=\"500\" srcset=\"https:\/\/vitasane.it\/de\/wp-content\/uploads\/2024\/03\/cuisilux-seite-2.png 751w, https:\/\/vitasane.it\/de\/wp-content\/uploads\/2024\/03\/cuisilux-seite-2-300x200.png 300w, https:\/\/vitasane.it\/de\/wp-content\/uploads\/2024\/03\/cuisilux-seite-2-500x333.png 500w\" sizes=\"(max-width: 751px) 100vw, 751px\" \/><\/p>\n<h3 style=\"text-align: center\"><strong><span style=\"vertical-align: inherit\"><span style=\"vertical-align: inherit\">PRODUKTVIDEO<\/span><\/span><\/strong><\/h3>\n<h3 style=\"text-align: center\"><a href=\"https:\/\/youtu.be\/LEFCfyX4Uyo\" target=\"_blank\" rel=\"noopener noreferrer\"><img loading=\"lazy\" decoding=\"async\" class=\"alignnone wp-image-4616\" src=\"http:\/\/vitasane.it\/de\/wp-content\/uploads\/2015\/06\/youtube_logo.jpg\" alt=\"youtube_logo\" width=\"40\" height=\"40\" \/><\/a><\/h3>\n<p><span style=\"vertical-align: inherit\"><span style=\"vertical-align: inherit\"><span style=\"vertical-align: inherit\"><span style=\"vertical-align: inherit\"><\/div> <\/span><\/span><\/span><\/span><br \/><span style=\"vertical-align: inherit\"><span style=\"vertical-align: inherit\"><span style=\"vertical-align: inherit\"><span style=\"vertical-align: inherit\"><div class=\"span6\"><\/span><\/span><\/span><\/span><\/p>\n<p><span style=\"vertical-align: inherit\"><span style=\"vertical-align: inherit\">Die <\/span><\/span><strong><span style=\"vertical-align: inherit\"><span style=\"vertical-align: inherit\">CUISILUX K\u00fcchenmaschine<\/span><\/span><\/strong><span style=\"vertical-align: inherit\"><span style=\"vertical-align: inherit\"> ist klein, handlich, einfach in der Bedienung und genial durchdacht. Sie besitzt ein verchromtes Geh\u00e4use und ist leicht zu reinigen. Das Bio-Universalger\u00e4t besitzt ein Doppelschlagmesser mit Diamantschliff, verschiedene Reibe- und Schneidescheiben f\u00fcr Obst und Gem\u00fcse, einen Entsafter mit Zitruspresse und nat\u00fcrlich eine wertvolle Getreidem\u00fchle, welche auch fetthaltige Saaten mahlt.<\/span><\/span><\/p>\n<p>Die <strong>CUISILUX K\u00fcchenmaschine<\/strong> ersetzt mehrere Ger\u00e4te, die erstens teuer sind und zweitens viel Platz wegnehmen. Warum also kompliziert, wenn es auch viel einfacher und g\u00fcnstiger geht. Egal was sie zubereiten, mit diesem Bio-Universalger\u00e4t werden sie viel Zeit sparen und sie k\u00f6nnen ihrer Fantasie bei der Zubereitung unz\u00e4hliger Speisen freien Lauf lassen.<\/p>\n<p>Das Bio-Universalger\u00e4t ist eine Zauberin in Ihrer K\u00fcche. Mit unserem Bio-Universalger\u00e4t haben sie jetzt auch das richtige Werkzeug in der Hand, mit dem ihnen die Zubereitung der Speisen richtig Freude machen wird! <a href=\"http:\/\/vitasane.it\/kontakt\/\">Produkt Anfrage : Kontaktieren Sie uns jetzt!<\/a><\/p>\n<p>Alle Zubeh\u00f6r Teile sind in unserem <strong><a href=\"\/produkt-kategorie\/cuisilux-zubehoer\/\">Shop<\/a><\/strong> verf\u00fcgbar.<\/p>\n<\/div><\/div><\/div><\/section>\n<section class=\"section  swatch-normal \"><div class=\"container\"><div class=\"section-header\"><h2 class=\"headline text-caps\">VITASANE - Das Garsystem<\/h2><\/div><div class=\"row-fluid\"><div class=\"span6\"><a href=\"https:\/\/vitasane.it\/garsystem\/\"><img loading=\"lazy\" decoding=\"async\" class=\"aligncenter wp-image-3788 \" src=\"https:\/\/vitasane.it\/de\/wp-content\/uploads\/2015\/06\/Kochtopfset1.png\" alt=\"\" width=\"470\" height=\"493\" srcset=\"https:\/\/vitasane.it\/de\/wp-content\/uploads\/2015\/06\/Kochtopfset1.png 709w, https:\/\/vitasane.it\/de\/wp-content\/uploads\/2015\/06\/Kochtopfset1-286x300.png 286w\" sizes=\"(max-width: 470px) 100vw, 470px\" \/><\/a><\/div><div class=\"span6\">\n<p>Das speziell entwickelte Kochset eignet sich f\u00fcr Gas-, Elektro- Ceran-, und Induktionsherde Salzarmes, fettloses Garen Vitaminschonendes, wasserarmes Garen Erhalten von Geschmack und N\u00e4hrstoffe beim Garen Energiesparend und l\u00e4ngeres Warmhalten der Speisen 18\/10 Chrom-Nickelstahl f\u00fcr zus\u00e4tzliche St\u00e4rke und leichte Reinigung Lebenslange Qualit\u00e4tsgarantie.<\/p>\n<p><strong>Die richtige Zubereitung<\/strong><\/p>\n<p>Zu langes Kochen bei hohen Temperaturen, die Einwirkung von Sauerstoff und Licht k\u00f6nnen Vitamine zerst\u00f6ren. Da viele Vitamine und Mineralstoffe wasserl\u00f6slich sind, fu\u0308hrt der zu lange Kontakt mit Wasser zu Verlusten, das Gemu\u0308se wird \u201eausgelaugt\u201c. Durch die richtige Zubereitung kann dies verhindert werden.<\/p>\n<p>Mehr zum <strong><a href=\"\/garsystem\/\">Vitasane-Garsystem<\/a><\/strong><\/p>\n<\/div><\/div><\/div><\/section>\n<section class=\"section  swatch-inverted \"><div class=\"container\"><div class=\"section-header\"><h2 class=\"headline text-caps\">F\u00fcr die Reinigung<\/h2><\/div><div class=\"row-fluid\"><div class=\"span6\">\n<h2 class=\"white_text\" style=\"text-align: center\"><span class=\"blue_text\">Digital Vapor<\/span><br \/>Die Intelligente Dampfreinigung<\/h2>\n<p><a href=\"https:\/\/vitasane.it\/de\/digital-vapor-2\/\"><img loading=\"lazy\" decoding=\"async\" class=\"aligncenter wp-image-9788\" src=\"https:\/\/vitasane.it\/de\/wp-content\/uploads\/2023\/06\/digital-vapor-top.png\" alt=\"\" width=\"430\" height=\"522\" \/><\/a><\/p>\n<h3>Wir machen Dampf\u2026\u00a0 \u00a0<a href=\"https:\/\/vitasane.it\/de\/digital-vapor-2\/\">Weiterlesen<\/a><\/h3>\n<\/div><div class=\"span6\">\n<p style=\"text-align: left\">Unser Reinigungs-Sortiment bietet eine reiche Auswahl an <strong>hochwertigen und praktischen Haushaltswaren<\/strong>, die den Alltag zu Hause einfacher und angenehmer machen. Die Produkte unterscheiden sich von herk\u00f6mmlichen Haushaltswaren durch h\u00f6chste Qualit\u00e4t und Funktionalit\u00e4t.<\/p>\n<p style=\"text-align: left\">Alle Reinigungs-Produkte finden Sie im <strong><a href=\"http:\/\/vitasane.it\/produkt-kategorie\/reinigung\/\">Shop<\/a><a href=\"http:\/\/vitasane.it\/produkt-kategorie\/reinigung\/\"><img loading=\"lazy\" decoding=\"async\" class=\"alignnone wp-image-3773\" src=\"https:\/\/vitasane.it\/de\/wp-content\/uploads\/2015\/06\/putzstein-300x200.png\" alt=\"\" width=\"450\" height=\"300\" srcset=\"https:\/\/vitasane.it\/de\/wp-content\/uploads\/2015\/06\/putzstein-300x200.png 300w, https:\/\/vitasane.it\/de\/wp-content\/uploads\/2015\/06\/putzstein.png 600w\" sizes=\"(max-width: 450px) 100vw, 450px\" \/><\/a><\/strong><\/p>\n<\/div><\/div><\/div><\/section>\n<section class=\"section  swatch-normal \"><div class=\"container\"><div class=\"section-header\"><h2 class=\"headline text-caps\">MOBILMAX, das B\u00fcgelsystem das zum M\u00f6belst\u00fcck wird.<\/h2><\/div><div class=\"row-fluid\"><div class=\"span6\"><a href=\"https:\/\/vitasane.it\/de\/wp-content\/uploads\/2025\/10\/image-12.png\" target=\"_blank\" rel=\"noopener noreferrer\"><img loading=\"lazy\" decoding=\"async\" class=\"alignleft wp-image-11971 size-full\" src=\"https:\/\/vitasane.it\/de\/wp-content\/uploads\/2025\/10\/image-12.png\" alt=\"\" width=\"768\" height=\"753\" srcset=\"https:\/\/vitasane.it\/de\/wp-content\/uploads\/2025\/10\/image-12.png 768w, https:\/\/vitasane.it\/de\/wp-content\/uploads\/2025\/10\/image-12-300x294.png 300w, https:\/\/vitasane.it\/de\/wp-content\/uploads\/2025\/10\/image-12-500x490.png 500w\" sizes=\"(max-width: 768px) 100vw, 768px\" \/><\/a><\/p>\n<p style=\"padding-left: 130px\">\u00a0<\/p>\n<p style=\"padding-left: 130px\"><span style=\"vertical-align: inherit\">\u00a0 <\/span><\/p>\n<p>\u00a0<\/p>\n<p style=\"padding-left: 130px\"><span style=\"vertical-align: inherit\"><a href=\"https:\/\/youtu.be\/bLay3Qe1X44\" class=\"btn btn-info  \" target=\"_blank\">Produktvideo<\/a><strong>\u00a0 \u00a0<\/strong><a href=\"https:\/\/vitasane.it\/de\/wp-content\/uploads\/2025\/10\/mobilmax-catalogo-DE.pdf\" class=\"btn btn-info  \" target=\"_blank\"> KATALOG <\/a><\/span><\/p>\n<p style=\"padding-left: 120px\">\u00a0 \u00a0<\/div>\n<div class=\"span6\">\n<p><strong>Mobilmax Ist ein B\u00fcgelbrett mit beheiztem Oberteil,\u00a0Ansaugung und Gebl\u00e4se, das zu einem\u00a0modernen Schrank mit einziehbaren R\u00e4dern wird.<\/strong><\/p>\n<p>Das professionelle Brett beseitigt die Dampf- und Geruchsbildung beim B\u00fcgeln, die Bildung von Kondenswasser und das daraus resultierende Tropfen unter dem Brett; die W\u00e4sche ist gut geb\u00fcgelt und auf beiden Seiten trocken. Ihre Arbeit wird pr\u00e4zise und schnell: Mit dem Absaugen bleiben die Stoffe auf der Arbeitsfl\u00e4che und vermeiden Falten, w\u00e4hrend das Gebl\u00e4se die empfindlichsten Stoffe, bequemen durch eine automatische Steuerung, anhebt.<\/p>\n<h4><strong>Praktisch:<\/strong><\/h4>\n<p>Einfach zu \u00f6ffnen und zu schlie\u00dfen, ohne sich dabei b\u00fccken zu m\u00fcssen, der Mobilmax kann Ihr B\u00fcgeleisen und vieles mehr verstauen. In ge\u00f6ffnetem Zustand bietet er einen sicheren Halt f\u00fcr Ihr Dampfger\u00e4t, ein komfortables Staufach und sein B\u00fcgeltisch ist sicher und stabil. Einmal geschlossen, l\u00e4sst er sich dank seiner Gummir\u00e4der leicht transportieren und besch\u00e4digt den Boden nicht.<\/p>\n<h4><strong>Vielseitig einsetzbar:<\/strong><\/h4>\n<p>Es kann mit Ihrem B\u00fcgeleisen verwendet werden oder auf Wunsch komplett mit professionellem B\u00fcgeleisen mit Kessel mit unbegrenzter Autonomie geliefert werden, so dass es zu einer echten Bergstation wird, die immer einsatzbereit ist, ohne dass das B\u00fcgeleisen st\u00e4ndig herauszunehmen und anschlie\u00dfend zu verstauen. Eine komfortable \u00c4rmelbrett und Kleiderb\u00fcgel Halter vervollst\u00e4ndigen den Mobilmax und machen ihn einzigartig. \u00a0\u00a0 \u00a0\u00a0 \u00a0\u00a0 \u00a0\u00a0<\/p>\n<p><a href=\"http:\/\/vitasane.it\/kontakt\/\">Produkt Anfrage: Kontaktieren Sie uns jetzt!<\/a><\/p>\n<\/div><\/div><\/div><\/section>\n<section class=\"section  swatch-inverted \"><div class=\"container\"><div class=\"section-header\"><h2 class=\"headline text-caps\">Massageliege<\/h2><\/div><div class=\"row-fluid\"><div class=\"span6\"><img loading=\"lazy\" decoding=\"async\" class=\"aligncenter size-full wp-image-3775\" src=\"http:\/\/vitasane.it\/de\/wp-content\/uploads\/2015\/06\/liege.png\" alt=\"liege\" width=\"768\" height=\"488\" srcset=\"https:\/\/vitasane.it\/de\/wp-content\/uploads\/2015\/06\/liege.png 768w, https:\/\/vitasane.it\/de\/wp-content\/uploads\/2015\/06\/liege-300x191.png 300w\" sizes=\"(max-width: 768px) 100vw, 768px\" \/><\/div><div class=\"span6\">\n<p><strong>Geniessen Sie zu Hause eine Massage nach Ihren Bed\u00fcrfnissen:<\/strong><\/p>\n<p>Gezielte Entlastung f\u00fcr Problemzonzen und wirkungsvolle Massage f\u00fcr den K\u00f6rper. Rollenmassage und Kompressionsmassage sind kombiniert f\u00fcr umfassende Massage zur Lockerung der R\u00fcckenmuskulatur durch 24 Massage &#8211; Elementen. Kopfmassage und oszillierende Massage f\u00fcr 4 K\u00f6rperzonen. Programmierte und stimulierende Ganzk\u00f6rpermassage. 6 Massageprogramme. Ideale K\u00f6rperanpassung und perfekte St\u00fctzwirkung durch ergonomisches Design.<\/p>\n<p>Mit der <strong>VITASANE Massage-Liegematte<\/strong> k\u00f6nnen Sie eine Luxus-Massage direkt zu Hause geniessen.<\/p>\n<p>Laden Sie sich unser <strong><a href=\"http:\/\/www.vitasane.it\/pdf\/sanaplus-prospekt.pdf\" target=\"_blank\" rel=\"noopener noreferrer\">SanaPlus Prospekt<\/a><\/strong> herunter oder besuchen Sie die <strong><a href=\"\/produkt\/massageliege\/\" target=\"_blank\" rel=\"noopener noreferrer\">Shop<\/a><\/strong> Seite.<\/p>\n<\/div><\/div><\/div><\/section>\n<section class=\"section  swatch-normal \"><div class=\"container\"><div class=\"section-header\"><h2 class=\"headline text-caps\">Matratzen &amp; <strong>Lattenrost<\/strong><\/h2><\/div>\n<h3 style=\"text-align: center\"><strong>\u2026 F\u00fcr ein v\u00f6llig neues Schlafvergn\u00fcgen<\/strong><\/h3>\n<div class=\"row-fluid\"><div class=\"span6\">\n<p><img loading=\"lazy\" decoding=\"async\" class=\"aligncenter wp-image-4075\" src=\"http:\/\/vitasane.it\/de\/wp-content\/uploads\/2015\/06\/matratzen-ipoh.jpg\" alt=\"matratzen ipoh\" width=\"668\" height=\"445\" srcset=\"https:\/\/vitasane.it\/de\/wp-content\/uploads\/2015\/06\/matratzen-ipoh.jpg 800w, https:\/\/vitasane.it\/de\/wp-content\/uploads\/2015\/06\/matratzen-ipoh-300x200.jpg 300w, https:\/\/vitasane.it\/de\/wp-content\/uploads\/2015\/06\/matratzen-ipoh-768x512.jpg 768w\" sizes=\"(max-width: 668px) 100vw, 668px\" \/><\/p>\n<\/div><div class=\"span6\">\n<p><strong>Matratzen:<\/strong> Ein Drittel unseres Lebens verbringen wir im Schlaf. In dieser Zeit sollten sich K\u00f6rper, Geist und Seele erholen und neue Kr\u00e4fte f\u00fcr die Herausforderungen des n\u00e4chsten Tages gesammelt werden. Immer mehr Menschen leiden jedoch unter den Folgen qu\u00e4lender Schlafst\u00f6rungen. Die spezielle Latexmatratze von ist ein wesentlicher Baustein daf\u00fcr, dass die Ursache f\u00fcr R\u00fcckenschmerzen und schlechten Schlaf behoben werden. Die Matratze kann aber noch mehr: Sie wird ihnen ein v\u00f6llig neues Schlafvergn\u00fcgen bereiten.<\/p>\n<p>Unsere neue Matratze bietet eine essentielle Funktion und automatische Unterst\u00fctzung w\u00e4hrend des n\u00e4chtlichen Schlafs und unterst\u00fctzt das Ausruhen der Muskulatur und Wirbels\u00e4ule. Die aus L\u00f6cher bestehende Struktur mit starren Zonen und Luftkan\u00e4len erm\u00f6glicht der Matratze sich optimal dem K\u00f6rper anzupassen. Der waschbare \u00dcberzug garantiert absoluten Komfort und maximale Hygiene.\u00a0\u00a0<a href=\"http:\/\/vitasane.it\/matratzen-lattenrost\/\">Weiterlesen<\/a><\/p>\n<p><a href=\"http:\/\/vitasane.it\/kontakt\/\">Produkt Anfrage : Kontaktieren Sie uns jetzt!<\/a><\/p>\n<\/div>\n<\/div><\/div><\/section>\n<section class=\"section  swatch-normal \"><div class=\"container\"><div class=\"section-header\"><h2 class=\"headline text-caps\">Betten &amp; Kissen<\/h2><\/div><div class=\"row-fluid\"><div class=\"span6\"><img loading=\"lazy\" decoding=\"async\" class=\"aligncenter wp-image-4316\" src=\"http:\/\/vitasane.it\/de\/wp-content\/uploads\/2015\/06\/1clima_med_up.png\" alt=\"1clima_med_up\" width=\"500\" height=\"405\" srcset=\"https:\/\/vitasane.it\/de\/wp-content\/uploads\/2015\/06\/1clima_med_up.png 629w, https:\/\/vitasane.it\/de\/wp-content\/uploads\/2015\/06\/1clima_med_up-300x243.png 300w\" sizes=\"(max-width: 500px) 100vw, 500px\" \/><br \/><\/div><div class=\"span6\">\n<p><strong>Betten:<\/strong> Wurde in Zusammenarbeit mit Daunenstep entwickelt und bietet Vorteile der nat\u00fcrlichen Feder und die Qualit\u00e4t der Innovation des Klima &#8211; Systems . Die \u00fcbersch\u00fcssige Feuchtigkeit wird drei Mal so schnell nach au\u00dfen gef\u00f6rdert und es wird eine ideale K\u00f6rpertemperaturregulation f\u00fcr einen erholsamen Schlaf garantiert.\u00a0\u00a0<a href=\"http:\/\/vitasane.it\/clima-med\/\">Weiterlesen<\/a><\/p>\n<div class=\"row-fluid\"><\/div>\n<div class=\"row-fluid\"><\/div>\n<p><strong>Kissen:<\/strong> Der Schlaf beginnt beim Kopf Das ergonomische Kissen wirkt Wunder. Dank der korrekten Position von Kopf und Hals werden Muskelverspannungen im Nacken w\u00e4hrend des Schlafes vermieden. Dass Kissen passt sich der jeweiligen K\u00f6rperformen an, vermeidet Druckstellen und f\u00f6rdert die Durchblutung. \u00a0<a href=\"http:\/\/vitasane.it\/kissen\/\">Weiterlesen<\/a><\/p>\n<p><a href=\"http:\/\/vitasane.it\/kontakt\/\">Produkt Anfrage : Kontaktieren Sie uns jetzt!<\/a><\/p>\n<\/div><\/div><\/div><\/section>\n\n\n\n","protected":false},"excerpt":{"rendered":"","protected":false},"author":1,"featured_media":0,"parent":0,"menu_order":0,"comment_status":"closed","ping_status":"closed","template":"","meta":{"footnotes":""},"_links":{"self":[{"href":"https:\/\/vitasane.it\/de\/wp-json\/wp\/v2\/pages\/1164"}],"collection":[{"href":"https:\/\/vitasane.it\/de\/wp-json\/wp\/v2\/pages"}],"about":[{"href":"https:\/\/vitasane.it\/de\/wp-json\/wp\/v2\/types\/page"}],"author":[{"embeddable":true,"href":"https:\/\/vitasane.it\/de\/wp-json\/wp\/v2\/users\/1"}],"replies":[{"embeddable":true,"href":"https:\/\/vitasane.it\/de\/wp-json\/wp\/v2\/comments?post=1164"}],"version-history":[{"count":223,"href":"https:\/\/vitasane.it\/de\/wp-json\/wp\/v2\/pages\/1164\/revisions"}],"predecessor-version":[{"id":12016,"href":"https:\/\/vitasane.it\/de\/wp-json\/wp\/v2\/pages\/1164\/revisions\/12016"}],"wp:attachment":[{"href":"https:\/\/vitasane.it\/de\/wp-json\/wp\/v2\/media?parent=1164"}],"curies":[{"name":"wp","href":"https:\/\/api.w.org\/{rel}","templated":true}]}}