{"id":3424,"date":"2015-09-15T13:48:23","date_gmt":"2015-09-15T11:48:23","guid":{"rendered":"http:\/\/vitasane.it\/de\/?page_id=3424"},"modified":"2026-02-23T14:44:37","modified_gmt":"2026-02-23T13:44:37","slug":"haendler","status":"publish","type":"page","link":"https:\/\/vitasane.it\/de\/haendler\/","title":{"rendered":"H\u00e4ndler-Jobs &amp; Karrieren"},"content":{"rendered":"<section class=\"section  swatch-normal \"><div class=\"container\">\n<h2 style=\"text-align: center\">Sie bestimmen Ihren Kurs bei Vitasane<\/h2>\n<p><img loading=\"lazy\" decoding=\"async\" class=\"aligncenter wp-image-4813 \" src=\"http:\/\/vitasane.it\/de\/wp-content\/uploads\/2015\/09\/Karriere-Vitasane.jpeg\" alt=\"Karriere Vitasane\" width=\"770\" height=\"328\" srcset=\"https:\/\/vitasane.it\/de\/wp-content\/uploads\/2015\/09\/Karriere-Vitasane.jpeg 940w, https:\/\/vitasane.it\/de\/wp-content\/uploads\/2015\/09\/Karriere-Vitasane-500x213.jpeg 500w, https:\/\/vitasane.it\/de\/wp-content\/uploads\/2015\/09\/Karriere-Vitasane-300x128.jpeg 300w, https:\/\/vitasane.it\/de\/wp-content\/uploads\/2015\/09\/Karriere-Vitasane-768x327.jpeg 768w\" sizes=\"(max-width: 770px) 100vw, 770px\" \/><\/p>\n<div style=\"text-align: center;margin-bottom: 60px\">\n<h2 style=\"margin: 0px 0px 18px;padding: 0px;border: 0px;font-size: 24px;vertical-align: baseline;color: #e2001a;font-weight: normal;font-family: Georgia, Times, sans-serif;text-align: center;background-image: initial;background-attachment: initial;background-size: initial;background-position: initial\"><span style=\"color: #333333;font-family: Georgia, 'Times New Roman', 'Bitstream Charter', Times, serif;font-size: 16px;line-height: 1.5\"><div class=\"row-fluid\"><\/div><\/span><\/h2>\n<h2>Ihre Chance liegt in Ihren H\u00e4nden!<\/h2>\n<p class=\"white_text\"><a href=\"https:\/\/vitasane.it\/de\/digital-vapor-2\/\"><img loading=\"lazy\" decoding=\"async\" class=\"alignnone size-medium wp-image-12113\" src=\"https:\/\/vitasane.it\/de\/wp-content\/uploads\/2026\/02\/Unbenannt-300x115.png\" alt=\"\" width=\"300\" height=\"115\" \/><\/a><br \/>\n<strong>Die Intelligente Dampfreinigung<\/strong><\/p>\n<h2 style=\"margin: 0px 0px 18px;padding: 0px;border: 0px;font-size: 24px;vertical-align: baseline;color: #e2001a;font-weight: normal;font-family: Georgia, Times, sans-serif;text-align: left;background-image: initial;background-attachment: initial;background-size: initial;background-position: initial\"><span style=\"color: #333333;font-family: Georgia, 'Times New Roman', 'Bitstream Charter', Times, serif;font-size: 16px;line-height: 1.5\"><div class=\"row-fluid\"><\/div><\/span><\/h2>\n<h2>Werden Sie Vertriebspartner<\/h2>\n<p><strong>Sind Sie bereit, ein profitables Unterfangen zu wagen?\u00a0<\/strong><\/p>\n<p>Werden Sie Vertriebspartner unseres hochwertigen Dampfreinigers und werden Sie Teil einer florierenden Branche.\u00a0Mit attraktiven Verdienstm\u00f6glichkeiten und einem bew\u00e4hrten Produkt<\/p>\n<p>ist dies Ihre Chance, ein erfolgreiches Unternehmen aufzubauen.\u00a0Warten Sie nicht, nutzen Sie diese Gelegenheit und kontaktieren Sie uns jetzt, um Digital Vapor-Distributor zu werden!<\/p>\n<p style=\"text-align: left\"><strong>WAS BIETEN\u00a0WIR?<\/strong><\/p>\n<p style=\"text-align: left\"><strong>\u2022<\/strong> Sie sind selbst\u00e4ndig, f\u00fchren Ihr eigenes Gesch\u00e4ft und arbeiten in Ihrem Bezirk, bzw. in Ihrem Bundesland.<\/p>\n<p style=\"text-align: left\"><strong>\u2022<\/strong> Sie arbeiten in einem Beruf mit flexiblen Arbeitszeiten.<\/p>\n<p style=\"text-align: left\"><strong>\u2022<\/strong> Sie arbeiten mit einem Gesch\u00e4ftspartner mit hervorragenden Verdienstm\u00f6glichkeiten.<\/p>\n<p style=\"text-align: left\"><strong>\u2022<\/strong> Sie arbeiten mit einem Gesch\u00e4ftspartner zusammen, der auch an Ihrem Erfolg und beruflichen Karriere interessiert ist.<\/p>\n<p style=\"text-align: left\"><strong>\u2022<\/strong> Sie werden Ihr eigener Chef oder Ihre eigene Chefin sein.<\/p>\n<p style=\"text-align: left\"><strong>\u2022<\/strong> Sie helfen anderen Menschen ges\u00fcnder zu leben, deren Lebensqualit\u00e4t zu verbessern und Geld einzusparen.<\/p>\n<p style=\"text-align: left\"><strong>\u2022<\/strong> Sie k\u00f6nnen mehr Selbstvertrauen gewinnen und neue F\u00e4higkeiten entwickeln.<\/p>\n<p style=\"text-align: left\"><strong>\u2022<\/strong> Sie k\u00f6nnen sich Ihre Arbeitszeit selbst einteilen und haben dadurch mehr Spielraum f\u00fcr Ihr Privatleben.<\/p>\n<p style=\"text-align: left\"><strong>\u2022<\/strong> Sie k\u00f6nnen heute noch anfangen, Ihr Leben selbst in die Hand zu nehmen.<\/p>\n<h2 style=\"margin: 0px 0px 18px;padding: 0px;border: 0px;font-size: 24px;vertical-align: baseline;color: #e2001a;font-weight: normal;font-family: Georgia, Times, sans-serif;text-align: left;background-image: initial;background-attachment: initial;background-size: initial;background-position: initial\"><span style=\"color: #333333;font-family: Georgia, 'Times New Roman', 'Bitstream Charter', Times, serif;font-size: 16px;line-height: 1.5\"><div class=\"row-fluid\"><\/div><\/span><\/h2>\n<h2><strong>Sie sind an einer Zusammenarbeit interessiert?<\/strong><\/h2>\n<h3>Dann f\u00fcllen Sie einfach nachfolgendes Formular aus.<\/h3>\n<p>Wir werden uns umgehend mit Ihnen in Verbindung setzen.<\/p>\n<h3>Rufen Sie uns jederzeit an:<\/h3>\n<h2><strong>+39\/ 0473618047<\/strong><\/h2>\n<p>Vielleicht k\u00f6nnen Sie uns auch einmal besuchen, in unserem Hause k\u00f6nnen wir Ihnen alle Modelle und Zubeh\u00f6rteile vorf\u00fchren.<\/p>\n<p>Au\u00dferdem k\u00f6nnen wir alle M\u00f6glichkeiten einer Zusammenarbeit besprechen.<\/p>\n<p>Auskunft \u00fcber\u00a0Konditionen, k\u00f6nnen wir nur durch Vorlage eines Gewerbenachweises zusenden.<\/p>\n<p>(am besten Gewerbenachweis per Email\u00a0an <a href=\"mailto:info@vitasane.it\">info@vitasane.it<\/a><\/p>\n<p>F\u00fcr alle weiteren Fragen stehen wir\u00a0Ihnen jederzeit gerne zur Verf\u00fcgung!<\/p>\n<p><em><strong>Mit freundlichen Gr\u00fc\u00dfen<\/strong><\/em><br \/>\nAlbert\u00a0Kohler<br \/>\n<span style=\"font-size: xx-small\">(Gesch\u00e4ftsf\u00fchrer)<\/span><\/p>\n<\/div>\n<div style=\"text-align: center;margin-bottom: 60px\">\n<h2>Bewerbungsformular<\/h2>\n<\/div>\n\n<div class=\"wpcf7 no-js\" id=\"wpcf7-f1191-o1\" lang=\"de-DE\" dir=\"ltr\">\n<div class=\"screen-reader-response\"><p role=\"status\" aria-live=\"polite\" aria-atomic=\"true\"><\/p> <ul><\/ul><\/div>\n<form action=\"\/de\/wp-json\/wp\/v2\/pages\/3424#wpcf7-f1191-o1\" method=\"post\" class=\"wpcf7-form init\" aria-label=\"Kontaktformular\" novalidate=\"novalidate\" data-status=\"init\">\n<div style=\"display: none;\">\n<input type=\"hidden\" name=\"_wpcf7\" value=\"1191\" \/>\n<input type=\"hidden\" name=\"_wpcf7_version\" value=\"5.9.8\" \/>\n<input type=\"hidden\" name=\"_wpcf7_locale\" value=\"de_DE\" \/>\n<input type=\"hidden\" name=\"_wpcf7_unit_tag\" value=\"wpcf7-f1191-o1\" \/>\n<input type=\"hidden\" name=\"_wpcf7_container_post\" value=\"0\" \/>\n<input type=\"hidden\" name=\"_wpcf7_posted_data_hash\" value=\"\" \/>\n<\/div>\n<div class=\"row-fluid\">\n\t<div class=\"span6 offset3\">\n\t\t<div class=\"controls controls-row\">\n\t\t\t<div class=\"control-group span6\">\n\t\t\t\t<p><span class=\"wpcf7-form-control-wrap\" data-name=\"vorname\"><input size=\"40\" maxlength=\"400\" class=\"wpcf7-form-control wpcf7-text wpcf7-validates-as-required input-block-level\" aria-required=\"true\" aria-invalid=\"false\" placeholder=\"VORNAME\" value=\"\" type=\"text\" name=\"vorname\" \/><\/span>\n\t\t\t\t<\/p>\n\t\t\t<\/div>\n\t\t\t<div class=\"control-group span6\">\n\t\t\t\t<p><span class=\"wpcf7-form-control-wrap\" data-name=\"nachname\"><input size=\"40\" maxlength=\"400\" class=\"wpcf7-form-control wpcf7-text wpcf7-validates-as-required input-block-level\" aria-required=\"true\" aria-invalid=\"false\" placeholder=\"NACHNAME\" value=\"\" type=\"text\" name=\"nachname\" \/><\/span>\n\t\t\t\t<\/p>\n\t\t\t<\/div>\n\t\t<\/div>\n\t\t<div class=\"controls controls-row\">\n\t\t\t<div class=\"control-group span6\">\n\t\t\t\t<p><span class=\"wpcf7-form-control-wrap\" data-name=\"telefon\"><input size=\"40\" maxlength=\"400\" class=\"wpcf7-form-control wpcf7-text wpcf7-validates-as-required input-block-level\" aria-required=\"true\" aria-invalid=\"false\" placeholder=\"TELEFON\" value=\"\" type=\"text\" name=\"telefon\" \/><\/span>\n\t\t\t\t<\/p>\n\t\t\t<\/div>\n\t\t\t<div class=\"control-group span6\">\n\t\t\t\t<p><span class=\"wpcf7-form-control-wrap\" data-name=\"email\"><input size=\"40\" maxlength=\"400\" class=\"wpcf7-form-control wpcf7-email wpcf7-validates-as-required wpcf7-text wpcf7-validates-as-email input-block-level\" aria-required=\"true\" aria-invalid=\"false\" placeholder=\"EMAIL\" value=\"\" type=\"email\" name=\"email\" \/><\/span>\n\t\t\t\t<\/p>\n\t\t\t<\/div>\n\t\t<\/div>\n\t\t<div class=\"controls controls-row\">\n\t\t\t<div class=\"control-group span12\">\n\t\t\t\t<p><span class=\"wpcf7-form-control-wrap\" data-name=\"betreff\"><input size=\"40\" maxlength=\"400\" class=\"wpcf7-form-control wpcf7-text input-block-level\" aria-invalid=\"false\" placeholder=\"BETREFF\" value=\"\" type=\"text\" name=\"betreff\" \/><\/span>\n\t\t\t\t<\/p>\n\t\t\t<\/div>\n\t\t<\/div>\n\t\t<div class=\"controls controls-row\">\n\t\t\t<div class=\"control-group span12\">\n\t\t\t\t<p><span class=\"wpcf7-form-control-wrap\" data-name=\"nachricht\"><textarea cols=\"40\" rows=\"10\" maxlength=\"2000\" class=\"wpcf7-form-control wpcf7-textarea input-block-level\" aria-invalid=\"false\" placeholder=\"NACHRICHT\" name=\"nachricht\"><\/textarea><\/span>\n\t\t\t\t<\/p>\n\t\t\t<\/div>\n\t\t<\/div>\n\t\t<div class=\"controls controls-row\">\n\t\t\t<div class=\"control-group span12 text-center\">\n\t\t\t\t<p><input class=\"wpcf7-form-control wpcf7-submit has-spinner btn btn-large pull-center swatch-coral\" type=\"submit\" value=\"SENDEN\" \/>\n\t\t\t\t<\/p>\n\t\t\t<\/div>\n\t\t<\/div>\n\t<div class=\"wpcf7-response-output\" aria-hidden=\"true\"><\/div>\n\t<\/div>\n<\/div>\n<\/form>\n<\/div>\n\n<\/div><\/section>\n","protected":false},"excerpt":{"rendered":"","protected":false},"author":2,"featured_media":4813,"parent":0,"menu_order":0,"comment_status":"open","ping_status":"closed","template":"","meta":{"footnotes":""},"_links":{"self":[{"href":"https:\/\/vitasane.it\/de\/wp-json\/wp\/v2\/pages\/3424"}],"collection":[{"href":"https:\/\/vitasane.it\/de\/wp-json\/wp\/v2\/pages"}],"about":[{"href":"https:\/\/vitasane.it\/de\/wp-json\/wp\/v2\/types\/page"}],"author":[{"embeddable":true,"href":"https:\/\/vitasane.it\/de\/wp-json\/wp\/v2\/users\/2"}],"replies":[{"embeddable":true,"href":"https:\/\/vitasane.it\/de\/wp-json\/wp\/v2\/comments?post=3424"}],"version-history":[{"count":199,"href":"https:\/\/vitasane.it\/de\/wp-json\/wp\/v2\/pages\/3424\/revisions"}],"predecessor-version":[{"id":12144,"href":"https:\/\/vitasane.it\/de\/wp-json\/wp\/v2\/pages\/3424\/revisions\/12144"}],"wp:featuredmedia":[{"embeddable":true,"href":"https:\/\/vitasane.it\/de\/wp-json\/wp\/v2\/media\/4813"}],"wp:attachment":[{"href":"https:\/\/vitasane.it\/de\/wp-json\/wp\/v2\/media?parent=3424"}],"curies":[{"name":"wp","href":"https:\/\/api.w.org\/{rel}","templated":true}]}}