{"id":4157,"date":"2016-02-09T20:17:56","date_gmt":"2016-02-09T19:17:56","guid":{"rendered":"http:\/\/vitasane.it\/?page_id=4157"},"modified":"2024-01-31T19:16:32","modified_gmt":"2024-01-31T18:16:32","slug":"clima-med","status":"publish","type":"page","link":"https:\/\/vitasane.it\/de\/clima-med\/","title":{"rendered":"Clima Med"},"content":{"rendered":"<section class=\"section  swatch-normal \"><div class=\"container\"><div class=\"section-header\"><h2 class=\"headline text-caps\">Clima Med<\/h2><\/div>\n<p style=\"text-align: left;padding-left: 30px\">\u2026 ist Wellness-Schlafen mit Wohlf\u00fchl-Effekt!<\/p>\n<p style=\"text-align: center\"><div class=\"row-fluid\">\n<div class=\"span6\"><img loading=\"lazy\" decoding=\"async\" class=\"alignnone wp-image-4167\" src=\"http:\/\/vitasane.it\/de\/wp-content\/uploads\/2016\/02\/Dok1.bmp\" alt=\"Dok1\" width=\"435\" height=\"290\" \/><\/p>\n<p style=\"text-align: center\"><img loading=\"lazy\" decoding=\"async\" class=\"alignleft wp-image-4166\" src=\"http:\/\/vitasane.it\/de\/wp-content\/uploads\/2016\/02\/A.bmp\" alt=\"A\" width=\"435\" height=\"290\" \/><img loading=\"lazy\" decoding=\"async\" class=\"wp-image-4168 alignleft\" src=\"http:\/\/vitasane.it\/de\/wp-content\/uploads\/2016\/02\/Italiano.bmp\" alt=\"Italiano\" width=\"435\" height=\"290\" \/><\/p>\n<\/div>\n<div class=\"span6\">\n<p>In Kooperation mit DaunenStep, einem der f\u00fchrenden italienischen Unternehmen im Bereich von Daunenprodukten, haben wir\u00a0das Wohlf\u00fchlsystem Clima Med entwickelt. Dabei war uns ein Aspekt besonders wichtig: Manchmal sind es die einfachen\u00a0Regeln der Natur, die die gr\u00f6\u00dften Innovationen bewirken. Hauchzarte G\u00e4nsedaunen und das innovative Clima Med halten die Schlaftemperatur im Wohlf\u00fchlbereich. \u00dcbersch\u00fcssige W\u00e4rme und Feuchtigkeit werden durch das einzigartige Klimazonensystem bis zu dreimal schneller abtransportiert.<\/p>\n<p><span class=\"Headline\">&#8230;was habe ich davon?<\/span><\/p>\n<div class=\"row-fluid\"><\/div>\n<p>\u2022 Tiefen, erholsamen Schlaf<\/p>\n<p>\u2022 Bessere Regeneration<\/p>\n<p>\u2022 Harmonie f\u00fcr K\u00f6rper und Seele<\/p>\n<p>\u2022 H\u00f6here Leistungsf\u00e4higkeit am n\u00e4chsten Tag<\/p>\n<p>\u2022 Mehr Fitness am Tag<\/p>\n<p>\u2022 Abwehrkr\u00e4fte und Immunsystem werden gest\u00e4rkt<\/p>\n<p><span class=\"Headline\">&#8230;wie funktioniert das?<br \/>\n<\/span><br \/>\nClima Med ist die nat\u00fcrliche Klimaanlage f\u00fcr das Bett. Die innovativen Klimazonen sorgen f\u00fcr Wohlf\u00fchlklima, denn Temperatur und Betth\u00f6hlenklima bleiben immer in der richtigen Balance.<\/p>\n<h3><\/h3>\n<h3><span class=\"Headline\">Clima Med mit der Wohlf\u00fchl-Formel &#8211; damit der Schlaf zur puren Erholung wird.<\/span><\/h3>\n<div class=\"bycodebox\">\n<p>\u2022 \u00dcbersch\u00fcssige W\u00e4rme und Feuchtigkeit wird zur Vermeidung von Schwitzeffekten abtransportiert<\/p>\n<p>\u2022 Feuchtigkeit steigt mit der W\u00e4rme auf<\/p>\n<p>\u2022 Luftpolster in den Ventilationszonen halten die W\u00e4rme am Schl\u00e4fer konstant<\/p>\n<\/div>\n<h3 style=\"text-align: center\"><\/h3>\n<h3><\/h3>\n<div class=\"bycodebox\">\n<\/div>\n<\/div>\n<\/div><\/section>\n<\/div>\n<div class=\"bycodebox\"><\/div>\n","protected":false},"excerpt":{"rendered":"","protected":false},"author":2,"featured_media":4167,"parent":0,"menu_order":0,"comment_status":"closed","ping_status":"closed","template":"","meta":{"footnotes":""},"_links":{"self":[{"href":"https:\/\/vitasane.it\/de\/wp-json\/wp\/v2\/pages\/4157"}],"collection":[{"href":"https:\/\/vitasane.it\/de\/wp-json\/wp\/v2\/pages"}],"about":[{"href":"https:\/\/vitasane.it\/de\/wp-json\/wp\/v2\/types\/page"}],"author":[{"embeddable":true,"href":"https:\/\/vitasane.it\/de\/wp-json\/wp\/v2\/users\/2"}],"replies":[{"embeddable":true,"href":"https:\/\/vitasane.it\/de\/wp-json\/wp\/v2\/comments?post=4157"}],"version-history":[{"count":114,"href":"https:\/\/vitasane.it\/de\/wp-json\/wp\/v2\/pages\/4157\/revisions"}],"predecessor-version":[{"id":10155,"href":"https:\/\/vitasane.it\/de\/wp-json\/wp\/v2\/pages\/4157\/revisions\/10155"}],"wp:featuredmedia":[{"embeddable":true,"href":"https:\/\/vitasane.it\/de\/wp-json\/wp\/v2\/media\/4167"}],"wp:attachment":[{"href":"https:\/\/vitasane.it\/de\/wp-json\/wp\/v2\/media?parent=4157"}],"curies":[{"name":"wp","href":"https:\/\/api.w.org\/{rel}","templated":true}]}}