{"id":4281,"date":"2016-02-10T17:50:39","date_gmt":"2016-02-10T16:50:39","guid":{"rendered":"http:\/\/vitasane.it\/?page_id=4281"},"modified":"2016-02-10T17:50:39","modified_gmt":"2016-02-10T16:50:39","slug":"kissen","status":"publish","type":"page","link":"https:\/\/vitasane.it\/de\/kissen\/","title":{"rendered":"KISSEN"},"content":{"rendered":"<section class=\"section  swatch-normal \"><div class=\"container\"><div class=\"section-header\"><h2 class=\"headline text-caps\">Kissen \u2013 Saponetta<\/h2><\/div>\n<div class=\"row-fluid\">\n<div class=\"span6\"><img loading=\"lazy\" decoding=\"async\" class=\"aligncenter wp-image-4076\" src=\"http:\/\/vitasane.it\/de\/wp-content\/uploads\/2015\/06\/kissen-ipoh.jpg\" alt=\"kissen ipoh\" width=\"500\" height=\"334\" srcset=\"https:\/\/vitasane.it\/de\/wp-content\/uploads\/2015\/06\/kissen-ipoh.jpg 448w, https:\/\/vitasane.it\/de\/wp-content\/uploads\/2015\/06\/kissen-ipoh-300x200.jpg 300w\" sizes=\"(max-width: 500px) 100vw, 500px\" \/><\/div>\n<div class=\"span6\">\n<p><span class=\"Headline\"><strong>Das Kissen Saponetta<\/strong><br \/>\n<\/span>Atmungsaktiver Schlafkomfort<\/p>\n<p>Das Qualit\u00e4tskissen mit L\u00fcftungskan\u00e4len gew\u00e4hrleistet eine optimale Temperaturregelung und ausgezeichneten Feuchtigkeitstransport.<\/p>\n<p>Das Schlafkissen Saponetta punktet nicht nur durch die gesundheitsf\u00f6rdernde Form, die Ihren Schlaf zum Genusserlebnis werden l\u00e4sst. Das Qualit\u00e4tskissen mit L\u00fcftungskan\u00e4len gew\u00e4hrleistet vor allem eine optimale Temperaturregelung und ausgezeichneten Feuchtigkeitstransport: Die richtige Klimatisierung ist schon deshalb sehr wichtig, da viele Menschen auf gew\u00f6hnlichen Kissen schwitzen.<\/p>\n<p><span class=\"Headline\"><strong>Optimaler Schlafkomfort<\/strong> <\/span><br \/>\nDas Kissen Saponette schafft ein angenehmes Schlafklima und sch\u00fctzt vor dem Gef\u00fchl des unangenehmen \u201eKlebens\u201c. So wird auch eine absolute Hygiene des Betts gew\u00e4hrleistet.<\/div>\n<\/div>\n<\/div><\/section>\n<section class=\"section  swatch-normal \"><div class=\"container\"><div class=\"section-header\"><h2 class=\"headline text-caps\">Kissen \u2013 Ergonomisch<\/h2><\/div>\n<div class=\"row-fluid\">\n<div class=\"span6\"><img loading=\"lazy\" decoding=\"async\" class=\"alignnone wp-image-4308\" src=\"http:\/\/vitasane.it\/de\/wp-content\/uploads\/2016\/02\/bild4.jpg\" alt=\"bild4\" width=\"518\" height=\"346\" srcset=\"https:\/\/vitasane.it\/de\/wp-content\/uploads\/2016\/02\/bild4.jpg 640w, https:\/\/vitasane.it\/de\/wp-content\/uploads\/2016\/02\/bild4-300x200.jpg 300w\" sizes=\"(max-width: 518px) 100vw, 518px\" \/><br \/>\n<\/div>\n<div class=\"span6\">\n<p><span class=\"Headline\"><strong>Das ergonomische Kissen<\/strong> <\/span><br \/>\nIhrer Gesundheit zuliebe<\/p>\n<p><strong><br \/>\n<\/strong>Das ergonomische Latex-Kopfkissen von Ipoh st\u00fctzt den Kopf, den Nacken, die Schultern und die Wirbels\u00e4ule, damit Sie bequem und gesund schlafen k\u00f6nnen.<\/p>\n<p>Laut Experten gehen rund 80 Prozent aller Kopfschmerzen auf Verspannungen im Nackenbereich zur\u00fcck. Ein qualitativ hochwertiges Polster ist hier unerl\u00e4sslich. Das ergonomische Kopfkissen in Latex von Ipoh bewirkt mitunter Wunder, zumal es Kopf und Nacken richtig lagert und nicht unter die Schultern rutscht. So erreichen Sie die richtige Lage im Schlaf und wirken Verspannungen der Nackenmuskulatur und damit starken Schmerzen entgegen.<\/p>\n<p><span class=\"Headline\">Ihr Schlaf ist es Ihnen wert: <\/span><\/p>\n<ul>\n<li>Passt sich den Konturen des K\u00f6rpers an<\/li>\n<li>Passt sich den Konturen des Nackens an<\/li>\n<li>Verhindert Muskelverspannungen<\/li>\n<li>F\u00f6rdert die Durchblutung<\/li>\n<li>Verhindert Druckstellen<\/li>\n<\/ul>\n<\/div>\n<\/div>\n<\/div><\/section>\n","protected":false},"excerpt":{"rendered":"","protected":false},"author":2,"featured_media":0,"parent":0,"menu_order":0,"comment_status":"closed","ping_status":"closed","template":"","meta":{"footnotes":""},"_links":{"self":[{"href":"https:\/\/vitasane.it\/de\/wp-json\/wp\/v2\/pages\/4281"}],"collection":[{"href":"https:\/\/vitasane.it\/de\/wp-json\/wp\/v2\/pages"}],"about":[{"href":"https:\/\/vitasane.it\/de\/wp-json\/wp\/v2\/types\/page"}],"author":[{"embeddable":true,"href":"https:\/\/vitasane.it\/de\/wp-json\/wp\/v2\/users\/2"}],"replies":[{"embeddable":true,"href":"https:\/\/vitasane.it\/de\/wp-json\/wp\/v2\/comments?post=4281"}],"version-history":[{"count":30,"href":"https:\/\/vitasane.it\/de\/wp-json\/wp\/v2\/pages\/4281\/revisions"}],"predecessor-version":[{"id":4312,"href":"https:\/\/vitasane.it\/de\/wp-json\/wp\/v2\/pages\/4281\/revisions\/4312"}],"wp:attachment":[{"href":"https:\/\/vitasane.it\/de\/wp-json\/wp\/v2\/media?parent=4281"}],"curies":[{"name":"wp","href":"https:\/\/api.w.org\/{rel}","templated":true}]}}