{"id":43,"date":"2015-04-21T17:44:05","date_gmt":"2015-04-21T15:44:05","guid":{"rendered":"http:\/\/vitasane.it\/de\/?page_id=43"},"modified":"2024-07-20T19:24:14","modified_gmt":"2024-07-20T17:24:14","slug":"kontakt","status":"publish","type":"page","link":"https:\/\/vitasane.it\/de\/kontakt\/","title":{"rendered":"Kontakt"},"content":{"rendered":"\n<div class=\"wp-block-cover aligncenter\" style=\"min-height:298px;aspect-ratio:unset;\"><span aria-hidden=\"true\" class=\"wp-block-cover__background has-background-dim\"><\/span><img loading=\"lazy\" decoding=\"async\" width=\"401\" height=\"372\" class=\"wp-block-cover__image-background wp-image-11390\" alt=\"\" src=\"https:\/\/vitasane.it\/de\/wp-content\/uploads\/2024\/07\/Kontakt-2.png\" style=\"object-position:52% 42%\" data-object-fit=\"cover\" data-object-position=\"52% 42%\" srcset=\"https:\/\/vitasane.it\/de\/wp-content\/uploads\/2024\/07\/Kontakt-2.png 401w, https:\/\/vitasane.it\/de\/wp-content\/uploads\/2024\/07\/Kontakt-2-300x278.png 300w\" sizes=\"(max-width: 401px) 100vw, 401px\" \/><div class=\"wp-block-cover__inner-container is-layout-flow wp-block-cover-is-layout-flow\">\n<p><\/p>\n<\/div><\/div>\n\n\n<section class=\"section  swatch-normal \"><div class=\"container\">\n<h1 style=\"text-align: center\">Kontakt<\/h1>\n<h1 style=\"text-align: center\"><img loading=\"lazy\" decoding=\"async\" class=\"aligncenter wp-image-9305\" src=\"https:\/\/vitasane.it\/de\/wp-content\/uploads\/2022\/04\/neues-bild-neu-300x94.png\" alt=\"\" width=\"180\" height=\"56\" srcset=\"https:\/\/vitasane.it\/de\/wp-content\/uploads\/2022\/04\/neues-bild-neu-300x94.png 300w, https:\/\/vitasane.it\/de\/wp-content\/uploads\/2022\/04\/neues-bild-neu.png 496w\" sizes=\"(max-width: 180px) 100vw, 180px\" \/><\/h1>\n<p style=\"font-size: 1.6em;line-height: 1.4em;text-align: center;margin-bottom: 60px\">Vinschgauerstrasse 32,<br \/>39023 Eyrs \u2013 Laas (BZ),<br \/>S\u00fcdtirol \u2013 Italien<br \/>Tel. +39 0473 618047<br \/>E-Mail info@vitasane.it<\/p>\n<h2 style=\"text-align: center\">Sie haben fragen? Schreiben Sie uns!<\/h2>\n<p style=\"font-size: 1.6em;line-height: 1.4em;text-align: center;margin-bottom: 60px\">F\u00fcr Fragen und Informationen zu unseren Produkten stehen wir Ihnen nat\u00fcrlich gerne zur Verf\u00fcgung.<br \/>Sie k\u00f6nnen unser Online Formular nutzen um uns eine Email zu senden.\n<div class=\"wpcf7 no-js\" id=\"wpcf7-f1191-o1\" lang=\"de-DE\" dir=\"ltr\">\n<div class=\"screen-reader-response\"><p role=\"status\" aria-live=\"polite\" aria-atomic=\"true\"><\/p> <ul><\/ul><\/div>\n<form action=\"\/de\/wp-json\/wp\/v2\/pages\/43#wpcf7-f1191-o1\" method=\"post\" class=\"wpcf7-form init\" aria-label=\"Kontaktformular\" novalidate=\"novalidate\" data-status=\"init\">\n<div style=\"display: none;\">\n<input type=\"hidden\" name=\"_wpcf7\" value=\"1191\" \/>\n<input type=\"hidden\" name=\"_wpcf7_version\" value=\"5.9.8\" \/>\n<input type=\"hidden\" name=\"_wpcf7_locale\" value=\"de_DE\" \/>\n<input type=\"hidden\" name=\"_wpcf7_unit_tag\" value=\"wpcf7-f1191-o1\" \/>\n<input type=\"hidden\" name=\"_wpcf7_container_post\" value=\"0\" \/>\n<input type=\"hidden\" name=\"_wpcf7_posted_data_hash\" value=\"\" \/>\n<\/div>\n<div class=\"row-fluid\">\n\t<div class=\"span6 offset3\">\n\t\t<div class=\"controls controls-row\">\n\t\t\t<div class=\"control-group span6\">\n\t\t\t\t<p><span class=\"wpcf7-form-control-wrap\" data-name=\"vorname\"><input size=\"40\" maxlength=\"400\" class=\"wpcf7-form-control wpcf7-text wpcf7-validates-as-required input-block-level\" aria-required=\"true\" aria-invalid=\"false\" placeholder=\"VORNAME\" value=\"\" type=\"text\" name=\"vorname\" \/><\/span>\n\t\t\t\t<\/p>\n\t\t\t<\/div>\n\t\t\t<div class=\"control-group span6\">\n\t\t\t\t<p><span class=\"wpcf7-form-control-wrap\" data-name=\"nachname\"><input size=\"40\" maxlength=\"400\" class=\"wpcf7-form-control wpcf7-text wpcf7-validates-as-required input-block-level\" aria-required=\"true\" aria-invalid=\"false\" placeholder=\"NACHNAME\" value=\"\" type=\"text\" name=\"nachname\" \/><\/span>\n\t\t\t\t<\/p>\n\t\t\t<\/div>\n\t\t<\/div>\n\t\t<div class=\"controls controls-row\">\n\t\t\t<div class=\"control-group span6\">\n\t\t\t\t<p><span class=\"wpcf7-form-control-wrap\" data-name=\"telefon\"><input size=\"40\" maxlength=\"400\" class=\"wpcf7-form-control wpcf7-text wpcf7-validates-as-required input-block-level\" aria-required=\"true\" aria-invalid=\"false\" placeholder=\"TELEFON\" value=\"\" type=\"text\" name=\"telefon\" \/><\/span>\n\t\t\t\t<\/p>\n\t\t\t<\/div>\n\t\t\t<div class=\"control-group span6\">\n\t\t\t\t<p><span class=\"wpcf7-form-control-wrap\" data-name=\"email\"><input size=\"40\" maxlength=\"400\" class=\"wpcf7-form-control wpcf7-email wpcf7-validates-as-required wpcf7-text wpcf7-validates-as-email input-block-level\" aria-required=\"true\" aria-invalid=\"false\" placeholder=\"EMAIL\" value=\"\" type=\"email\" name=\"email\" \/><\/span>\n\t\t\t\t<\/p>\n\t\t\t<\/div>\n\t\t<\/div>\n\t\t<div class=\"controls controls-row\">\n\t\t\t<div class=\"control-group span12\">\n\t\t\t\t<p><span class=\"wpcf7-form-control-wrap\" data-name=\"betreff\"><input size=\"40\" maxlength=\"400\" class=\"wpcf7-form-control wpcf7-text input-block-level\" aria-invalid=\"false\" placeholder=\"BETREFF\" value=\"\" type=\"text\" name=\"betreff\" \/><\/span>\n\t\t\t\t<\/p>\n\t\t\t<\/div>\n\t\t<\/div>\n\t\t<div class=\"controls controls-row\">\n\t\t\t<div class=\"control-group span12\">\n\t\t\t\t<p><span class=\"wpcf7-form-control-wrap\" data-name=\"nachricht\"><textarea cols=\"40\" rows=\"10\" maxlength=\"2000\" class=\"wpcf7-form-control wpcf7-textarea input-block-level\" aria-invalid=\"false\" placeholder=\"NACHRICHT\" name=\"nachricht\"><\/textarea><\/span>\n\t\t\t\t<\/p>\n\t\t\t<\/div>\n\t\t<\/div>\n\t\t<div class=\"controls controls-row\">\n\t\t\t<div class=\"control-group span12 text-center\">\n\t\t\t\t<p><input class=\"wpcf7-form-control wpcf7-submit has-spinner btn btn-large pull-center swatch-coral\" type=\"submit\" value=\"SENDEN\" \/>\n\t\t\t\t<\/p>\n\t\t\t<\/div>\n\t\t<\/div>\n\t<div class=\"wpcf7-response-output\" aria-hidden=\"true\"><\/div>\n\t<\/div>\n<\/div>\n<\/form>\n<\/div>\n\n<\/div><\/section>\n\n\n<!--nextpage-->\n\n\n\n<div class=\"wp-block-media-text is-stacked-on-mobile\"><figure class=\"wp-block-media-text__media\"><\/figure><div class=\"wp-block-media-text__content\">\n<p><\/p>\n<\/div><\/div>\n","protected":false},"excerpt":{"rendered":"","protected":false},"author":2,"featured_media":0,"parent":0,"menu_order":0,"comment_status":"open","ping_status":"open","template":"","meta":{"footnotes":""},"_links":{"self":[{"href":"https:\/\/vitasane.it\/de\/wp-json\/wp\/v2\/pages\/43"}],"collection":[{"href":"https:\/\/vitasane.it\/de\/wp-json\/wp\/v2\/pages"}],"about":[{"href":"https:\/\/vitasane.it\/de\/wp-json\/wp\/v2\/types\/page"}],"author":[{"embeddable":true,"href":"https:\/\/vitasane.it\/de\/wp-json\/wp\/v2\/users\/2"}],"replies":[{"embeddable":true,"href":"https:\/\/vitasane.it\/de\/wp-json\/wp\/v2\/comments?post=43"}],"version-history":[{"count":70,"href":"https:\/\/vitasane.it\/de\/wp-json\/wp\/v2\/pages\/43\/revisions"}],"predecessor-version":[{"id":12492,"href":"https:\/\/vitasane.it\/de\/wp-json\/wp\/v2\/pages\/43\/revisions\/12492"}],"wp:attachment":[{"href":"https:\/\/vitasane.it\/de\/wp-json\/wp\/v2\/media?parent=43"}],"curies":[{"name":"wp","href":"https:\/\/api.w.org\/{rel}","templated":true}]}}