{"id":4318,"date":"2016-02-10T21:20:57","date_gmt":"2016-02-10T20:20:57","guid":{"rendered":"http:\/\/vitasane.it\/?page_id=4318"},"modified":"2017-06-01T11:37:27","modified_gmt":"2017-06-01T09:37:27","slug":"matratzen-lattenrost","status":"publish","type":"page","link":"https:\/\/vitasane.it\/de\/matratzen-lattenrost\/","title":{"rendered":"MATRATZEN-Lattenrost"},"content":{"rendered":"<section class=\"section  swatch-inverted \"><div class=\"container\"><div class=\"section-header\"><h2 class=\"headline text-caps\">Die Latexmatratze<\/h2><\/div>\n<h3 style=\"text-align: center;\"><strong>\u2026 F\u00fcr ein v\u00f6llig neues Schlafvergn\u00fcgen<\/strong><\/h3>\n<p>Ein Drittel unseres Lebens verbringen wir im Schlaf. In dieser Zeit sollten sich K\u00f6rper, Geist und Seele erholen und neue Kr\u00e4fte f\u00fcr die Herausforderungen des n\u00e4chsten Tages gesammelt werden. Immer mehr Menschen leiden jedoch unter den Folgen qu\u00e4lender Schlafst\u00f6rungen. Die spezielle Latexmatratze ist ein wesentlicher Baustein daf\u00fcr, dass die Ursache f\u00fcr R\u00fcckenschmerzen und schlechten Schlaf behoben werden. Die Ipoh-Matratze kann aber noch mehr: Sie wird ihnen ein v\u00f6llig neues Schlafvergn\u00fcgen bereiten.<\/p>\n<p>&nbsp;<\/p>\n<p><img loading=\"lazy\" decoding=\"async\" class=\"aligncenter wp-image-4396 \" src=\"http:\/\/vitasane.it\/de\/wp-content\/uploads\/2016\/02\/matratzen-5-gross-1.jpg\" alt=\"matratzen-5-gross (1)\" width=\"686\" height=\"458\" srcset=\"https:\/\/vitasane.it\/de\/wp-content\/uploads\/2016\/02\/matratzen-5-gross-1.jpg 640w, https:\/\/vitasane.it\/de\/wp-content\/uploads\/2016\/02\/matratzen-5-gross-1-300x200.jpg 300w\" sizes=\"(max-width: 686px) 100vw, 686px\" \/><\/p>\n<p>&nbsp;<\/p>\n<p>&nbsp;<\/p>\n<p>&nbsp;<\/p>\n<div class=\"row-fluid\">\n<div class=\"span6\">\n<p><img loading=\"lazy\" decoding=\"async\" class=\"aligncenter\" src=\"http:\/\/vitasane.it\/de\/wp-content\/uploads\/2015\/06\/matratzen-ipoh.jpg\" alt=\"matratzen\" width=\"440\" height=\"293\" \/><\/p>\n<p>&nbsp;<\/p>\n<p><img loading=\"lazy\" decoding=\"async\" class=\"aligncenter\" src=\"http:\/\/vitasane.it\/de\/wp-content\/uploads\/2016\/02\/matratzen-7-gross.jpg\" alt=\"matratzen-7-gross\" width=\"440\" height=\"294\" \/><\/p>\n<p>&nbsp;<\/p>\n<p><img loading=\"lazy\" decoding=\"async\" class=\" wp-image-4353 aligncenter\" src=\"http:\/\/vitasane.it\/de\/wp-content\/uploads\/2016\/02\/bild4-1-300x200.jpg\" alt=\"bild4 (1)\" width=\"440\" height=\"294\" srcset=\"https:\/\/vitasane.it\/de\/wp-content\/uploads\/2016\/02\/bild4-1-300x200.jpg 300w, https:\/\/vitasane.it\/de\/wp-content\/uploads\/2016\/02\/bild4-1-768x512.jpg 768w, https:\/\/vitasane.it\/de\/wp-content\/uploads\/2016\/02\/bild4-1.jpg 800w\" sizes=\"(max-width: 440px) 100vw, 440px\" \/><\/p>\n<\/div>\n<div class=\"span6\">\n<p>&nbsp;<\/p>\n<p><span class=\"Headline\"><strong>Vorteile der Ipoh-Latexmatratze<\/strong><\/span><\/p>\n<p>Die Matratze passt sich optimal an unseren K\u00f6rper an und hat eine sehr lange Haltbarkeit. So bleibt die Latexmatratze dauerhaft elastisch und sorgt f\u00fcr einen optimalen Schlafkomfort.<\/p>\n<p>&nbsp;<\/p>\n<p>&nbsp;<\/p>\n<p>&nbsp;<\/p>\n<p>&nbsp;<\/p>\n<p>&nbsp;<\/p>\n<p>&nbsp;<\/p>\n<p>&nbsp;<\/p>\n<p><span class=\"Headline\"><strong>K\u00f6rper und Geist danken es Ihnen<\/strong><\/span><\/p>\n<p>Die Latexmatratze ist wesentlich daf\u00fcr verantwortlich, dass sich Wirbels\u00e4ule, Muskeln und Bandscheiben optimal regenerieren. Ausgeschlafen und bestens erholt k\u00f6nnen Sie sich den Anforderungen des Tages stellen.<\/p>\n<p>&nbsp;<\/p>\n<p>&nbsp;<\/p>\n<p>&nbsp;<\/p>\n<p>&nbsp;<\/p>\n<p>&nbsp;<\/p>\n<p><strong>Experten-Know-how f\u00fcr ein gesundes Leben<\/strong><\/p>\n<p>&nbsp;<\/p>\n<p><strong>\u2022 \u00a0<\/strong>Standardkern mit 7 durch Biegelinien getrennte H\u00e4rtezonen<\/p>\n<p><strong>\u2022 \u00a0<\/strong>Lochungen an beiden Seiten<\/p>\n<p><strong>\u2022 \u00a0<\/strong>Verst\u00e4rkte Mittelzone<\/p>\n<p><strong>\u2022 \u00a0<\/strong>Weicherer Schulter- und Beinbereich mit 4 Bel\u00fcftungskan\u00e4len<\/p>\n<p><strong>\u2022 \u00a0<\/strong>Speziell entworfener Oberschenkel- und Lendenbereich mit kleinen Lochungen<\/p>\n<p><strong>\u2022 \u00a0<\/strong>Spezielle Formgebung im Kopf- und Fussbereich<\/p>\n<p>&nbsp;<\/p>\n<\/div>\n<\/div>\n<\/div><\/section>\n<section class=\"section  swatch-normal \"><div class=\"container\"><div class=\"section-header\"><h2 class=\"headline text-caps\">Der Lattenrost<\/h2><\/div>\n<h3 style=\"text-align: center;\">Der Baustein f\u00fcr Ihren gesunden Schlaf und ein besseres Leben<\/h3>\n<p>F\u00fcr den erholsamen und gesunden Schlaf ist neben einer hochwertigen Matratze wie jene auch ein Lattenrost mit hochflexiblen Schichtholz-Leisten notwendig, der sich jeder Liegeposition anpassen kann. Der fixe Lattenrost schafft das und dar\u00fcber hinaus noch mehr: Dank seiner \u00fcberw\u00f6lbten und vorgespannten Leisten sorgt er f\u00fcr den wichtigen und richtigen &#8222;Andruck&#8220; im mittleren R\u00fcckenbereich, damit der Lendenwirbelbereich optimal gest\u00fctzt wird.<\/p>\n<p><img loading=\"lazy\" decoding=\"async\" class=\"aligncenter wp-image-4391 size-full\" src=\"http:\/\/vitasane.it\/de\/wp-content\/uploads\/2016\/02\/lattenrost-manuell-detail-1.jpg\" alt=\"lattenrost-manuell-detail-1\" width=\"800\" height=\"500\" srcset=\"https:\/\/vitasane.it\/de\/wp-content\/uploads\/2016\/02\/lattenrost-manuell-detail-1.jpg 800w, https:\/\/vitasane.it\/de\/wp-content\/uploads\/2016\/02\/lattenrost-manuell-detail-1-300x188.jpg 300w, https:\/\/vitasane.it\/de\/wp-content\/uploads\/2016\/02\/lattenrost-manuell-detail-1-768x480.jpg 768w\" sizes=\"(max-width: 800px) 100vw, 800px\" \/><\/p>\n<div class=\"row-fluid\">\n<div class=\"span6\">\n<p>&nbsp;<\/p>\n<p>&nbsp;<\/p>\n<p><img loading=\"lazy\" decoding=\"async\" class=\"aligncenter wp-image-4362\" src=\"http:\/\/vitasane.it\/de\/wp-content\/uploads\/2016\/02\/lattenrost-motorisiert-detail-1.jpg\" alt=\"lattenrost-motorisiert-detail-1\" width=\"440\" height=\"275\" srcset=\"https:\/\/vitasane.it\/de\/wp-content\/uploads\/2016\/02\/lattenrost-motorisiert-detail-1.jpg 800w, https:\/\/vitasane.it\/de\/wp-content\/uploads\/2016\/02\/lattenrost-motorisiert-detail-1-300x188.jpg 300w, https:\/\/vitasane.it\/de\/wp-content\/uploads\/2016\/02\/lattenrost-motorisiert-detail-1-768x480.jpg 768w\" sizes=\"(max-width: 440px) 100vw, 440px\" \/><\/p>\n<p>&nbsp;<\/p>\n<p><img loading=\"lazy\" decoding=\"async\" class=\"aligncenter wp-image-4363\" src=\"http:\/\/vitasane.it\/de\/wp-content\/uploads\/2016\/02\/lattenrost-motorisiert-detail-2-300x188.jpg\" alt=\"lattenrost-motorisiert-detail-2\" width=\"440\" height=\"275\" srcset=\"https:\/\/vitasane.it\/de\/wp-content\/uploads\/2016\/02\/lattenrost-motorisiert-detail-2-300x188.jpg 300w, https:\/\/vitasane.it\/de\/wp-content\/uploads\/2016\/02\/lattenrost-motorisiert-detail-2-768x480.jpg 768w, https:\/\/vitasane.it\/de\/wp-content\/uploads\/2016\/02\/lattenrost-motorisiert-detail-2.jpg 800w\" sizes=\"(max-width: 440px) 100vw, 440px\" \/><\/p>\n<p>&nbsp;<\/p>\n<p><img loading=\"lazy\" decoding=\"async\" class=\"aligncenter wp-image-4383\" src=\"http:\/\/vitasane.it\/de\/wp-content\/uploads\/2016\/02\/lattenrost-flash-fix-gruen-gross-300x225.jpg\" alt=\"lattenrost-flash-fix-gruen-gross\" width=\"440\" height=\"330\" srcset=\"https:\/\/vitasane.it\/de\/wp-content\/uploads\/2016\/02\/lattenrost-flash-fix-gruen-gross-300x225.jpg 300w, https:\/\/vitasane.it\/de\/wp-content\/uploads\/2016\/02\/lattenrost-flash-fix-gruen-gross.jpg 640w\" sizes=\"(max-width: 440px) 100vw, 440px\" \/><\/p>\n<p>&nbsp;<\/p>\n<p><img loading=\"lazy\" decoding=\"async\" class=\"aligncenter wp-image-4382\" src=\"http:\/\/vitasane.it\/de\/wp-content\/uploads\/2016\/02\/fix2-300x200.jpg\" alt=\"fix2\" width=\"440\" height=\"294\" srcset=\"https:\/\/vitasane.it\/de\/wp-content\/uploads\/2016\/02\/fix2-300x200.jpg 300w, https:\/\/vitasane.it\/de\/wp-content\/uploads\/2016\/02\/fix2.jpg 400w\" sizes=\"(max-width: 440px) 100vw, 440px\" \/><\/p>\n<p>&nbsp;<\/p>\n<p><img loading=\"lazy\" decoding=\"async\" class=\"aligncenter wp-image-4392\" src=\"http:\/\/vitasane.it\/de\/wp-content\/uploads\/2016\/02\/lattenrost-manuell-detail-2-300x188.jpg\" alt=\"lattenrost-manuell-detail-2\" width=\"440\" height=\"275\" srcset=\"https:\/\/vitasane.it\/de\/wp-content\/uploads\/2016\/02\/lattenrost-manuell-detail-2-300x188.jpg 300w, https:\/\/vitasane.it\/de\/wp-content\/uploads\/2016\/02\/lattenrost-manuell-detail-2-768x480.jpg 768w, https:\/\/vitasane.it\/de\/wp-content\/uploads\/2016\/02\/lattenrost-manuell-detail-2.jpg 800w\" sizes=\"(max-width: 440px) 100vw, 440px\" \/><\/p>\n<\/div>\n<div class=\"span6\">\n<p>&nbsp;<\/p>\n<p>&nbsp;<\/p>\n<p>&nbsp;<\/p>\n<p>&nbsp;<\/p>\n<p><span class=\"Headline\"><strong>Relaxen im Bett<\/strong><\/span><\/p>\n<p>Dank der stufenlosen Verstellm\u00f6glichkeiten k\u00f6nnen Sie den motorisierten Lattenrost in verschiedenste Sitz- und Liegpositionen bringen &#8211; gerade so, wie es f\u00fcr Sie am bequemsten ist. Fernsehen, Lesen und Fr\u00fchst\u00fccken im Bett steht nichts mehr im Weg.<\/p>\n<p>&nbsp;<\/p>\n<p>&nbsp;<\/p>\n<p>&nbsp;<\/p>\n<p>&nbsp;<\/p>\n<p>&nbsp;<\/p>\n<p><span class=\"Headline\"><strong>R\u00fcckenprobleme ad\u00e8<\/strong><\/span><\/p>\n<p>Auf Knopfdruck leisten Sie Ihrer Gesundheit einen wertvollen Dienst: Bei R\u00fcckenproblemen verhilft der motorisierte Lattenrost durch eine bessere Anpassung an die K\u00f6rperformen zu wohltuender Entlastung.<\/p>\n<p>&nbsp;<\/p>\n<p>&nbsp;<\/p>\n<p>&nbsp;<\/p>\n<p>&nbsp;<\/p>\n<p>&nbsp;<\/p>\n<p><strong><span class=\"Headline\">Personalifizierbar <\/span><\/strong><\/p>\n<p>Der H\u00e4rtegrad der Federleisten im mittleren R\u00fcckenbereich ist bei allen Ipoh-Lattenrosten je nach K\u00f6rpergewicht und individuellen Bedarf regulierbar.<\/p>\n<p>&nbsp;<\/p>\n<p>&nbsp;<\/p>\n<p>&nbsp;<\/p>\n<p>&nbsp;<\/p>\n<p>&nbsp;<\/p>\n<p>&nbsp;<\/p>\n<p>&nbsp;<\/p>\n<p>&nbsp;<\/p>\n<p><strong>Natur und Gesundheit pur<\/strong><\/p>\n<p><strong>\u2022 \u00a0<\/strong>Lattenrost aus Buchenschichtholz mit Bienenwachs behandelt<\/p>\n<p><strong>\u2022 \u00a0<\/strong>k\u00f6rpergerechte Federwirkung<\/p>\n<p><strong>\u2022 \u00a0<\/strong>Mittelzonen\/H\u00e4rtegrad-Verstellung<\/p>\n<p>&nbsp;<\/p>\n<p>&nbsp;<\/p>\n<p>&nbsp;<\/p>\n<p>&nbsp;<\/p>\n<p><span class=\"Headline\"><strong>Service vom Feinsten<\/strong><\/span><\/p>\n<p>Wie bei all seinen Produkten bieten nicht nur eine zehnj\u00e4hrige Garantie f\u00fcr die Qualit\u00e4ts-Lattenroste, sondern zus\u00e4tzlich professionellen Kundenservice.<\/p>\n<\/div>\n<\/div>\n<\/div><\/section>\n","protected":false},"excerpt":{"rendered":"","protected":false},"author":2,"featured_media":0,"parent":0,"menu_order":0,"comment_status":"closed","ping_status":"closed","template":"","meta":{"footnotes":""},"_links":{"self":[{"href":"https:\/\/vitasane.it\/de\/wp-json\/wp\/v2\/pages\/4318"}],"collection":[{"href":"https:\/\/vitasane.it\/de\/wp-json\/wp\/v2\/pages"}],"about":[{"href":"https:\/\/vitasane.it\/de\/wp-json\/wp\/v2\/types\/page"}],"author":[{"embeddable":true,"href":"https:\/\/vitasane.it\/de\/wp-json\/wp\/v2\/users\/2"}],"replies":[{"embeddable":true,"href":"https:\/\/vitasane.it\/de\/wp-json\/wp\/v2\/comments?post=4318"}],"version-history":[{"count":73,"href":"https:\/\/vitasane.it\/de\/wp-json\/wp\/v2\/pages\/4318\/revisions"}],"predecessor-version":[{"id":5393,"href":"https:\/\/vitasane.it\/de\/wp-json\/wp\/v2\/pages\/4318\/revisions\/5393"}],"wp:attachment":[{"href":"https:\/\/vitasane.it\/de\/wp-json\/wp\/v2\/media?parent=4318"}],"curies":[{"name":"wp","href":"https:\/\/api.w.org\/{rel}","templated":true}]}}