{"id":5059,"date":"2017-01-21T16:32:20","date_gmt":"2017-01-21T15:32:20","guid":{"rendered":"http:\/\/vitasane.it\/?page_id=5059"},"modified":"2020-02-06T20:32:49","modified_gmt":"2020-02-06T19:32:49","slug":"vitasane-sous-vide-thermostat","status":"publish","type":"page","link":"https:\/\/vitasane.it\/de\/vitasane-sous-vide-thermostat\/","title":{"rendered":"VITASANE Sous vide Thermostat"},"content":{"rendered":"<p style=\"text-align: center\"><section class=\"section  swatch-normal \"><div class=\"container\"><div class=\"section-header\"><h2 class=\"headline text-caps\"><strong>VITASANE Sous vide Thermostat<\/strong><\/h2><\/div>\n<p style=\"text-align: center\"><div class=\"row-fluid\">\n<div class=\"span6\">\n<p style=\"text-align: center\"><img loading=\"lazy\" decoding=\"async\" class=\"alignnone wp-image-5064 size-full\" src=\"http:\/\/vitasane.it\/de\/wp-content\/uploads\/2017\/01\/bearbeitet_Sousvide-lacor-baja-temperatura.jpg\" width=\"500\" height=\"500\" srcset=\"https:\/\/vitasane.it\/de\/wp-content\/uploads\/2017\/01\/bearbeitet_Sousvide-lacor-baja-temperatura.jpg 500w, https:\/\/vitasane.it\/de\/wp-content\/uploads\/2017\/01\/bearbeitet_Sousvide-lacor-baja-temperatura-100x100.jpg 100w, https:\/\/vitasane.it\/de\/wp-content\/uploads\/2017\/01\/bearbeitet_Sousvide-lacor-baja-temperatura-150x150.jpg 150w, https:\/\/vitasane.it\/de\/wp-content\/uploads\/2017\/01\/bearbeitet_Sousvide-lacor-baja-temperatura-300x300.jpg 300w\" sizes=\"(max-width: 500px) 100vw, 500px\" \/><img loading=\"lazy\" decoding=\"async\" class=\"alignnone wp-image-5141\" src=\"http:\/\/vitasane.it\/de\/wp-content\/uploads\/2017\/01\/3_1_VITASANE-SOUS-VIDE-THERMOSTAT-300x271.jpg\" alt=\"\" width=\"498\" height=\"450\" srcset=\"https:\/\/vitasane.it\/de\/wp-content\/uploads\/2017\/01\/3_1_VITASANE-SOUS-VIDE-THERMOSTAT-300x271.jpg 300w, https:\/\/vitasane.it\/de\/wp-content\/uploads\/2017\/01\/3_1_VITASANE-SOUS-VIDE-THERMOSTAT-500x452.jpg 500w, https:\/\/vitasane.it\/de\/wp-content\/uploads\/2017\/01\/3_1_VITASANE-SOUS-VIDE-THERMOSTAT-768x694.jpg 768w, https:\/\/vitasane.it\/de\/wp-content\/uploads\/2017\/01\/3_1_VITASANE-SOUS-VIDE-THERMOSTAT.jpg 968w\" sizes=\"(max-width: 498px) 100vw, 498px\" \/><img loading=\"lazy\" decoding=\"async\" class=\"alignnone wp-image-5068 \" src=\"http:\/\/vitasane.it\/de\/wp-content\/uploads\/2017\/01\/Sous-Vide-deutsch.jpg\" width=\"495\" height=\"275\" srcset=\"https:\/\/vitasane.it\/de\/wp-content\/uploads\/2017\/01\/Sous-Vide-deutsch.jpg 640w, https:\/\/vitasane.it\/de\/wp-content\/uploads\/2017\/01\/Sous-Vide-deutsch-500x278.jpg 500w, https:\/\/vitasane.it\/de\/wp-content\/uploads\/2017\/01\/Sous-Vide-deutsch-300x167.jpg 300w\" sizes=\"(max-width: 495px) 100vw, 495px\" \/><img loading=\"lazy\" decoding=\"async\" class=\"alignnone wp-image-5279\" src=\"http:\/\/vitasane.it\/de\/wp-content\/uploads\/2017\/01\/Sous-vide_Fleisch.jpg\" alt=\"\" width=\"203\" height=\"203\" srcset=\"https:\/\/vitasane.it\/de\/wp-content\/uploads\/2017\/01\/Sous-vide_Fleisch.jpg 300w, https:\/\/vitasane.it\/de\/wp-content\/uploads\/2017\/01\/Sous-vide_Fleisch-100x100.jpg 100w, https:\/\/vitasane.it\/de\/wp-content\/uploads\/2017\/01\/Sous-vide_Fleisch-150x150.jpg 150w\" sizes=\"(max-width: 203px) 100vw, 203px\" \/><img loading=\"lazy\" decoding=\"async\" class=\"alignnone size-medium wp-image-5549\" src=\"http:\/\/vitasane.it\/de\/wp-content\/uploads\/2017\/01\/1_Sous-vide_Fleisch-Fisch-300x250-300x250.jpg\" alt=\"\" width=\"300\" height=\"250\" \/><\/p>\n<p style=\"text-align: center\"><img loading=\"lazy\" decoding=\"async\" class=\"wp-image-5143 aligncenter\" src=\"http:\/\/vitasane.it\/de\/wp-content\/uploads\/2017\/01\/sous-vide-logo-1-300x224.png\" alt=\"\" width=\"131\" height=\"98\" srcset=\"https:\/\/vitasane.it\/de\/wp-content\/uploads\/2017\/01\/sous-vide-logo-1-300x224.png 300w, https:\/\/vitasane.it\/de\/wp-content\/uploads\/2017\/01\/sous-vide-logo-1.png 326w\" sizes=\"(max-width: 131px) 100vw, 131px\" \/><img loading=\"lazy\" decoding=\"async\" class=\"aligncenter wp-image-4429\" src=\"http:\/\/vitasane.it\/de\/wp-content\/uploads\/2016\/02\/vakuumiergeraet_3.jpg\" alt=\"vakuumiergeraet_3\" width=\"76\" height=\"38\" \/><\/p>\n<p style=\"text-align: center\"><a href=\"http:\/\/vitasane.it\/kontakt\/\">Produkt Anfrage : Kontaktieren Sie uns jetzt!<\/a><\/p>\n<p style=\"text-align: center\">Besuchen Sie unseren\u00a0<strong><a href=\"http:\/\/vitasane.it\/de\/produkt\/sous-vide-thermostat\/\">Shop<\/a><\/strong><\/p>\n<p style=\"text-align: center\"><\/div>\n<div class=\"span6\">\n<p><strong>VITASANE Sous vide Thermostat<\/strong><\/p>\n<p><span style=\"line-height: 1.5\">Schutz vor \u00dcberhitzung und niedrigem Wasserstand<\/span><\/p>\n<p>Leistungsstarke 1400 Watt<\/p>\n<p>Mit \u00fcbersichtlichem LCD-Monitor<\/p>\n<p>Mit integrierter Umw\u00e4lzpumpe f\u00fcr eine gleichm\u00e4\u00dfige Temperatur im gesamten Wasserbad \u2013 \u201edie Voraussetzung f\u00fcr ein \u00a0perfektes Ergebnis<\/p>\n<p>Bequem zum Einh\u00e4ngen<\/p>\n<p>F\u00fcr bis zu EXTRA-GRO\u00dfEN\u00a030 Liter Beh\u00e4lter<\/p>\n<p><strong>Artikelbeschreibung<\/strong><\/p>\n<p><strong>VITASANE Sous vide Thermostat<\/strong><\/p>\n<p>Ideal zum Einh\u00e4ngen in ein Wasserbad sorgt das Thermostat f\u00fcr die richtige Umw\u00e4lzung und Temperatur. Mit all seinen technischen Raffinessen ist es kaum mehr aus der K\u00fcche Wegzudenken. \u00dcberzeugen Sie sich selbst von diesem bew\u00e4hrten Thermostat.<\/p>\n<p>Sous Vide \u2013 die pr\u00e4zise Niedrigtemperatur-Garmethode f\u00fcr Fleisch, Fisch und viele Gem\u00fcsesorten. Voraussetzungen: SousVide Ger\u00e4t, Vakuumierer, Vakuumbeutel. Viele Profik\u00f6che schw\u00f6ren jetzt schon auf die Niedrigtemperatur-Garmethode. Die Vorteile sind eindeutig: Erhalt des Eigengeschmacks, Gew\u00fcrze und Marinaden wirken gezielter und intensiver und die schonende Garmethode garantiert einen kulinarischen Genuss. Dar\u00fcber hinaus k\u00f6nnen Sie Men\u00fcs zeitunabh\u00e4ngig zubereiten und lagern. Die vakuumierten und gegarten Lebensmittel lagern Sie bis zu 4 Wochen im K\u00fchlschrank (Einfrieren geht nat\u00fcrlich auch und verl\u00e4ngert die Haltbarkeit). Bei Bedarf erhitzen, servieren und es schmeckt wie frisch zubereitet. Garantiert. Wir bieten Ihnen hier ein SousVide Ger\u00e4t der Spitzenklasse \u2013 und das zu einem scharf kalkulierten Preis. Der Profi-Garer von VITASANE garantiert Ihren Erfolg in der K\u00fcche.<\/p>\n<p><strong>Details, Highlights, Funktionen<\/strong><\/p>\n<ul>\n<li>Schutz bei niedrigem Wasserstand<\/li>\n<li>Schutz vor \u00dcberhitzung<\/li>\n<li>Garzeit minutengenau einstellbar von 0 &#8211; 99 Stunden<\/li>\n<li>Fahrenheit oder Grad Celsius einstellbar<\/li>\n<li>LCD Display<\/li>\n<li>Gradzahl genau einstellbar<\/li>\n<li>bequem und einfach am Wasserbad \/ Beh\u00e4lter befestigen<\/li>\n<li>mit integrierter Umw\u00e4lzpumpe f\u00fcr eine gleichm\u00e4\u00dfige<br \/>\nTemperatur imgesamten\u00a0Wasserbad \u2013\u00a0\u201edie Voraussetzung f\u00fcr ein perfektes Ergebnis\u201c<\/li>\n<li>Passend f\u00fcr bis zu 30 Liter<\/li>\n<li>Stabiler und b\u00fcrstenloser AD 12V Motor<\/li>\n<li>Geh\u00e4use aus Edelstahl, leicht zu Reinigen<\/li>\n<li>Speicherfunktion der Einstellungen<\/li>\n<li>Soft-Touch-Panel f\u00fcr eine einfache Bedienung<\/li>\n<\/ul>\n<p><strong>\u00a0 Technische Daten<\/strong><\/p>\n<table>\n<tbody>\n<tr>\n<td>\n<pre>Temperaturbereich:<\/pre>\n<\/td>\n<td>\n<pre>5 \u00b0 C \u2013 99 \u00b0 C (41 \u00b0 F \u2013 210 \u00b0 F)<\/pre>\n<\/td>\n<\/tr>\n<tr>\n<td>\n<pre>Temperaturabweichung:<\/pre>\n<\/td>\n<td>\n<pre>0,1 \u00b0 C (0,1 \u00b0F)<\/pre>\n<\/td>\n<\/tr>\n<tr>\n<td>\n<pre>Ma\u00dfe:<\/pre>\n<\/td>\n<td>\n<pre>B 140 x T 60 x H 325 mm<\/pre>\n<\/td>\n<\/tr>\n<tr>\n<td>\n<pre>Netzspannung:<\/pre>\n<\/td>\n<td>\n<pre>230 V \/ 50 Hz<\/pre>\n<\/td>\n<\/tr>\n<tr>\n<td>\n<pre>Leistung:<\/pre>\n<\/td>\n<td>\n<pre>1400 W<\/pre>\n<\/td>\n<\/tr>\n<tr>\n<td>\n<pre>\u00dcberhitzungsschutz:<\/pre>\n<\/td>\n<td>\n<pre>integriert<\/pre>\n<\/td>\n<\/tr>\n<tr>\n<td>\n<pre>Pumpe:<\/pre>\n<\/td>\n<td>\n<pre>integriert<\/pre>\n<\/td>\n<\/tr>\n<\/tbody>\n<\/table>\n<p>&nbsp;<\/p>\n<\/div>\n<\/div>\n<\/div><\/section>\n","protected":false},"excerpt":{"rendered":"","protected":false},"author":2,"featured_media":5064,"parent":0,"menu_order":0,"comment_status":"closed","ping_status":"closed","template":"","meta":{"footnotes":""},"_links":{"self":[{"href":"https:\/\/vitasane.it\/de\/wp-json\/wp\/v2\/pages\/5059"}],"collection":[{"href":"https:\/\/vitasane.it\/de\/wp-json\/wp\/v2\/pages"}],"about":[{"href":"https:\/\/vitasane.it\/de\/wp-json\/wp\/v2\/types\/page"}],"author":[{"embeddable":true,"href":"https:\/\/vitasane.it\/de\/wp-json\/wp\/v2\/users\/2"}],"replies":[{"embeddable":true,"href":"https:\/\/vitasane.it\/de\/wp-json\/wp\/v2\/comments?post=5059"}],"version-history":[{"count":68,"href":"https:\/\/vitasane.it\/de\/wp-json\/wp\/v2\/pages\/5059\/revisions"}],"predecessor-version":[{"id":5138,"href":"https:\/\/vitasane.it\/de\/wp-json\/wp\/v2\/pages\/5059\/revisions\/5138"}],"wp:featuredmedia":[{"embeddable":true,"href":"https:\/\/vitasane.it\/de\/wp-json\/wp\/v2\/media\/5064"}],"wp:attachment":[{"href":"https:\/\/vitasane.it\/de\/wp-json\/wp\/v2\/media?parent=5059"}],"curies":[{"name":"wp","href":"https:\/\/api.w.org\/{rel}","templated":true}]}}