{"id":5263,"date":"2017-03-24T07:50:20","date_gmt":"2017-03-24T06:50:20","guid":{"rendered":"http:\/\/vitasane.it\/de\/?page_id=5263"},"modified":"2022-02-10T14:36:51","modified_gmt":"2022-02-10T13:36:51","slug":"impressum-agb","status":"publish","type":"page","link":"https:\/\/vitasane.it\/de\/impressum-agb\/","title":{"rendered":"Impressum &amp; AGBs"},"content":{"rendered":"<section class=\"section  swatch-normal \"><div class=\"container\"><div class=\"section-header\"><h2 class=\"headline text-caps\">Impressum \/ AGB<\/h2><\/div>\n<h3>Vitasane<br \/>\ndes Albert Kohler<\/h3>\n<p>Vinschgauerstrasse 32<br \/>\n39023 Eyrs &#8211; Laas<\/p>\n<p>MwSt.Nr: IT01346220211<br \/>\nTel: 0039 0473 618047<br \/>\nMail: info@vitasane.it<br \/>\n<a href=\"http:\/\/www.vitasane.it\">www.vitasane.it<\/a><\/p>\n<h2>Allgemeine Gesch\u00e4ftsbedingungen<\/h2>\n<h3>Art. 1 Geltungsbereich<\/h3>\n<p>F\u00fcr die Online-Bestellungen bei der Firma Vitasane \u00fcber www.vitasane.it Homepage gelten ausschlie\u00dflich die nachfolgenden allgemeinen Gesch\u00e4ftsbedingungen in ihrer zum Zeitpunkt der Bestellung g\u00fcltigen Fassung.<br \/>\nAbweichende Bedingungen des K\u00e4ufers erkennt Firma Vitasane nicht an, es sei denn Firma Vitasane hat ausdr\u00fccklich schriftlich zugestimmt.<\/p>\n<h3>Art. 2 Vertragsschluss und R\u00fccktrittsrecht<\/h3>\n<p>Alle Angaben zu Waren und Preisen innerhalb des Bestellvorganges sind freibleibend und unverbindlich.<br \/>\nEin Vertrag zwischen Firma Vitasane und dem K\u00e4ufer kommt durch einen Bestell &#8211; Auftrag des K\u00e4ufers und der Annahme durch Firma Vitasane zustande. Die Bestellung des K\u00e4ufers erfolgt durch \u00dcbermittlung des vollst\u00e4ndig ausgef\u00fcllten, auf der Website www.vitasane.it, bereitgestellten Bestellformulars.<\/p>\n<p>Der K\u00e4ufer kann innerhalb 10 Tagen nach Eingang der Ware ohne Begr\u00fcndungspflicht und zus\u00e4tzlicher Kosten, unter geb\u00fchren-loser R\u00fcckerstattung des bezahlten Kaufpreises vom Kaufvertrag mittels schriftlicher Mitteilung an die Firma Vitasane, mit Sitz in Vinschgauerstrasse 23, I-39023 Eyrs- Laas (Einschreiben ) zur\u00fccktreten.<\/p>\n<p>Die Kosten f\u00fcr die R\u00fccksendung der Ware, welche ebenfalls innerhalb 10 Tagen nach Eingang der Ware zu erfolgen hat, gehen zu Lasten des K\u00e4ufers.<br \/>\nDie Ware muss unbenutzt, einwandfrei und originalverpackt sein.<\/p>\n<h3>Art. 3 Lieferung<\/h3>\n<p>Vorbehaltlich anders lautender Vereinbarungen, erfolgt die Lieferung ab Lager an die vom K\u00e4ufer angegebene Lieferadresse.<br \/>\nDie Gefahr geht auf den K\u00e4ufer \u00fcber, sobald die Lieferung von Firma Vitasane oder einem von dieser Beauftragten an den Versender \u00fcbergeben worden ist, und zwar auch dann, wenn Teillieferungen erfolgen.<br \/>\nAngaben \u00fcber die Lieferfrist sind unverbindlich, soweit nicht ausnahmsweise der Liefertermin verbindlich zugesagt wurde. Firma Vitasane ist aber bem\u00fcht die Ware innerhalb 7 Werktagen dem K\u00e4ufer zu liefern. Wir liefern in die gesamte EU.<\/p>\n<h3>Art. 4 Versandkosten<\/h3>\n<p>Firma Vitasane liefert ausschlie\u00dflich innerhalb der EU, mittels ihrerseits beauftragten Transportunternehmen.<br \/>\nVersandkosten innerhalb der EU: 9,50 \u20ac pro Bestellung.<br \/>\nLieferungen au\u00dferhalb der EU und die Mitteilung der anfallenden Versandkosten erfolgen auf spezielle Anfrage des K\u00e4ufers, wobei sich Firma Vitasane. das unanfechtbare Recht vorbeh\u00e4lt, Kaufanfragen mit Lieferungen au\u00dferhalb der EU, ohne Angabe von besonderen Gr\u00fcnden abzulehnen.<\/p>\n<p>Bei einem Gesamtgewicht ab 12 kg behalten wir uns vor, die Versandkosten entsprechend anzupassen. Bitte kontaktieren Sie uns deshalb per Mail: info@vitasane.it<\/p>\n<h3>Art. 5 F\u00e4lligkeit und Zahlung<\/h3>\n<p>Der Kaufpreis wird mit Bestellung f\u00e4llig. Es gelten die Preise zum Zeitpunkt der Bestellung.<br \/>\nDie Zahlung hat durch eine auf dem Online-Bestellformular angebotenen Zahlungsweise zu erfolgen:<\/p>\n<p>Kreditkartenzahlung<br \/>\nWir akzeptieren Visa, Master-\/Eurocard und Diners. Sie geben die Kreditkarteninformationen bei Bestellung direkt am Bildschirm ein.<br \/>\nPaypal<br \/>\nVorauskasse<\/p>\n<p>Wenn Sie nicht mit Ihrer Kreditkarte bezahlen m\u00f6chten bzw. keine besitzen, k\u00f6nnen Sie per Vorauskasse bezahlen. Bitte nutzen Sie f\u00fcr Zahlungen aus dem Ausland unbedingt unsere IBAN-Nummer. Dadurch entstehen Ihnen dieselben Bankgeb\u00fchren wie bei einer inl\u00e4ndischen \u00dcberweisung. Der von Ihnen zu \u00fcberweisende Betrag wird auf der Auftragsbest\u00e4tigung ausgewiesen. Sobald wir den Zahlungseingang vermerkt haben, versenden wir Ihre Ware.<\/p>\n<p>Unsere Bankverbindungen:<br \/>\nS\u00fcdtiroler Volksbank Filiale Bozen Gries<br \/>\nIBAN: IT88R0585611602051571129045<br \/>\nBIC: BPAAIT2B051<br \/>\nKonto: 0051 1129045<\/p>\n<h3>Art. 6 Gew\u00e4hrleistung und Haftung<\/h3>\n<p>Die Produktabbildungen m\u00fcssen nicht immer mit dem Aussehen der gelieferten Produkte \u00fcbereinstimmen.<br \/>\nF\u00fcr M\u00e4ngel an der seitens Firma Vitasane in der EU gelieferten Ware, haftet Firma Vitasane laut den geltenden Bestimmungen \u00fcber den Kauf von Verbraucherg\u00fctern.<\/p>\n<h3>Art. 7 Datenschutz<\/h3>\n<p>Im Sinne und f\u00fcr die Wirkungen des Art. 13 des Gesetzesdekretes Nr. 196\/03 (ital. Datenschutzkodex), erkl\u00e4rt der K\u00e4ufer hinsichtlich der Verarbeitungsmodalit\u00e4ten und dem Zweck der gegenst\u00e4ndlichen Datenverarbeitung sowie \u00fcber seine Rechte gem\u00e4\u00df Art. 7 des Gesetzesdekretes Nr. 196\/03 und nachfolgende \u00c4nderungen informiert worden zu sein (Web-Seite). Durch Anklicken des am Ende der allgemeinen Gesch\u00e4ftsbedingungen angebrachten K\u00e4stchens best\u00e4tigt der K\u00e4ufer ausdr\u00fccklich, die oben angef\u00fchrte Informationen erhalten und zur Kenntnis genommen zu haben und gibt somit hinsichtlich der darin enthaltenen Zweckbestimmung im Sinne des Art. 23 und im Sinne des Art. 24 seine Einwilligung zur Verarbeitung, einschlie\u00dflich zur \u00dcbermittlung und Verbreitung seiner Daten durch Firma Vitasane im Rahmen der besagten Informationen.<\/p>\n<h3>Art. 8 Anwendbares Recht und Gerichtsstand<\/h3>\n<p>Ausschlie\u00dflicher Gerichtsstand ist der Sitz der Firma Vitasane, mit Sitz in I-39023 Eyrs &#8211; Laas (BZ), demzufolge das Landesgericht Bozen.<br \/>\nF\u00fcr die vertraglichen Beziehungen der Vertragspartner gilt ausschlie\u00dflich italienisches Recht unter Ausschluss der Bestimmungen des UN-Kaufrechtes.<br \/>\n______________________________________<\/p>\n<h2>Datenschutz<\/h2>\n<h3>Aufkl\u00e4rungsschreiben im Sinne des Gesetzesvertretenden Dekretes Nr. 196 vom 30.06.2003 \u201eDatenschutzkodex\u201c<\/h3>\n<p>Im Sinne des Art. 13 des Gesetzesvertretenden Dekrets Nr. 196 vom 30.Juni 2003 informieren wir dar\u00fcber, dass unsere Firma Vitasane die pers\u00f6nliches Daten von Kunden und Lieferanten, sowie Personen verarbeitet, die unserem Verkaufsb\u00fcro oder der Gesch\u00e4ftsleitung ihre Personalien willentlich (telefonisch, per E-Mail) mitteilen.<\/p>\n<p>Unsere Gesellschaft garantiert im Rahmen der gesetzlichen Vorgaben, dass die Verarbeitung der pers\u00f6nlichen Daten unter Ber\u00fccksichtigung der grundlegenden Rechte und Freiheiten sowie der W\u00fcrde des Betroffenen mit besonderem Bezug auf die Geheimhaltung, die pers\u00f6nliche Identit\u00e4t und das Recht auf Schutz der pers\u00f6nlichen Daten erfolgt.<\/p>\n<h3>Ziel- und Zweckstellungen bei der Datenverarbeitung:<\/h3>\n<p>Erf\u00fcllung von gesetzlichen Pflichten, Pflichten aus Verordnungen, Gemeinschaftsnormen sowie zivil- und steuerrechtlichen Gesetzen;<br \/>\nErf\u00fcllung eventueller vertraglicher Verpflichtungen gegen\u00fcber dem Betroffenen;<br \/>\nErf\u00fcllung von T\u00e4tigkeiten in Verbindung mit der Gesch\u00e4ftst\u00e4tigkeit unserer Gesellschaft wie das Ausf\u00fcllen von internen Statistiken, zur Rechnungslegung sowie zur F\u00fchrung der Kunden\/Lieferantenbuchhaltung;<br \/>\nZielstellungen gesch\u00e4ftlicher Art wie die Zusendung von Gesch\u00e4ftsinformationen und Werbematerial (per Post, Fax und E-Mail), Marketing und Marktuntersuchungen;<br \/>\nSchutz der Forderungen und Verwaltung der Verbindlichkeiten;<br \/>\nZielstellungen hinsichtlich Versicherungen, insbesondere Kreditversicherungen.<br \/>\nIn Bezug auf die oben angegebenen Zielstellungen werden Ihre pers\u00f6nlichen Daten bei Bedarf weitergeleitet:<br \/>\nAn die \u00f6ffentlichen Verwaltungen und Beh\u00f6rden, wenn dies gesetzliche vorgesehen ist;<br \/>\nAn Kreditinstitute, mit denen unsere Firma Gesch\u00e4ftsbeziehungen zur Verwaltung von Forderungen\/Verbindlichkeiten und zur Finanzierungsvermittlung unterh\u00e4lt;<\/p>\n<p>An alle jenen nat\u00fcrlichen und\/oder juristischen, \u00f6ffentlichen und\/oder privaten Personen ( Rechts-, Unternehmens- sowie Verwaltungs- und Steuerberatungsb\u00fcro, Gerichte, Handelskammer, usw), wenn sich die Weiterleitung als notwendig oder zur Aus\u00fcbung unserer T\u00e4tigkeit zweckdienlich erweist sowie auf die oben angegebene Art und Weise mit den entsprechenden Zielstellungen;<\/p>\n<p>Die von unserer Gesellschaft verarbeiteten pers\u00f6nlichen Daten unterliegen keiner Verbreitung. Die Datenverarbeitung kann mit oder ohne Hilfe elektronischer, auf jeden Fall automatischer Mittel erfolgen und umfasst alle im Art. 4, Absatz 1, Buchstabe a) des Gesetzvertretenden Dekretes Nr. 196 vom 30.Juni 2003 vorgesehenen und f\u00fcr die betreffende Datenverarbeitung erforderlichen Vorg\u00e4nge. In jedem Fall wird die Datenverarbeitung unter Einhaltung aller Sicherheitsma\u00dfnahmen durchgef\u00fchrt, die deren Sicherheit und Geheimhaltung gew\u00e4hrleisten.<\/p>\n<p>Das Datenschutzgesetz verleiht den Betroffenen die M\u00f6glichkeit zur Aus\u00fcbung bestimmter Rechte gem\u00e4\u00df Art.7. Im einzelnen hat er das Recht zu wissen welche pers\u00f6nlichen Daten der Inhaber \u00fcber ihn besitzt und dar\u00fcber Auskunft zu erhalten, ob Daten \u00fcber ihn vorhanden sind, auch wenn sie noch nicht gespeichert sind und in verst\u00e4ndlicher Form n\u00e4here Angaben \u00fcber diese Daten, Herkunft und den Grund und Zweck ihrer Verarbeitung zu erfahren, sowie Angaben \u00fcber Inhaber und Verantwortlichen der Verarbeitung und Personen und Kategorien von Personen denen diese Daten m\u00f6glicherweise \u00fcbermittelt werden.<br \/>\nDer Betroffene hat das Recht seine Daten zu best\u00e4tigen und zu kontrollieren, zu berichtigen und zu erg\u00e4nzen, zu beantragen, dass die Daten gel\u00f6scht, gesperrt und in anonyme Daten umgewandelt werden falls die Verarbeitung gegen die gesetzlichen Bestimmungen verst\u00f6\u00dft. Er hat das Recht sich aus gerechtfertigten Grund g\u00e4nzlich oder zum Teil der Verarbeitung seiner Daten zu widersetzen, sowie ihre L\u00f6schung, Sperrung, Umwandlung in anonyme Daten zu verlangen und ohne gerechtfertigten Grund, wenn Daten zum Zwecke der Handelsinformation, des Versands von Werbematerial, des Direktverkaufs, zu Markt und Meinungsforschung verwendet werden.<\/p>\n<p>Die gegenst\u00e4ndlichen Rechte k\u00f6nnen seitens des Betroffenen oder einer von ihm beauftragten Person, mittels Anfrage an das Unternehmen (Firma Vitasane, Vinschgauerstrasse 32 , 39023 Eyrs -Laas mit Einschreiben oder E-Mail: info@vitasane.it geltend gemacht werden. Der Inhaber der Datenverarbeitung ist: Firma Vitasane, mit Sitz in Vinschgauerstrasse 32 , 39023 Eyrs -Laas, in Person des gesetzlichen Vertreters \u201epro tempore\u201c.<\/p>\n<p>____________________________________________<\/p>\n<h2>Condizioni Generali di Vendita<\/h2>\n<h3>Art. 1 Ambito di validit\u00e0<\/h3>\n<p>Per quanto concerne gli ordini on-line dell\u2019 azienda Vitasane per mezzo della homepage www.vitasane.it vigono esclusivamente le seguenti condizioni generali di contratto nella loro forma al momento dell\u2019ordine.<br \/>\nVitasane non prender\u00e0 in considerazione condizioni difformi poste dal cliente, a meno di aver espressamente acconsentito per iscritto alla loro validit\u00e0.<\/p>\n<h3>Art. 2 Conclusione del contratto e diritto di recesso<\/h3>\n<p>Tutti i dati relativi a merce e prezzi nell\u2019ambito dell\u2019 ordinazione sono indicativi e non vincolanti.<br \/>\nL\u2019 ordine del cliente \u00e8 da effettuare mediante invio dell\u2019apposito modulo d\u2019ordine compilato in ogni sua parte, messo a disposizione sul sito di Vitasane www.vitasane.it Il cliente ha la facolt\u00e0 di recedere dal contratto inviando comunicazione scritta alla societ\u00e1 L.s.A., con sede in Venosta 23, I-39023 Oris &#8211; Lasa BZ, (raccomandata), senza costi aggiuntivi ed anche senza giustificato motivo entro 10 giorni dal ricevimento della merce.<br \/>\nI costi per la restituzione e spedizione della merce, la quale deve anch\u2019essa avvenire entro 10 giorni dal ricevimento dei prodotti, sono a carico del cliente.<br \/>\nLa merce deve rimanere inutilizzata, integra e nella confezione originale.<\/p>\n<h3>Art. 3 Fornitura della merce<\/h3>\n<p>A meno che venga pattuito diversamente, la fornitura \u00e8 franco luogo indicato dal cliente nel relativo ordine.<br \/>\nQualsiasi responsabilit\u00e0 e rischio inerente alla merce sono trasferiti al cliente al momento della consegna di L.s.A. o un suo incaricato al primo vettore e\/o spedizioniere, anche in caso di forniture parziali.<br \/>\nI termini di fornitura e le scadenze indicate da L.s.A. nella relativa conferma d\u2019ordine sono meramente indicativi e non vincolanti, salvo che, in via eccezionale, il termine di consegna non sia stato promesso in modo impegnativo per iscritto dalla stessa. Vitasane far\u00e0 comunque il possibile per fornire la merce al cliente entro 7 giorni lavorativi. La consegna dei ns. prodotti \u00e8 possibile in tutti i paesi UE.<\/p>\n<h3>Art. 4 Costi di fornitura<\/h3>\n<p>Le forniture della merce avvengono esclusivamente nell\u2019ambito dell\u2019Unione Europea, mediante vettori e spedizionieri convenzionati con Vitasane.<br \/>\nCosti di trasporto per paesi appartenenti all\u2019Unione Europea: 9,50 \u20ac per ordine.<br \/>\nSu richiesta scritta da parte del cliente, G.a.S. comunicher\u00e1 i costi di trasporto per forniture in paesi non appartenenti all\u2019Unione Europea, con la riserva espressa di rifiutare in qualunque momento, senza giustificato motivo, una tale fornitura.<\/p>\n<p>Se la spedizione supera i 12Kg, possono essere aggiunti costi maggiori di spedizione, contattateci gentilmente prima dell&#8217;ordine via e-mail: info@vitasane.it<\/p>\n<h3>Art. 5 Scadenze e pagamenti<\/h3>\n<p>Il prezzo d\u2019acquisto diviene esigibile al momento dell\u2019ordine. Vengono applicati i prezzi in vigore al momento dell\u2019ordine.<br \/>\nIl pagamento deve avvenire secondo una delle modalit\u00e0 previste nel modulo d\u2019 ordine on-line:<br \/>\nmediante carta di credito<br \/>\nAccettiamo Visa, Master-\/Eurocard e Diners. I dati della carta di credito verranno forniti contestualmente all\u2019ordine, direttamente sulla pagina web.<br \/>\nPaypal<br \/>\npagamento anticipato<\/p>\n<p>Qualora non vogliate pagare con carta di credito o non ne abbiate una, potrete effettuare un pagamento anticipato. A questo scopo, per il pagamento dall\u2019estero, potrete utilizzare solo il nostro codice IBAN. Con questa procedura verranno applicate le stesse provvigioni che paghereste per transazioni all\u2019interno dell\u2019Italia. L\u2019importo da Lei versato verr\u00e0 riportato sulla conferma d\u2019ordine. Non appena riceveremo comunicazione del pagamento provvederemo alla spedizione della merce.<\/p>\n<p>La nostra banca d\u2019appoggio:<br \/>\nBanca Popolare Bolzano Gries<br \/>\nIBAN: IT88R0585611602051571129045<br \/>\nBIC: BPAAIT2B051<br \/>\nC\/C: 0051 1129045<\/p>\n<h3>Art. 6 Garanzia e responsabilit\u00e0<\/h3>\n<p>La corrispondenza tra le immagini dei prodotti ed il loro aspetto reale possono differire.<br \/>\nPer difetti della merce inviata da Vitasane entro i confini dell\u2019 Unione Europea, Vitasane \u00e8 responsabile ai sensi delle vigenti normative sulla compravendita dei beni di consumo.<\/p>\n<h3>Art. 7 Protezione dei dati<\/h3>\n<p>Ai sensi ed effetti dell\u2019 art. 13 del Dlgs. 196\/03 (Codice della Privacy) il cliente dichiara di essere stato informato riguardo alle modalit\u00e0 di trattamento dei dati nonch\u00e9 allo scopo del trattamento in oggetto, oltre che ai propri diritti ai sensi dell\u2019 art. 7 del Dlgs. 196\/03 e successive modifiche (Pagina Web). Cliccando sull\u2019 icona posta in calce alle condizioni generali di contratto, il cliente dichiara di aver ricevuto e preso atto delle informazioni sopra descritte ed acconsente al trattamento dei propri dati, relativamente allo scopo in esse descritto ai sensi degli artt. 23 e 24, compresa la loro comunicazione e divulgazione attraverso L.s.A. nei limiti di suddette informazioni.<br \/>\nIn tutte le transazioni, la cifratura dei Suoi dati avverr\u00e0 mediante Secure Socket Layers, il sistema di cifratura SSL.<\/p>\n<h3>Art. 8 Diritto applicabile e foro esclusivo<\/h3>\n<p>Il foro esclusivamente competente \u00e8 quello della sede della societ\u00e0 Vitasane, con sede in I-39023 Oris-Lasa (BZ), e di conseguenza il Tribunale di Bolzano. Per quanto attiene i vincoli contrattuali delle Parti \u00e8 applicabile esclusivamente il diritto italiano. Viene espressamente escluso l\u2019applicazione della Convenzione di Vienna sulla vendita internazionale di beni mobili.<\/p>\n<p>________________________________________<\/p>\n<h2>Privacy<\/h2>\n<h3>Informativa resa ai sensi del Dlgs del 30.06.2003 \u201cCodice della Privacy\u201d<\/h3>\n<p>Ai sensi dell\u2019art. 13, Dlgs 30 giugno 2003 nr. 196 informiamo che la nostra societ\u00e0 Vitasane tratta dati personali di clienti e fornitori e di soggetti che comunicano volontariamente (telefonicamente o via e-mail) i loro dati anagrafici al nostro ufficio commerciale o alla nostra direzione aziendale.<br \/>\nLa nostra dita garantisce nell\u2019ambito delle previsioni normative che il trattamento dei dati personali si svolge nel rispetto dei diritti e delle libert\u00e0 fondamentali, nonch\u00e8 della dignit\u00e0 dell\u2019interessato, con particolare riferimento alla riservatezza, all\u2019identit\u00e0 personale e al diritto alla protezione dei dati personali.<\/p>\n<h3>Finalit\u00e0 del trattamento:<\/h3>\n<p>Adempiere agli obblighi di legge, dai regolamenti, dalla normativa comunitaria, da norme civilistiche e fiscali;<br \/>\nAdempiere agli eventuali obblighi contrattuali nei confronti dell\u2019interessato;<br \/>\nAdempiere ad attivit\u00e0 connesse all\u2019attivit\u00e0 economica della nostra societ\u00e0, come compilazione delle anagrafiche e statistiche interne, per la fatturazione, la tenuta della contabilit\u00e0 clienti-fornitori;<br \/>\nFinalit\u00e0 di tipo commerciale, come invio di informazioni commerciali e materiale pubblicitario (via posta, fax ed e-mail), di marketing e ricerche di mercato;<\/p>\n<p>La tutela dei crediti e la gestione dei debiti;Finalit\u00e0 assicurative, in particolare per assicurazioni crediti.<br \/>\nIn relazione alle finalit\u00e0 di cui sopra i Suoi dati personali verranno comunicati se necessario:<br \/>\nAlle Pubbliche Amministrazioni ed Autorit\u00e0, ove previsto dalla legge;<br \/>\nAd istituti di credito, con i quali la ns. societ\u00e0 ha rapporti per la gestione dei crediti\/debiti e l\u2019intermediazione finanziari;<br \/>\nA tutte quelle persone fisiche e\/o giuridiche, pubbliche e\/o private ( studi di consulenza legale, aziendale, amministrativa e fiscale, uffici giudiziari, Camere di Commercio, ecc.), quando la comunicazione risulti necessaria o funzionale allo svolgimento della nostra attivit\u00e0 e nei modi e per le finalit\u00e0 sopra elencate;<\/p>\n<p>Ai liberi agenti di commercio che hanno rapporti contrattuali con la nostra societ\u00e0.<br \/>\nI dati personali trattati dalla nostra societ\u00e0 non sono soggetti a diffusione.<br \/>\nIl trattamento potr\u00e0 effettuarsi con o senza l\u2019ausilio di mezzi elettronici e comunque automatizzati e comprender\u00e0 tutte le operazioni previste all\u2019art. 4 comma 1, lettera a), Dlgs 30 giugno 2003 nr. 196 e necessarie al trattamento in questione. Comunque il trattamento sar\u00e0 effettuato nell\u2019osservanza di ogni misura cautelativa, che ne garantiscala sicurezza e la riservatezza.<\/p>\n<p>Il Codice della Privacy conferisce agli interessati l\u2019esercizio di specifici diritti di cui all\u2019art. 7. In particolare pu\u00f2 ottenere dal titolare la conferma dell\u2019esistenza o meno di propri dati personali che lo riguardano e la loro comunicazione in forma intelligibile. L\u2019interessato pu\u00f2 altres\u00ec chiedere di conoscere l\u2019origine dei dati, le finalit\u00e0 e modalit\u00e0 del trattamento nonch\u00e8 la logica applicata in caso di trattamento effettuato con l\u2019ausilio di strumenti elettronici, l\u2019identificazione degli estremi identificativi del titolare, dei responsabili nominati e dei soggetti e categorie di soggetti ai quali i dati possono essere comunicati o che possono venirne a conoscenza.<\/p>\n<p>L\u2019interessato ha il diritto di ottenere l\u2019aggiornamento, la rettificazione, l\u2019integrazione, la cancellazione, la trasformazione in via anonima o il blocco dei dati trattati in violazione di legge. L\u2019interessato ha il diritto di opporsi, in tutto o in parte, per motivi legittimi al trattamento dei dati personali che lo riguardano, ancorch\u00e8 pertinenti allo scopo della raccolta, e senza motivo al trattamento dei dati personali che lo riguarda ai fini di invio di materiale pubblicitario o di vendita diretta o per il compimento di ricerche di mercato o di comunicazione commerciale.<br \/>\nI diritti in oggetto possono essere esercitati, anche per il tramite di un incaricato, mediante richiesta rivolta all`azienda (Vitasane, Via valvenosta 32 , 39023 Oris &#8211; Lasa) con lettera raccomandata o via e-mail all\u2019indirizzo info@vitasane.it<br \/>\nIl titolare del trattamento in oggetto \u00e8:<\/p>\n<p>Vitasane, con sede in via venosta 32 39023 Oris &#8211; lasa, in persona del legale rappresentante.<\/p>\n<h3>Vitasane<br \/>\ndi Albert Kohler<\/h3>\n<p>Via venosta 32<br \/>\n39023 Oris &#8211; Lasa<\/p>\n<p>Partita Iva: IT01346220211<\/p>\n<p>Tel: 0039 0473 618047<br \/>\nMail: info@vitasane.it<br \/>\n<a href=\"http:\/\/www.vitasane.it\">www.vitasane.it<\/a><\/p>\n<\/div><\/section>\n","protected":false},"excerpt":{"rendered":"","protected":false},"author":1,"featured_media":0,"parent":0,"menu_order":0,"comment_status":"closed","ping_status":"closed","template":"","meta":{"footnotes":""},"_links":{"self":[{"href":"https:\/\/vitasane.it\/de\/wp-json\/wp\/v2\/pages\/5263"}],"collection":[{"href":"https:\/\/vitasane.it\/de\/wp-json\/wp\/v2\/pages"}],"about":[{"href":"https:\/\/vitasane.it\/de\/wp-json\/wp\/v2\/types\/page"}],"author":[{"embeddable":true,"href":"https:\/\/vitasane.it\/de\/wp-json\/wp\/v2\/users\/1"}],"replies":[{"embeddable":true,"href":"https:\/\/vitasane.it\/de\/wp-json\/wp\/v2\/comments?post=5263"}],"version-history":[{"count":25,"href":"https:\/\/vitasane.it\/de\/wp-json\/wp\/v2\/pages\/5263\/revisions"}],"predecessor-version":[{"id":7915,"href":"https:\/\/vitasane.it\/de\/wp-json\/wp\/v2\/pages\/5263\/revisions\/7915"}],"wp:attachment":[{"href":"https:\/\/vitasane.it\/de\/wp-json\/wp\/v2\/media?parent=5263"}],"curies":[{"name":"wp","href":"https:\/\/api.w.org\/{rel}","templated":true}]}}