{"id":10009,"date":"2023-10-26T19:12:03","date_gmt":"2023-10-26T17:12:03","guid":{"rendered":"https:\/\/vitasane.it\/de\/?post_type=product&#038;p=10009"},"modified":"2024-07-22T18:46:37","modified_gmt":"2024-07-22T16:46:37","slug":"messingbuerste-o30-set-4","status":"publish","type":"product","link":"https:\/\/vitasane.it\/de\/produkt\/messingbuerste-o30-set-4\/","title":{"rendered":"MESSINGB\u00dcRSTE \u00d830 SET 4"},"content":{"rendered":"<p><img loading=\"lazy\" decoding=\"async\" class=\" wp-image-9947 alignleft\" src=\"https:\/\/vitasane.it\/de\/wp-content\/uploads\/2023\/09\/Digital-Vapor.png\" alt=\"\" width=\"172\" height=\"83\" \/><\/p>\n<p>&nbsp;<\/p>\n<p>Umfangreiches Zubeh\u00f6r f\u00fcr eine einfache, nat\u00fcrliche und hygienische Reinigung.<\/p>\n<p>&nbsp;<\/p>\n<p>F\u00fcr den Bereich in K\u00fcche und Badezimmer eignen sich die kleine Messingb\u00fcrste. Vor allem Verkalkungen an Armaturen, oder in der Sp\u00fcle lassen sich damit hervorragend behandeln. Reinigen Sie Keramik-Teile aber bitte immer mit der Nylon-B\u00fcrste<\/p>\n","protected":false},"excerpt":{"rendered":"<p>inkl. gesetzl. MwSt. und zzgl. Versandkosten<\/p>\n","protected":false},"featured_media":9974,"comment_status":"open","ping_status":"closed","template":"","meta":[],"product_cat":[108],"product_tag":[],"_links":{"self":[{"href":"https:\/\/vitasane.it\/de\/wp-json\/wp\/v2\/product\/10009"}],"collection":[{"href":"https:\/\/vitasane.it\/de\/wp-json\/wp\/v2\/product"}],"about":[{"href":"https:\/\/vitasane.it\/de\/wp-json\/wp\/v2\/types\/product"}],"replies":[{"embeddable":true,"href":"https:\/\/vitasane.it\/de\/wp-json\/wp\/v2\/comments?post=10009"}],"wp:featuredmedia":[{"embeddable":true,"href":"https:\/\/vitasane.it\/de\/wp-json\/wp\/v2\/media\/9974"}],"wp:attachment":[{"href":"https:\/\/vitasane.it\/de\/wp-json\/wp\/v2\/media?parent=10009"}],"wp:term":[{"taxonomy":"product_cat","embeddable":true,"href":"https:\/\/vitasane.it\/de\/wp-json\/wp\/v2\/product_cat?post=10009"},{"taxonomy":"product_tag","embeddable":true,"href":"https:\/\/vitasane.it\/de\/wp-json\/wp\/v2\/product_tag?post=10009"}],"curies":[{"name":"wp","href":"https:\/\/api.w.org\/{rel}","templated":true}]}}