{"id":10050,"date":"2023-12-30T11:41:08","date_gmt":"2023-12-30T10:41:08","guid":{"rendered":"https:\/\/vitasane.it\/de\/?post_type=product&#038;p=10050"},"modified":"2024-07-22T18:48:23","modified_gmt":"2024-07-22T16:48:23","slug":"nylonbuerste-o-60-set-4","status":"publish","type":"product","link":"https:\/\/vitasane.it\/de\/produkt\/nylonbuerste-o-60-set-4\/","title":{"rendered":"Nylonb\u00fcrste \u00d8 60 SET 4"},"content":{"rendered":"<p><img loading=\"lazy\" decoding=\"async\" class=\" wp-image-9947 alignleft\" src=\"https:\/\/vitasane.it\/de\/wp-content\/uploads\/2023\/09\/Digital-Vapor.png\" alt=\"\" width=\"172\" height=\"83\" \/><\/p>\n<p>&nbsp;<\/p>\n<p>Umfangreiches Zubeh\u00f6r f\u00fcr eine einfache, nat\u00fcrliche und hygienische Reinigung.<\/p>\n<p>&nbsp;<\/p>\n<p>Die Digital Vapor Rundb\u00fcrste wird auf die Standard-Lanze gesteckt und wird bei der Reinigung empfindlicher Oberfl\u00e4chen, Fensterrahmen, Armaturen, etc. eingesetzt. Als Halterung f\u00fcr Edelstahlwolle bietet es das perfekte Zubeh\u00f6r f\u00fcr die Reinigung des Backrohrs.<\/p>\n","protected":false},"excerpt":{"rendered":"<p>inkl. gesetzl. MwSt. und zzgl. Versandkosten<\/p>\n","protected":false},"featured_media":9985,"comment_status":"open","ping_status":"closed","template":"","meta":[],"product_cat":[108],"product_tag":[],"_links":{"self":[{"href":"https:\/\/vitasane.it\/de\/wp-json\/wp\/v2\/product\/10050"}],"collection":[{"href":"https:\/\/vitasane.it\/de\/wp-json\/wp\/v2\/product"}],"about":[{"href":"https:\/\/vitasane.it\/de\/wp-json\/wp\/v2\/types\/product"}],"replies":[{"embeddable":true,"href":"https:\/\/vitasane.it\/de\/wp-json\/wp\/v2\/comments?post=10050"}],"wp:featuredmedia":[{"embeddable":true,"href":"https:\/\/vitasane.it\/de\/wp-json\/wp\/v2\/media\/9985"}],"wp:attachment":[{"href":"https:\/\/vitasane.it\/de\/wp-json\/wp\/v2\/media?parent=10050"}],"wp:term":[{"taxonomy":"product_cat","embeddable":true,"href":"https:\/\/vitasane.it\/de\/wp-json\/wp\/v2\/product_cat?post=10050"},{"taxonomy":"product_tag","embeddable":true,"href":"https:\/\/vitasane.it\/de\/wp-json\/wp\/v2\/product_tag?post=10050"}],"curies":[{"name":"wp","href":"https:\/\/api.w.org\/{rel}","templated":true}]}}