{"id":10053,"date":"2023-12-30T11:50:32","date_gmt":"2023-12-30T10:50:32","guid":{"rendered":"https:\/\/vitasane.it\/de\/?post_type=product&#038;p=10053"},"modified":"2024-12-28T15:23:14","modified_gmt":"2024-12-28T14:23:14","slug":"laengliche-nylon-fugenbuerste-set-4","status":"publish","type":"product","link":"https:\/\/vitasane.it\/de\/produkt\/laengliche-nylon-fugenbuerste-set-4\/","title":{"rendered":"L\u00e4ngliche Nylon-Fugenb\u00fcrste set 4"},"content":{"rendered":"<div class=\"row\">\n<div class=\"col-md-8 col-md-offset-2\">\n<p style=\"padding-left: 40px\"><img loading=\"lazy\" decoding=\"async\" class=\" wp-image-9947 alignleft\" src=\"https:\/\/vitasane.it\/de\/wp-content\/uploads\/2023\/09\/Digital-Vapor.png\" alt=\"\" width=\"172\" height=\"83\" \/><\/p>\n<p>&nbsp;<\/p>\n<p style=\"padding-left: 40px\">Umfangreiches Zubeh\u00f6r f\u00fcr eine einfache, nat\u00fcrliche und hygienische Reinigung.<\/p>\n<\/div>\n<\/div>\n<p>&nbsp;<\/p>\n<p>Die Fugenb\u00fcrste wird auf die Dampflanze gesteckt und eignet sich ideal f\u00fcr die Reinigung von Fugen.<\/p>\n<div class=\"row\">\n<div class=\"col-md-6 padding_top_50\"><\/div>\n<\/div>\n","protected":false},"excerpt":{"rendered":"<p>inkl. gesetzl. MwSt. und zzgl. Versandkosten<\/p>\n","protected":false},"featured_media":11609,"comment_status":"open","ping_status":"closed","template":"","meta":[],"product_cat":[108],"product_tag":[],"_links":{"self":[{"href":"https:\/\/vitasane.it\/de\/wp-json\/wp\/v2\/product\/10053"}],"collection":[{"href":"https:\/\/vitasane.it\/de\/wp-json\/wp\/v2\/product"}],"about":[{"href":"https:\/\/vitasane.it\/de\/wp-json\/wp\/v2\/types\/product"}],"replies":[{"embeddable":true,"href":"https:\/\/vitasane.it\/de\/wp-json\/wp\/v2\/comments?post=10053"}],"wp:featuredmedia":[{"embeddable":true,"href":"https:\/\/vitasane.it\/de\/wp-json\/wp\/v2\/media\/11609"}],"wp:attachment":[{"href":"https:\/\/vitasane.it\/de\/wp-json\/wp\/v2\/media?parent=10053"}],"wp:term":[{"taxonomy":"product_cat","embeddable":true,"href":"https:\/\/vitasane.it\/de\/wp-json\/wp\/v2\/product_cat?post=10053"},{"taxonomy":"product_tag","embeddable":true,"href":"https:\/\/vitasane.it\/de\/wp-json\/wp\/v2\/product_tag?post=10053"}],"curies":[{"name":"wp","href":"https:\/\/api.w.org\/{rel}","templated":true}]}}