{"id":10058,"date":"2023-12-30T13:16:25","date_gmt":"2023-12-30T12:16:25","guid":{"rendered":"https:\/\/vitasane.it\/de\/?post_type=product&#038;p=10058"},"modified":"2024-07-22T18:57:34","modified_gmt":"2024-07-22T16:57:34","slug":"dampfschaber-set-4","status":"publish","type":"product","link":"https:\/\/vitasane.it\/de\/produkt\/dampfschaber-set-4\/","title":{"rendered":"Dampfschaber set 4"},"content":{"rendered":"<div class=\"row\">\n<div class=\"col-md-8 col-md-offset-2\">\n<p style=\"padding-left: 40px\"><img loading=\"lazy\" decoding=\"async\" class=\" wp-image-9947 alignleft\" src=\"https:\/\/vitasane.it\/de\/wp-content\/uploads\/2023\/09\/Digital-Vapor.png\" alt=\"\" width=\"172\" height=\"83\" \/><\/p>\n<p>&nbsp;<\/p>\n<p style=\"padding-left: 40px\">Umfangreiches Zubeh\u00f6r f\u00fcr eine einfache, nat\u00fcrliche und hygienische Reinigung.<\/p>\n<\/div>\n<\/div>\n<p>&nbsp;<\/p>\n<p>Digital Vapor Dampfspachtel kann direkt auf die Dampflanze aufgesetzt werden und eignet sich hervorragend zum Enteisen Ihres Tiefk\u00fchlfaches.<\/p>\n<div class=\"row\">\n<div class=\"col-md-6 padding_top_50\"><\/div>\n<\/div>\n","protected":false},"excerpt":{"rendered":"<p>inkl. gesetzl. MwSt. und zzgl. Versandkosten<\/p>\n","protected":false},"featured_media":9978,"comment_status":"open","ping_status":"closed","template":"","meta":[],"product_cat":[108],"product_tag":[],"_links":{"self":[{"href":"https:\/\/vitasane.it\/de\/wp-json\/wp\/v2\/product\/10058"}],"collection":[{"href":"https:\/\/vitasane.it\/de\/wp-json\/wp\/v2\/product"}],"about":[{"href":"https:\/\/vitasane.it\/de\/wp-json\/wp\/v2\/types\/product"}],"replies":[{"embeddable":true,"href":"https:\/\/vitasane.it\/de\/wp-json\/wp\/v2\/comments?post=10058"}],"wp:featuredmedia":[{"embeddable":true,"href":"https:\/\/vitasane.it\/de\/wp-json\/wp\/v2\/media\/9978"}],"wp:attachment":[{"href":"https:\/\/vitasane.it\/de\/wp-json\/wp\/v2\/media?parent=10058"}],"wp:term":[{"taxonomy":"product_cat","embeddable":true,"href":"https:\/\/vitasane.it\/de\/wp-json\/wp\/v2\/product_cat?post=10058"},{"taxonomy":"product_tag","embeddable":true,"href":"https:\/\/vitasane.it\/de\/wp-json\/wp\/v2\/product_tag?post=10058"}],"curies":[{"name":"wp","href":"https:\/\/api.w.org\/{rel}","templated":true}]}}