{"id":10062,"date":"2023-12-30T15:32:42","date_gmt":"2023-12-30T14:32:42","guid":{"rendered":"https:\/\/vitasane.it\/de\/?post_type=product&#038;p=10062"},"modified":"2025-05-08T20:04:38","modified_gmt":"2025-05-08T18:04:38","slug":"essenz-verdampfer","status":"publish","type":"product","link":"https:\/\/vitasane.it\/de\/produkt\/essenz-verdampfer\/","title":{"rendered":"ESSENZ-VERDAMPFER"},"content":{"rendered":"<p><img loading=\"lazy\" decoding=\"async\" class=\" wp-image-9947 alignleft\" src=\"https:\/\/vitasane.it\/de\/wp-content\/uploads\/2023\/09\/Digital-Vapor.png\" alt=\"\" width=\"160\" height=\"77\" \/><\/p>\n<p>&nbsp;<\/p>\n<p>Umfangreiches Zubeh\u00f6r f\u00fcr eine einfache, nat\u00fcrliche und hygienische Reinigung.<\/p>\n<h4 style=\"text-align: left\">Inklusive : Nat\u00fcrliche Balsamessenzen<\/h4>\n<h4 style=\"text-align: left\">Set aus drei nat\u00fcrlichen Balsamessenzen: Eukalyptus, Lavendel, Orange.<\/h4>\n<p><img loading=\"lazy\" decoding=\"async\" class=\"aligncenter wp-image-10089 size-medium\" src=\"https:\/\/vitasane.it\/de\/wp-content\/uploads\/2023\/12\/essenze-accessori-300x300.jpg\" alt=\"Nat\u00fcrliche Balsamessenzen\u00a0\" width=\"300\" height=\"300\" srcset=\"https:\/\/vitasane.it\/de\/wp-content\/uploads\/2023\/12\/essenze-accessori-300x300.jpg 300w, https:\/\/vitasane.it\/de\/wp-content\/uploads\/2023\/12\/essenze-accessori-150x150.jpg 150w, https:\/\/vitasane.it\/de\/wp-content\/uploads\/2023\/12\/essenze-accessori-500x500.jpg 500w, https:\/\/vitasane.it\/de\/wp-content\/uploads\/2023\/12\/essenze-accessori-100x100.jpg 100w, https:\/\/vitasane.it\/de\/wp-content\/uploads\/2023\/12\/essenze-accessori.jpg 768w\" sizes=\"(max-width: 300px) 100vw, 300px\" \/><\/p>\n","protected":false},"excerpt":{"rendered":"<p>inkl. gesetzl. MwSt. und zzgl. Versandkosten<\/p>\n","protected":false},"featured_media":9994,"comment_status":"open","ping_status":"closed","template":"","meta":[],"product_cat":[108],"product_tag":[],"_links":{"self":[{"href":"https:\/\/vitasane.it\/de\/wp-json\/wp\/v2\/product\/10062"}],"collection":[{"href":"https:\/\/vitasane.it\/de\/wp-json\/wp\/v2\/product"}],"about":[{"href":"https:\/\/vitasane.it\/de\/wp-json\/wp\/v2\/types\/product"}],"replies":[{"embeddable":true,"href":"https:\/\/vitasane.it\/de\/wp-json\/wp\/v2\/comments?post=10062"}],"wp:featuredmedia":[{"embeddable":true,"href":"https:\/\/vitasane.it\/de\/wp-json\/wp\/v2\/media\/9994"}],"wp:attachment":[{"href":"https:\/\/vitasane.it\/de\/wp-json\/wp\/v2\/media?parent=10062"}],"wp:term":[{"taxonomy":"product_cat","embeddable":true,"href":"https:\/\/vitasane.it\/de\/wp-json\/wp\/v2\/product_cat?post=10062"},{"taxonomy":"product_tag","embeddable":true,"href":"https:\/\/vitasane.it\/de\/wp-json\/wp\/v2\/product_tag?post=10062"}],"curies":[{"name":"wp","href":"https:\/\/api.w.org\/{rel}","templated":true}]}}