{"id":10065,"date":"2023-12-30T16:24:02","date_gmt":"2023-12-30T15:24:02","guid":{"rendered":"https:\/\/vitasane.it\/de\/?post_type=product&#038;p=10065"},"modified":"2024-09-04T08:35:42","modified_gmt":"2024-09-04T06:35:42","slug":"dampfmop-basis-mit-gelenk","status":"publish","type":"product","link":"https:\/\/vitasane.it\/de\/produkt\/dampfmop-basis-mit-gelenk\/","title":{"rendered":"Dampfmop-Basis mit Gelenk"},"content":{"rendered":"<p><img loading=\"lazy\" decoding=\"async\" class=\" wp-image-9947 alignleft\" src=\"https:\/\/vitasane.it\/de\/wp-content\/uploads\/2023\/09\/Digital-Vapor.png\" alt=\"\" width=\"172\" height=\"83\" \/><\/p>\n<p>&nbsp;<\/p>\n<p>Umfangreiches Zubeh\u00f6r f\u00fcr eine einfache, nat\u00fcrliche und hygienische Reinigung.<\/p>\n<p>&nbsp;<\/p>\n<p><strong>1 Dampfmop-Basis mit Gelenk<\/strong><\/p>\n<p><strong>Inkl. 2\u00a0Mopp mit Klettverschluss aus Ultramikrofaser<\/strong><\/p>\n<p><img loading=\"lazy\" decoding=\"async\" class=\" wp-image-11316 alignleft\" src=\"https:\/\/vitasane.it\/de\/wp-content\/uploads\/2023\/12\/nannt-723x1024.png\" alt=\"\" width=\"674\" height=\"955\" srcset=\"https:\/\/vitasane.it\/de\/wp-content\/uploads\/2023\/12\/nannt-723x1024.png 723w, https:\/\/vitasane.it\/de\/wp-content\/uploads\/2023\/12\/nannt-212x300.png 212w, https:\/\/vitasane.it\/de\/wp-content\/uploads\/2023\/12\/nannt-768x1088.png 768w, https:\/\/vitasane.it\/de\/wp-content\/uploads\/2023\/12\/nannt-1084x1536.png 1084w, https:\/\/vitasane.it\/de\/wp-content\/uploads\/2023\/12\/nannt-1446x2048.png 1446w, https:\/\/vitasane.it\/de\/wp-content\/uploads\/2023\/12\/nannt-500x708.png 500w\" sizes=\"(max-width: 674px) 100vw, 674px\" \/><\/p>\n","protected":false},"excerpt":{"rendered":"<p>inkl. gesetzl. MwSt. und zzgl. Versandkosten<\/p>\n","protected":false},"featured_media":10080,"comment_status":"open","ping_status":"closed","template":"","meta":[],"product_cat":[108],"product_tag":[],"_links":{"self":[{"href":"https:\/\/vitasane.it\/de\/wp-json\/wp\/v2\/product\/10065"}],"collection":[{"href":"https:\/\/vitasane.it\/de\/wp-json\/wp\/v2\/product"}],"about":[{"href":"https:\/\/vitasane.it\/de\/wp-json\/wp\/v2\/types\/product"}],"replies":[{"embeddable":true,"href":"https:\/\/vitasane.it\/de\/wp-json\/wp\/v2\/comments?post=10065"}],"wp:featuredmedia":[{"embeddable":true,"href":"https:\/\/vitasane.it\/de\/wp-json\/wp\/v2\/media\/10080"}],"wp:attachment":[{"href":"https:\/\/vitasane.it\/de\/wp-json\/wp\/v2\/media?parent=10065"}],"wp:term":[{"taxonomy":"product_cat","embeddable":true,"href":"https:\/\/vitasane.it\/de\/wp-json\/wp\/v2\/product_cat?post=10065"},{"taxonomy":"product_tag","embeddable":true,"href":"https:\/\/vitasane.it\/de\/wp-json\/wp\/v2\/product_tag?post=10065"}],"curies":[{"name":"wp","href":"https:\/\/api.w.org\/{rel}","templated":true}]}}