{"id":10067,"date":"2024-01-01T14:21:33","date_gmt":"2024-01-01T13:21:33","guid":{"rendered":"https:\/\/vitasane.it\/de\/?post_type=product&#038;p=10067"},"modified":"2024-05-25T17:34:08","modified_gmt":"2024-05-25T15:34:08","slug":"dampf-bodenbuerste-mit-gelenk","status":"publish","type":"product","link":"https:\/\/vitasane.it\/de\/produkt\/dampf-bodenbuerste-mit-gelenk\/","title":{"rendered":"Dampf Bodenb\u00fcrste mit Gelenk"},"content":{"rendered":"<p><img loading=\"lazy\" decoding=\"async\" class=\" wp-image-9947 alignleft\" src=\"https:\/\/vitasane.it\/de\/wp-content\/uploads\/2023\/09\/Digital-Vapor.png\" alt=\"\" width=\"172\" height=\"83\" \/><\/p>\n<p>&nbsp;<\/p>\n<p>Umfangreiches Zubeh\u00f6r f\u00fcr eine einfache, nat\u00fcrliche und hygienische Reinigung.<\/p>\n<p>&nbsp;<\/p>\n<p><strong>Dampf Bodenb\u00fcrste mit Gelenk<\/strong><\/p>\n","protected":false},"excerpt":{"rendered":"<p>inkl. gesetzl. MwSt. und zzgl. Versandkosten<\/p>\n","protected":false},"featured_media":9975,"comment_status":"open","ping_status":"closed","template":"","meta":[],"product_cat":[108],"product_tag":[],"_links":{"self":[{"href":"https:\/\/vitasane.it\/de\/wp-json\/wp\/v2\/product\/10067"}],"collection":[{"href":"https:\/\/vitasane.it\/de\/wp-json\/wp\/v2\/product"}],"about":[{"href":"https:\/\/vitasane.it\/de\/wp-json\/wp\/v2\/types\/product"}],"replies":[{"embeddable":true,"href":"https:\/\/vitasane.it\/de\/wp-json\/wp\/v2\/comments?post=10067"}],"wp:featuredmedia":[{"embeddable":true,"href":"https:\/\/vitasane.it\/de\/wp-json\/wp\/v2\/media\/9975"}],"wp:attachment":[{"href":"https:\/\/vitasane.it\/de\/wp-json\/wp\/v2\/media?parent=10067"}],"wp:term":[{"taxonomy":"product_cat","embeddable":true,"href":"https:\/\/vitasane.it\/de\/wp-json\/wp\/v2\/product_cat?post=10067"},{"taxonomy":"product_tag","embeddable":true,"href":"https:\/\/vitasane.it\/de\/wp-json\/wp\/v2\/product_tag?post=10067"}],"curies":[{"name":"wp","href":"https:\/\/api.w.org\/{rel}","templated":true}]}}