{"id":10118,"date":"2024-01-30T18:58:03","date_gmt":"2024-01-30T17:58:03","guid":{"rendered":"https:\/\/vitasane.it\/de\/?post_type=product&#038;p=10118"},"modified":"2024-01-30T19:49:57","modified_gmt":"2024-01-30T18:49:57","slug":"aluminium-dampfverlaengerung","status":"publish","type":"product","link":"https:\/\/vitasane.it\/de\/produkt\/aluminium-dampfverlaengerung\/","title":{"rendered":"ALUMINIUM-DAMPFVERL\u00c4NGERUNG"},"content":{"rendered":"<p><img loading=\"lazy\" decoding=\"async\" class=\" wp-image-9947 alignleft\" src=\"https:\/\/vitasane.it\/de\/wp-content\/uploads\/2023\/09\/Digital-Vapor.png\" alt=\"\" width=\"172\" height=\"83\" \/><\/p>\n<p>&nbsp;<\/p>\n<p>Umfangreiches Zubeh\u00f6r f\u00fcr eine einfache, nat\u00fcrliche und hygienische Reinigung.<\/p>\n<p>&nbsp;<\/p>\n<p><strong>2 x ALUMINIUM-DAMPFVERL\u00c4NGERUNG<\/strong><\/p>\n","protected":false},"excerpt":{"rendered":"<p>inkl. gesetzl. MwSt. und zzgl. Versandkosten<\/p>\n","protected":false},"featured_media":10119,"comment_status":"open","ping_status":"closed","template":"","meta":[],"product_cat":[108],"product_tag":[],"_links":{"self":[{"href":"https:\/\/vitasane.it\/de\/wp-json\/wp\/v2\/product\/10118"}],"collection":[{"href":"https:\/\/vitasane.it\/de\/wp-json\/wp\/v2\/product"}],"about":[{"href":"https:\/\/vitasane.it\/de\/wp-json\/wp\/v2\/types\/product"}],"replies":[{"embeddable":true,"href":"https:\/\/vitasane.it\/de\/wp-json\/wp\/v2\/comments?post=10118"}],"wp:featuredmedia":[{"embeddable":true,"href":"https:\/\/vitasane.it\/de\/wp-json\/wp\/v2\/media\/10119"}],"wp:attachment":[{"href":"https:\/\/vitasane.it\/de\/wp-json\/wp\/v2\/media?parent=10118"}],"wp:term":[{"taxonomy":"product_cat","embeddable":true,"href":"https:\/\/vitasane.it\/de\/wp-json\/wp\/v2\/product_cat?post=10118"},{"taxonomy":"product_tag","embeddable":true,"href":"https:\/\/vitasane.it\/de\/wp-json\/wp\/v2\/product_tag?post=10118"}],"curies":[{"name":"wp","href":"https:\/\/api.w.org\/{rel}","templated":true}]}}