{"id":10120,"date":"2024-01-30T19:31:36","date_gmt":"2024-01-30T18:31:36","guid":{"rendered":"https:\/\/vitasane.it\/de\/?post_type=product&#038;p=10120"},"modified":"2024-03-04T13:36:55","modified_gmt":"2024-03-04T12:36:55","slug":"anti-glanz-einlegesohle-fuer-buegeleisen","status":"publish","type":"product","link":"https:\/\/vitasane.it\/de\/produkt\/anti-glanz-einlegesohle-fuer-buegeleisen\/","title":{"rendered":"Anti-Glanz-Einlegesohle f\u00fcr B\u00fcgeleisen"},"content":{"rendered":"<p><img loading=\"lazy\" decoding=\"async\" class=\" wp-image-9947 alignleft\" src=\"https:\/\/vitasane.it\/de\/wp-content\/uploads\/2023\/09\/Digital-Vapor.png\" alt=\"\" width=\"172\" height=\"83\" \/><\/p>\n<p>&nbsp;<\/p>\n<p>Umfangreiches Zubeh\u00f6r f\u00fcr eine einfache, nat\u00fcrliche und hygienische Reinigung.<\/p>\n","protected":false},"excerpt":{"rendered":"<p>inkl. gesetzl. MwSt. und zzgl. Versandkosten<\/p>\n","protected":false},"featured_media":11195,"comment_status":"open","ping_status":"closed","template":"","meta":[],"product_cat":[108],"product_tag":[],"_links":{"self":[{"href":"https:\/\/vitasane.it\/de\/wp-json\/wp\/v2\/product\/10120"}],"collection":[{"href":"https:\/\/vitasane.it\/de\/wp-json\/wp\/v2\/product"}],"about":[{"href":"https:\/\/vitasane.it\/de\/wp-json\/wp\/v2\/types\/product"}],"replies":[{"embeddable":true,"href":"https:\/\/vitasane.it\/de\/wp-json\/wp\/v2\/comments?post=10120"}],"wp:featuredmedia":[{"embeddable":true,"href":"https:\/\/vitasane.it\/de\/wp-json\/wp\/v2\/media\/11195"}],"wp:attachment":[{"href":"https:\/\/vitasane.it\/de\/wp-json\/wp\/v2\/media?parent=10120"}],"wp:term":[{"taxonomy":"product_cat","embeddable":true,"href":"https:\/\/vitasane.it\/de\/wp-json\/wp\/v2\/product_cat?post=10120"},{"taxonomy":"product_tag","embeddable":true,"href":"https:\/\/vitasane.it\/de\/wp-json\/wp\/v2\/product_tag?post=10120"}],"curies":[{"name":"wp","href":"https:\/\/api.w.org\/{rel}","templated":true}]}}