{"id":10164,"date":"2024-02-08T15:43:03","date_gmt":"2024-02-08T14:43:03","guid":{"rendered":"https:\/\/vitasane.it\/de\/?post_type=product&#038;p=10164"},"modified":"2025-10-27T19:36:34","modified_gmt":"2025-10-27T18:36:34","slug":"stahlschwamm-spiraleset-5","status":"publish","type":"product","link":"https:\/\/vitasane.it\/de\/produkt\/stahlschwamm-spiraleset-5\/","title":{"rendered":"Stahlschwamm Spirale set 5"},"content":{"rendered":"<p><img loading=\"lazy\" decoding=\"async\" class=\" wp-image-9947 alignleft\" src=\"https:\/\/vitasane.it\/de\/wp-content\/uploads\/2023\/09\/Digital-Vapor.png\" alt=\"\" width=\"172\" height=\"83\" \/><\/p>\n<p>&nbsp;<\/p>\n<p>Umfangreiches Zubeh\u00f6r f\u00fcr eine einfache, nat\u00fcrliche und hygienische Reinigung.<\/p>\n<p>&nbsp;<\/p>\n<p>Stahlschwamm Spirale, 80gr. rostfrei set 5<\/p>\n<div class=\"content--title\">Mit den Edelstahl-Spiralen l\u00e4sst sich Eingebranntes aus T\u00f6pfen, Auflaufformen und Pfannen leicht wieder entfernen.<\/div>\n<div class=\"content--title\">F\u00fcr Edelstahl, Backrohr, Alu, Email und feuerfestes Glas. Einfach mit <strong>Digital Vapor Trockendampfreiniger<\/strong> verwenden.<\/div>\n<div class=\"product--description\">\n<ul>\n<li>kratzfrei<\/li>\n<li>hygienisch<\/li>\n<li>rostfrei<\/li>\n<li>langlebig<\/li>\n<\/ul>\n<\/div>\n","protected":false},"excerpt":{"rendered":"<p>inkl. gesetzl. MwSt. und zzgl. Versandkosten<\/p>\n","protected":false},"featured_media":10166,"comment_status":"open","ping_status":"closed","template":"","meta":[],"product_cat":[108],"product_tag":[],"_links":{"self":[{"href":"https:\/\/vitasane.it\/de\/wp-json\/wp\/v2\/product\/10164"}],"collection":[{"href":"https:\/\/vitasane.it\/de\/wp-json\/wp\/v2\/product"}],"about":[{"href":"https:\/\/vitasane.it\/de\/wp-json\/wp\/v2\/types\/product"}],"replies":[{"embeddable":true,"href":"https:\/\/vitasane.it\/de\/wp-json\/wp\/v2\/comments?post=10164"}],"wp:featuredmedia":[{"embeddable":true,"href":"https:\/\/vitasane.it\/de\/wp-json\/wp\/v2\/media\/10166"}],"wp:attachment":[{"href":"https:\/\/vitasane.it\/de\/wp-json\/wp\/v2\/media?parent=10164"}],"wp:term":[{"taxonomy":"product_cat","embeddable":true,"href":"https:\/\/vitasane.it\/de\/wp-json\/wp\/v2\/product_cat?post=10164"},{"taxonomy":"product_tag","embeddable":true,"href":"https:\/\/vitasane.it\/de\/wp-json\/wp\/v2\/product_tag?post=10164"}],"curies":[{"name":"wp","href":"https:\/\/api.w.org\/{rel}","templated":true}]}}