{"id":11939,"date":"2025-08-28T11:42:29","date_gmt":"2025-08-28T09:42:29","guid":{"rendered":"https:\/\/vitasane.it\/de\/?post_type=product&#038;p=11939"},"modified":"2025-08-28T11:53:37","modified_gmt":"2025-08-28T09:53:37","slug":"griff-mit-schlauch","status":"publish","type":"product","link":"https:\/\/vitasane.it\/de\/produkt\/griff-mit-schlauch\/","title":{"rendered":"Griff mit schlauch Digital Vapor"},"content":{"rendered":"<h3><img loading=\"lazy\" decoding=\"async\" class=\"alignleft wp-image-9947\" src=\"https:\/\/vitasane.it\/de\/wp-content\/uploads\/2023\/09\/Digital-Vapor.png\" alt=\"\" width=\"125\" height=\"60\" \/><\/h3>\n<h3>Umfangreiches Zubeh\u00f6r f\u00fcr eine einfache, nat\u00fcrliche und hygienische Reinigung.<\/h3>\n<h3 style=\"text-align: left\">&#8222;Reinigungs-Dampfhandschuh-profesional geignet f\u00fcr den Digital Vapor&#8220;<\/h3>\n<p>Entdecken Sie die m\u00fchelose Art der hygienischen Sauberkeit mit dem <strong>Digital Vapor<\/strong>! Mit einem Wisch beseitigt der Dampfhandschuh selbst tief sitzenden Schmutz porentief und macht Schluss mit hartn\u00e4ckigen Verunreinigungen auf s\u00e4mtlichen Oberfl\u00e4chen in K\u00fcche, Bad, WC, Wohn-, Schlaf- und Kinderzimmer.<\/p>\n","protected":false},"excerpt":{"rendered":"<p>inkl. gesetzl. MwSt. und zzgl. Versandkosten<\/p>\n","protected":false},"featured_media":9981,"comment_status":"open","ping_status":"closed","template":"","meta":[],"product_cat":[108],"product_tag":[],"_links":{"self":[{"href":"https:\/\/vitasane.it\/de\/wp-json\/wp\/v2\/product\/11939"}],"collection":[{"href":"https:\/\/vitasane.it\/de\/wp-json\/wp\/v2\/product"}],"about":[{"href":"https:\/\/vitasane.it\/de\/wp-json\/wp\/v2\/types\/product"}],"replies":[{"embeddable":true,"href":"https:\/\/vitasane.it\/de\/wp-json\/wp\/v2\/comments?post=11939"}],"wp:featuredmedia":[{"embeddable":true,"href":"https:\/\/vitasane.it\/de\/wp-json\/wp\/v2\/media\/9981"}],"wp:attachment":[{"href":"https:\/\/vitasane.it\/de\/wp-json\/wp\/v2\/media?parent=11939"}],"wp:term":[{"taxonomy":"product_cat","embeddable":true,"href":"https:\/\/vitasane.it\/de\/wp-json\/wp\/v2\/product_cat?post=11939"},{"taxonomy":"product_tag","embeddable":true,"href":"https:\/\/vitasane.it\/de\/wp-json\/wp\/v2\/product_tag?post=11939"}],"curies":[{"name":"wp","href":"https:\/\/api.w.org\/{rel}","templated":true}]}}