{"id":12025,"date":"2025-10-27T17:58:59","date_gmt":"2025-10-27T16:58:59","guid":{"rendered":"https:\/\/vitasane.it\/de\/?post_type=product&#038;p=12025"},"modified":"2025-10-27T18:09:03","modified_gmt":"2025-10-27T17:09:03","slug":"griff-mit-schlauch-5mt-digital-vapor","status":"publish","type":"product","link":"https:\/\/vitasane.it\/de\/produkt\/griff-mit-schlauch-5mt-digital-vapor\/","title":{"rendered":"Griff mit schlauch 5mt -Digital Vapor"},"content":{"rendered":"<h3><img loading=\"lazy\" decoding=\"async\" class=\"alignleft wp-image-9947\" src=\"https:\/\/vitasane.it\/de\/wp-content\/uploads\/2023\/09\/Digital-Vapor.png\" alt=\"\" width=\"125\" height=\"60\" \/><\/h3>\n<h3>Umfangreiches Zubeh\u00f6r f\u00fcr eine einfache, nat\u00fcrliche und hygienische Reinigung.<\/h3>\n<p>&nbsp;<\/p>\n<p>&nbsp;<\/p>\n<p>Entdecken Sie die m\u00fchelose Art der hygienischen Sauberkeit mit dem <strong>Digital Vapor<\/strong>! Mit einem Wisch beseitigt der Dampfhandschuh selbst tief sitzenden Schmutz porentief und macht Schluss mit hartn\u00e4ckigen Verunreinigungen auf s\u00e4mtlichen Oberfl\u00e4chen in K\u00fcche, Bad, WC, Wohn-, Schlaf- und Kinderzimmer.<\/p>\n","protected":false},"excerpt":{"rendered":"<p>inkl. gesetzl. MwSt. und zzgl. Versandkosten<\/p>\n","protected":false},"featured_media":12026,"comment_status":"open","ping_status":"closed","template":"","meta":[],"product_cat":[108],"product_tag":[],"_links":{"self":[{"href":"https:\/\/vitasane.it\/de\/wp-json\/wp\/v2\/product\/12025"}],"collection":[{"href":"https:\/\/vitasane.it\/de\/wp-json\/wp\/v2\/product"}],"about":[{"href":"https:\/\/vitasane.it\/de\/wp-json\/wp\/v2\/types\/product"}],"replies":[{"embeddable":true,"href":"https:\/\/vitasane.it\/de\/wp-json\/wp\/v2\/comments?post=12025"}],"wp:featuredmedia":[{"embeddable":true,"href":"https:\/\/vitasane.it\/de\/wp-json\/wp\/v2\/media\/12026"}],"wp:attachment":[{"href":"https:\/\/vitasane.it\/de\/wp-json\/wp\/v2\/media?parent=12025"}],"wp:term":[{"taxonomy":"product_cat","embeddable":true,"href":"https:\/\/vitasane.it\/de\/wp-json\/wp\/v2\/product_cat?post=12025"},{"taxonomy":"product_tag","embeddable":true,"href":"https:\/\/vitasane.it\/de\/wp-json\/wp\/v2\/product_tag?post=12025"}],"curies":[{"name":"wp","href":"https:\/\/api.w.org\/{rel}","templated":true}]}}