{"id":1218,"date":"2015-06-10T09:19:56","date_gmt":"2015-06-10T07:19:56","guid":{"rendered":"http:\/\/vitasane.it\/de\/?post_type=product&#038;p=1218"},"modified":"2025-11-18T20:44:50","modified_gmt":"2025-11-18T19:44:50","slug":"behaelter-fuer-cuisilux-kuechenmaschine","status":"publish","type":"product","link":"https:\/\/vitasane.it\/de\/produkt\/behaelter-fuer-cuisilux-kuechenmaschine\/","title":{"rendered":"Beh\u00e4lter"},"content":{"rendered":"<h4><img loading=\"lazy\" decoding=\"async\" class=\"alignnone wp-image-11563 size-full\" src=\"https:\/\/vitasane.it\/de\/wp-content\/uploads\/2015\/06\/DE-Fahne.png\" alt=\"\" width=\"24\" height=\"14\" \/><\/h4>\n<h4>Beh\u00e4lter f\u00fcr unsere Cuisilux K\u00fcchenmaschine<\/h4>\n<p>&nbsp;<\/p>\n<p><img loading=\"lazy\" decoding=\"async\" class=\"alignnone size-full wp-image-11564\" src=\"https:\/\/vitasane.it\/de\/wp-content\/uploads\/2015\/06\/it_Fahne.png\" alt=\"\" width=\"25\" height=\"15\" \/><\/p>\n<p><strong>Contenitore per il nostro robot da cucina Cuisilux<\/strong><\/p>\n","protected":false},"excerpt":{"rendered":"<p>inkl. gesetzl. MwSt. und zzgl. Versandkosten<\/p>\n","protected":false},"featured_media":1219,"comment_status":"closed","ping_status":"closed","template":"","meta":[],"product_cat":[52],"product_tag":[],"_links":{"self":[{"href":"https:\/\/vitasane.it\/de\/wp-json\/wp\/v2\/product\/1218"}],"collection":[{"href":"https:\/\/vitasane.it\/de\/wp-json\/wp\/v2\/product"}],"about":[{"href":"https:\/\/vitasane.it\/de\/wp-json\/wp\/v2\/types\/product"}],"replies":[{"embeddable":true,"href":"https:\/\/vitasane.it\/de\/wp-json\/wp\/v2\/comments?post=1218"}],"wp:featuredmedia":[{"embeddable":true,"href":"https:\/\/vitasane.it\/de\/wp-json\/wp\/v2\/media\/1219"}],"wp:attachment":[{"href":"https:\/\/vitasane.it\/de\/wp-json\/wp\/v2\/media?parent=1218"}],"wp:term":[{"taxonomy":"product_cat","embeddable":true,"href":"https:\/\/vitasane.it\/de\/wp-json\/wp\/v2\/product_cat?post=1218"},{"taxonomy":"product_tag","embeddable":true,"href":"https:\/\/vitasane.it\/de\/wp-json\/wp\/v2\/product_tag?post=1218"}],"curies":[{"name":"wp","href":"https:\/\/api.w.org\/{rel}","templated":true}]}}