{"id":1220,"date":"2015-06-10T09:24:19","date_gmt":"2015-06-10T07:24:19","guid":{"rendered":"http:\/\/vitasane.it\/de\/?post_type=product&#038;p=1220"},"modified":"2026-01-07T19:53:01","modified_gmt":"2026-01-07T18:53:01","slug":"schneidemesser-fuer-cuisilux-kuechenmaschine","status":"publish","type":"product","link":"https:\/\/vitasane.it\/de\/produkt\/schneidemesser-fuer-cuisilux-kuechenmaschine\/","title":{"rendered":"Feine Schneidescheibe"},"content":{"rendered":"<p>DE:<\/p>\n<h2>ZUBEREITUNGSARTEN MIT DEM SCHEIBENZUBEH\u00d6R<\/h2>\n<p>Sie k\u00f6nnen mit dem Scheibenzubeh\u00f6r fein und grob schneiden, reiben, hobeln, raspeln und stiftelig schneiden.<\/p>\n<p>Bei der Standardausstattung des Bio-Universalger\u00e4tes ist die grobe Schneide- und Reibescheibe sowie die Pommesscheibe enthalten.<\/p>\n<p>IT:<strong> Disco per grattugiare grossolano<\/strong><\/p>\n<h2>TIPOLOGIE DI COTTURA CON GLI ACCESSORI DEL DISCO<\/h2>\n<p>Con l&#8217;accessorio disco puoi tagliare finemente e grossolanamente, grattugiare, piallare, grattugiare e tagliare a bastoncini.<\/p>\n<p>Il disco per tagliare e grattugiare grossolani e il disco per patatine fritte sono inclusi nella dotazione standard del dispositivo bio universale.<\/p>\n<p><a href=\"https:\/\/vitasane.it\/de\/produkt\/pommes-schneidemesser-fuer-cuisilux-kuechenmaschine\/\"><img loading=\"lazy\" decoding=\"async\" class=\"alignleft wp-image-2523\" src=\"http:\/\/vitasane.it\/de\/wp-content\/uploads\/2015\/08\/Pommesscheibe-Standardausstattung-300x200.jpg\" alt=\"\" width=\"177\" height=\"118\" srcset=\"https:\/\/vitasane.it\/de\/wp-content\/uploads\/2015\/08\/Pommesscheibe-Standardausstattung-300x200.jpg 300w, https:\/\/vitasane.it\/de\/wp-content\/uploads\/2015\/08\/Pommesscheibe-Standardausstattung.jpg 751w\" sizes=\"(max-width: 177px) 100vw, 177px\" \/><\/a><a href=\"https:\/\/vitasane.it\/de\/produkt\/grobes-schneidemesser-fuer-muehlen-aufsatz-der-cuisilux-kuechenmaschine\/\"><img loading=\"lazy\" decoding=\"async\" class=\"alignleft wp-image-2521\" src=\"http:\/\/vitasane.it\/de\/wp-content\/uploads\/2015\/08\/Grobe-Schneidescheibe-300x200.jpg\" alt=\"\" width=\"177\" height=\"118\" srcset=\"https:\/\/vitasane.it\/de\/wp-content\/uploads\/2015\/08\/Grobe-Schneidescheibe-300x200.jpg 300w, https:\/\/vitasane.it\/de\/wp-content\/uploads\/2015\/08\/Grobe-Schneidescheibe.jpg 760w\" sizes=\"(max-width: 177px) 100vw, 177px\" \/><\/a><\/p>\n<p><a href=\"https:\/\/vitasane.it\/de\/produkt\/grobe-reibescheibe\/\"><img loading=\"lazy\" decoding=\"async\" class=\"alignleft wp-image-2520\" src=\"http:\/\/vitasane.it\/de\/wp-content\/uploads\/2015\/08\/Grobe-Reibescheibe-Standardausstattung-300x200.jpg\" alt=\"\" width=\"177\" height=\"118\" srcset=\"https:\/\/vitasane.it\/de\/wp-content\/uploads\/2015\/08\/Grobe-Reibescheibe-Standardausstattung-300x200.jpg 300w, https:\/\/vitasane.it\/de\/wp-content\/uploads\/2015\/08\/Grobe-Reibescheibe-Standardausstattung.jpg 751w\" sizes=\"(max-width: 177px) 100vw, 177px\" \/><\/a><\/p>\n<p>&nbsp;<\/p>\n<h4><\/h4>\n<h4><\/h4>\n<h4 style=\"text-align: left\"><div class=\"row-fluid\"><\/div>\u00a0<div class=\"span1\"><\/div><\/h4>\n<p>DE: Optional erhalten sie auch noch die feine Schneide- und Reibescheibe sowie die Parmesanscheibe die sie auch zum Kren reiben verwenden k\u00f6nnen.<\/p>\n<p>IT: Opzionalmente, puoi anche ottenere i dischi per tagliare e grattugiare fine e il disco di parmigiano, che puoi usare anche per grattugiare il rafano.<\/p>\n<p><a href=\"https:\/\/vitasane.it\/de\/produkt\/feines-reib-schneidemesser-fuer-cuisilux-kuechenmaschine\/\"><img loading=\"lazy\" decoding=\"async\" class=\"alignleft wp-image-2518\" src=\"http:\/\/vitasane.it\/de\/wp-content\/uploads\/2015\/08\/Feine-Reibescheibe-300x200.jpg\" alt=\"\" width=\"177\" height=\"118\" srcset=\"https:\/\/vitasane.it\/de\/wp-content\/uploads\/2015\/08\/Feine-Reibescheibe-300x200.jpg 300w, https:\/\/vitasane.it\/de\/wp-content\/uploads\/2015\/08\/Feine-Reibescheibe.jpg 751w\" sizes=\"(max-width: 177px) 100vw, 177px\" \/><\/a><a href=\"https:\/\/vitasane.it\/de\/produkt\/schneidemesser-fuer-cuisilux-kuechenmaschine\/\"><img loading=\"lazy\" decoding=\"async\" class=\"alignleft wp-image-2519\" src=\"http:\/\/vitasane.it\/de\/wp-content\/uploads\/2015\/08\/Feine-Schneidescheibe-300x200.jpg\" alt=\"\" width=\"177\" height=\"118\" srcset=\"https:\/\/vitasane.it\/de\/wp-content\/uploads\/2015\/08\/Feine-Schneidescheibe-300x200.jpg 300w, https:\/\/vitasane.it\/de\/wp-content\/uploads\/2015\/08\/Feine-Schneidescheibe.jpg 751w\" sizes=\"(max-width: 177px) 100vw, 177px\" \/><\/a><a href=\"https:\/\/vitasane.it\/de\/produkt\/parmesan-reibe-fuer-cuisilux-kuechenmaschine\/\"><img loading=\"lazy\" decoding=\"async\" class=\"alignleft wp-image-2522\" src=\"http:\/\/vitasane.it\/de\/wp-content\/uploads\/2015\/08\/parmesanscheibe-300x200.jpg\" alt=\"\" width=\"177\" height=\"118\" srcset=\"https:\/\/vitasane.it\/de\/wp-content\/uploads\/2015\/08\/parmesanscheibe-300x200.jpg 300w, https:\/\/vitasane.it\/de\/wp-content\/uploads\/2015\/08\/parmesanscheibe.jpg 760w\" sizes=\"(max-width: 177px) 100vw, 177px\" \/><\/a><\/p>\n<p>&nbsp;<\/p>\n<p>&nbsp;<\/p>\n<p>&nbsp;<\/p>\n<p>&nbsp;<\/p>\n<p>DE: In unserem <span style=\"text-decoration: underline;color: #0000ff\"><a style=\"color: #0000ff;text-decoration: underline\" href=\"http:\/\/vitasane.it\/produkt\/kochbuch-gesund-leben\/\">Kochbuch<\/a><\/span> finden Anwendungsbeispiele sowie hilfreiche Tipps. M\u00f6chten sie mehr wissen, fragen sie einen unserer BeraterInnen.<\/p>\n<p>IT: Il nostro <a href=\"http:\/\/vitasane.it\/produkt\/kochbuch-gesund-leben\/\">ricettario<\/a> contiene esempi di applicazione e suggerimenti utili. Se vuoi saperne di pi\u00f9, chiedi a uno dei nostri consulenti.<\/p>\n<p>&nbsp;<\/p>\n<p style=\"padding-left: 150px\"><strong>Produktvideo \u2013 Biouniversalger\u00e4t<\/strong><\/p>\n<div style=\"width: 640px;\" class=\"wp-video\"><!--[if lt IE 9]><script>document.createElement('video');<\/script><![endif]-->\n<video class=\"wp-video-shortcode\" id=\"video-1220-1\" width=\"640\" height=\"368\" preload=\"metadata\" controls=\"controls\"><source type=\"video\/mp4\" src=\"http:\/\/vitasane.it\/de\/wp-content\/uploads\/2015\/07\/1video-cuisilux.mp4?_=1\" \/><a href=\"http:\/\/vitasane.it\/de\/wp-content\/uploads\/2015\/07\/1video-cuisilux.mp4\">http:\/\/vitasane.it\/de\/wp-content\/uploads\/2015\/07\/1video-cuisilux.mp4<\/a><\/video><\/div>\n","protected":false},"excerpt":{"rendered":"<p>DE: ZUBEREITUNGSARTEN MIT DEM SCHEIBENZUBEH\u00d6R Sie k\u00f6nnen mit dem Scheibenzubeh\u00f6r fein und grob schneiden, reiben, hobeln, raspeln und stiftelig schneiden. Bei der Standardausstattung des Bio-Universalger\u00e4tes ist die grobe Schneide- und Reibescheibe sowie die Pommesscheibe enthalten. IT: Disco per grattugiare grossolano TIPOLOGIE DI COTTURA CON GLI ACCESSORI DEL DISCO Con l&#8217;accessorio disco puoi tagliare finemente e<\/p>\n","protected":false},"featured_media":1221,"comment_status":"closed","ping_status":"closed","template":"","meta":[],"product_cat":[52],"product_tag":[],"_links":{"self":[{"href":"https:\/\/vitasane.it\/de\/wp-json\/wp\/v2\/product\/1220"}],"collection":[{"href":"https:\/\/vitasane.it\/de\/wp-json\/wp\/v2\/product"}],"about":[{"href":"https:\/\/vitasane.it\/de\/wp-json\/wp\/v2\/types\/product"}],"replies":[{"embeddable":true,"href":"https:\/\/vitasane.it\/de\/wp-json\/wp\/v2\/comments?post=1220"}],"wp:featuredmedia":[{"embeddable":true,"href":"https:\/\/vitasane.it\/de\/wp-json\/wp\/v2\/media\/1221"}],"wp:attachment":[{"href":"https:\/\/vitasane.it\/de\/wp-json\/wp\/v2\/media?parent=1220"}],"wp:term":[{"taxonomy":"product_cat","embeddable":true,"href":"https:\/\/vitasane.it\/de\/wp-json\/wp\/v2\/product_cat?post=1220"},{"taxonomy":"product_tag","embeddable":true,"href":"https:\/\/vitasane.it\/de\/wp-json\/wp\/v2\/product_tag?post=1220"}],"curies":[{"name":"wp","href":"https:\/\/api.w.org\/{rel}","templated":true}]}}