{"id":1226,"date":"2015-06-10T09:31:44","date_gmt":"2015-06-10T07:31:44","guid":{"rendered":"http:\/\/vitasane.it\/de\/?post_type=product&#038;p=1226"},"modified":"2025-07-10T12:30:19","modified_gmt":"2025-07-10T10:30:19","slug":"stopfer-fuer-cuisilux-kuechenmaschine","status":"publish","type":"product","link":"https:\/\/vitasane.it\/de\/produkt\/stopfer-fuer-cuisilux-kuechenmaschine\/","title":{"rendered":"Messbecher"},"content":{"rendered":"<h4><img loading=\"lazy\" decoding=\"async\" class=\"alignnone wp-image-11563 size-full\" src=\"https:\/\/vitasane.it\/de\/wp-content\/uploads\/2015\/06\/DE-Fahne.png\" alt=\"\" width=\"24\" height=\"14\" \/><\/h4>\n<p><strong>Messbecher f\u00fcr unseren Deckel mit F\u00fcll\u00f6ffnung der Cuisilux K\u00fcchenmaschine.<\/strong><\/p>\n<p>&nbsp;<\/p>\n<p><img loading=\"lazy\" decoding=\"async\" class=\"alignnone size-full wp-image-11564\" src=\"https:\/\/vitasane.it\/de\/wp-content\/uploads\/2015\/06\/it_Fahne.png\" alt=\"\" width=\"25\" height=\"15\" \/><\/p>\n<p><strong>Misurino per il nostro coperchio con apertura di riempimento del robot da cucina Cuisilux.<\/strong><\/p>\n<p>&nbsp;<\/p>\n","protected":false},"excerpt":{"rendered":"<p>inkl. gesetzl. MwSt. und zzgl. Versandkosten<\/p>\n","protected":false},"featured_media":1227,"comment_status":"open","ping_status":"closed","template":"","meta":[],"product_cat":[52],"product_tag":[],"_links":{"self":[{"href":"https:\/\/vitasane.it\/de\/wp-json\/wp\/v2\/product\/1226"}],"collection":[{"href":"https:\/\/vitasane.it\/de\/wp-json\/wp\/v2\/product"}],"about":[{"href":"https:\/\/vitasane.it\/de\/wp-json\/wp\/v2\/types\/product"}],"replies":[{"embeddable":true,"href":"https:\/\/vitasane.it\/de\/wp-json\/wp\/v2\/comments?post=1226"}],"wp:featuredmedia":[{"embeddable":true,"href":"https:\/\/vitasane.it\/de\/wp-json\/wp\/v2\/media\/1227"}],"wp:attachment":[{"href":"https:\/\/vitasane.it\/de\/wp-json\/wp\/v2\/media?parent=1226"}],"wp:term":[{"taxonomy":"product_cat","embeddable":true,"href":"https:\/\/vitasane.it\/de\/wp-json\/wp\/v2\/product_cat?post=1226"},{"taxonomy":"product_tag","embeddable":true,"href":"https:\/\/vitasane.it\/de\/wp-json\/wp\/v2\/product_tag?post=1226"}],"curies":[{"name":"wp","href":"https:\/\/api.w.org\/{rel}","templated":true}]}}