{"id":1228,"date":"2015-06-10T09:34:25","date_gmt":"2015-06-10T07:34:25","guid":{"rendered":"http:\/\/vitasane.it\/de\/?post_type=product&#038;p=1228"},"modified":"2025-07-24T13:21:32","modified_gmt":"2025-07-24T11:21:32","slug":"universalmesser-fuer-cuisilux-kuechenmaschine","status":"publish","type":"product","link":"https:\/\/vitasane.it\/de\/produkt\/universalmesser-fuer-cuisilux-kuechenmaschine\/","title":{"rendered":"Universalmesser"},"content":{"rendered":"<p><span style=\"vertical-align: inherit\"><span style=\"vertical-align: inherit\">DE:<\/span><\/span><\/p>\n<h2>ZUBEREITUNG VERSCHIEDENSTER SPEISEN MIT DEM DOPPELSCHLAGMESSER<\/h2>\n<p>Mit dem Doppelschlag- oder Universalmesser mit seinem Diamantschliff k\u00f6nnen sie ihrer Fantasie freien Lauf lassen. Den M\u00f6glichkeiten sind keine Grenzen gesetzt.<\/p>\n<p>Egal ob sie mixen, p\u00fcrieren, faschieren, r\u00fchren, kneten, zerkleinern, zerhacken und noch vieles mehr m\u00f6chten. Einfach und schnell k\u00f6nnen sie Teige, Aufstriche, Saucen, Shakes, Eis, Farcen, Breie usw herstellen.<\/p>\n<p>Verwenden sie das Doppelschlagmesser z.B. zum Reiben von Semmelbr\u00f6sel, Schokolade, K\u00e4se oder zum Zerhacken von N\u00fcssen, Kr\u00e4utern, Zwiebel, Knoblauch usw. Das Doppelschlagmesser ist im wahrsten Sinne ein Universaltalent, das sie bei allen Vorhaben unterst\u00fctzen wird.<\/p>\n<p><!--more--><\/p>\n<p>&nbsp;<\/p>\n<p><!--more--><!--more--><\/p>\n<p><span style=\"vertical-align: inherit\"><span style=\"vertical-align: inherit\">IT:\u00a0<\/span><\/span><\/p>\n<h2>PREPARARE PIATTI DIVERSI CON IL COLTELLO<\/h2>\n<p>Puoi dare libero sfogo alla tua immaginazione con il coltello a doppio taglio o universale con taglio a diamante. Non ci sono limiti alle possibilit\u00e0.<\/p>\n<p>Non importa se vuoi mescolare, frullare, tritare, mescolare, impastare, schiacciare, tritare e molto altro ancora. Puoi preparare impasti, creme spalmabili, salse, frullati, gelati, farse, porridge, ecc. in modo rapido e semplice.<\/p>\n<p>Usa il coltello a doppia lama, ad esempio, per grattugiare pangrattato, cioccolato, formaggio o per tritare noci, erbe aromatiche, cipolle, aglio, ecc. Il coltello a doppia lama \u00e8 nel vero senso della parola un talento universale che ti supporter\u00e0 in tutti i progetti .<\/p>\n<p><!--more--><!--more--><\/p>\n<p><span style=\"color: #ffffff\"><span style=\"vertical-align: inherit\"><span style=\"vertical-align: inherit\">aaa<\/span><\/span><\/span><\/p>\n<p style=\"padding-left: 60px\"><a href=\"http:\/\/vitasane.it\/de\/wp-content\/uploads\/2015\/06\/Image-1-Kr\u00e4uter-hacken.jpg\" target=\"_blank\" rel=\"noopener noreferrer\"><img loading=\"lazy\" decoding=\"async\" class=\"alignnone wp-image-4683 \" src=\"http:\/\/vitasane.it\/de\/wp-content\/uploads\/2015\/06\/Image-1-Kr\u00e4uter-hacken-150x150.jpg\" alt=\"Image 1 Kr\u00e4uter hacken\" width=\"193\" height=\"193\" srcset=\"https:\/\/vitasane.it\/de\/wp-content\/uploads\/2015\/06\/Image-1-Kr\u00e4uter-hacken-150x150.jpg 150w, https:\/\/vitasane.it\/de\/wp-content\/uploads\/2015\/06\/Image-1-Kr\u00e4uter-hacken-500x500.jpg 500w, https:\/\/vitasane.it\/de\/wp-content\/uploads\/2015\/06\/Image-1-Kr\u00e4uter-hacken-100x100.jpg 100w\" sizes=\"(max-width: 193px) 100vw, 193px\" \/><\/a><a href=\"http:\/\/vitasane.it\/de\/wp-content\/uploads\/2015\/06\/Image-2-Diverse-Teige.jpg\" target=\"_blank\" rel=\"noopener noreferrer\"><img loading=\"lazy\" decoding=\"async\" class=\"alignnone wp-image-4684\" src=\"http:\/\/vitasane.it\/de\/wp-content\/uploads\/2015\/06\/Image-2-Diverse-Teige-150x150.jpg\" alt=\"Image 2 Diverse Teige\" width=\"193\" height=\"193\" srcset=\"https:\/\/vitasane.it\/de\/wp-content\/uploads\/2015\/06\/Image-2-Diverse-Teige-150x150.jpg 150w, https:\/\/vitasane.it\/de\/wp-content\/uploads\/2015\/06\/Image-2-Diverse-Teige-100x100.jpg 100w\" sizes=\"(max-width: 193px) 100vw, 193px\" \/><\/a><a href=\"http:\/\/vitasane.it\/de\/wp-content\/uploads\/2015\/06\/Image-3-Schockolade-reiben.jpg\" target=\"_blank\" rel=\"noopener noreferrer\"><img loading=\"lazy\" decoding=\"async\" class=\"alignnone wp-image-4685\" src=\"http:\/\/vitasane.it\/de\/wp-content\/uploads\/2015\/06\/Image-3-Schockolade-reiben-150x150.jpg\" alt=\"Image 3 Schockolade reiben\" width=\"189\" height=\"189\" srcset=\"https:\/\/vitasane.it\/de\/wp-content\/uploads\/2015\/06\/Image-3-Schockolade-reiben-150x150.jpg 150w, https:\/\/vitasane.it\/de\/wp-content\/uploads\/2015\/06\/Image-3-Schockolade-reiben-500x500.jpg 500w, https:\/\/vitasane.it\/de\/wp-content\/uploads\/2015\/06\/Image-3-Schockolade-reiben-100x100.jpg 100w\" sizes=\"(max-width: 189px) 100vw, 189px\" \/><\/a><a href=\"http:\/\/vitasane.it\/de\/wp-content\/uploads\/2015\/06\/Image-4-Eiszubereitung.jpg\" target=\"_blank\" rel=\"noopener noreferrer\"><img loading=\"lazy\" decoding=\"async\" class=\"alignnone wp-image-4686\" src=\"http:\/\/vitasane.it\/de\/wp-content\/uploads\/2015\/06\/Image-4-Eiszubereitung-150x150.jpg\" alt=\"Image 4 Eiszubereitung\" width=\"188\" height=\"188\" srcset=\"https:\/\/vitasane.it\/de\/wp-content\/uploads\/2015\/06\/Image-4-Eiszubereitung-150x150.jpg 150w, https:\/\/vitasane.it\/de\/wp-content\/uploads\/2015\/06\/Image-4-Eiszubereitung-100x100.jpg 100w\" sizes=\"(max-width: 188px) 100vw, 188px\" \/><\/a><\/p>\n<p style=\"padding-left: 240px\"><span style=\"color: #ffffff\"><span style=\"vertical-align: inherit\"><span style=\"vertical-align: inherit\">aaa<\/span><\/span><\/span><\/p>\n<p style=\"padding-left: 150px;text-align: left\"><strong>Produktvideo \u2013 Biouniversalger\u00e4t<\/strong><\/p>\n<div style=\"width: 640px;\" class=\"wp-video\"><!--[if lt IE 9]><script>document.createElement('video');<\/script><![endif]-->\n<video class=\"wp-video-shortcode\" id=\"video-1228-1\" width=\"640\" height=\"368\" preload=\"metadata\" controls=\"controls\"><source type=\"video\/mp4\" src=\"http:\/\/vitasane.it\/de\/wp-content\/uploads\/2015\/07\/1video-cuisilux.mp4?_=1\" \/><a href=\"http:\/\/vitasane.it\/de\/wp-content\/uploads\/2015\/07\/1video-cuisilux.mp4\">http:\/\/vitasane.it\/de\/wp-content\/uploads\/2015\/07\/1video-cuisilux.mp4<\/a><\/video><\/div>\n","protected":false},"excerpt":{"rendered":"<p>DE: ZUBEREITUNG VERSCHIEDENSTER SPEISEN MIT DEM DOPPELSCHLAGMESSER Mit dem Doppelschlag- oder Universalmesser mit seinem Diamantschliff k\u00f6nnen sie ihrer Fantasie freien Lauf lassen. Den M\u00f6glichkeiten sind keine Grenzen gesetzt. Egal ob sie mixen, p\u00fcrieren, faschieren, r\u00fchren, kneten, zerkleinern, zerhacken und noch vieles mehr m\u00f6chten. Einfach und schnell k\u00f6nnen sie Teige, Aufstriche, Saucen, Shakes, Eis, Farcen, Breie<\/p>\n","protected":false},"featured_media":1229,"comment_status":"closed","ping_status":"closed","template":"","meta":[],"product_cat":[52],"product_tag":[],"_links":{"self":[{"href":"https:\/\/vitasane.it\/de\/wp-json\/wp\/v2\/product\/1228"}],"collection":[{"href":"https:\/\/vitasane.it\/de\/wp-json\/wp\/v2\/product"}],"about":[{"href":"https:\/\/vitasane.it\/de\/wp-json\/wp\/v2\/types\/product"}],"replies":[{"embeddable":true,"href":"https:\/\/vitasane.it\/de\/wp-json\/wp\/v2\/comments?post=1228"}],"wp:featuredmedia":[{"embeddable":true,"href":"https:\/\/vitasane.it\/de\/wp-json\/wp\/v2\/media\/1229"}],"wp:attachment":[{"href":"https:\/\/vitasane.it\/de\/wp-json\/wp\/v2\/media?parent=1228"}],"wp:term":[{"taxonomy":"product_cat","embeddable":true,"href":"https:\/\/vitasane.it\/de\/wp-json\/wp\/v2\/product_cat?post=1228"},{"taxonomy":"product_tag","embeddable":true,"href":"https:\/\/vitasane.it\/de\/wp-json\/wp\/v2\/product_tag?post=1228"}],"curies":[{"name":"wp","href":"https:\/\/api.w.org\/{rel}","templated":true}]}}