{"id":1239,"date":"2015-06-10T09:46:31","date_gmt":"2015-06-10T07:46:31","guid":{"rendered":"http:\/\/vitasane.it\/de\/?post_type=product&#038;p=1239"},"modified":"2024-07-30T16:09:54","modified_gmt":"2024-07-30T14:09:54","slug":"deckel-fuer-muehlenaufsatz-der-cuisilux-kuechenmschine","status":"publish","type":"product","link":"https:\/\/vitasane.it\/de\/produkt\/deckel-fuer-muehlenaufsatz-der-cuisilux-kuechenmschine\/","title":{"rendered":"Deckel f\u00fcr M\u00fchlenaufsatz"},"content":{"rendered":"<p>DE: Deckel f\u00fcr Getreidem\u00fchleneinf\u00fcllbeh\u00e4lter der Cuisilux K\u00fcchenmschine<\/p>\n<p>IT: Coperchio per tramoggia macina cereali del robot da cucina Cuisilux<\/p>\n","protected":false},"excerpt":{"rendered":"<p>inkl. gesetzl. MwSt. und zzgl. Versandkosten<\/p>\n","protected":false},"featured_media":1240,"comment_status":"closed","ping_status":"closed","template":"","meta":[],"product_cat":[52],"product_tag":[],"_links":{"self":[{"href":"https:\/\/vitasane.it\/de\/wp-json\/wp\/v2\/product\/1239"}],"collection":[{"href":"https:\/\/vitasane.it\/de\/wp-json\/wp\/v2\/product"}],"about":[{"href":"https:\/\/vitasane.it\/de\/wp-json\/wp\/v2\/types\/product"}],"replies":[{"embeddable":true,"href":"https:\/\/vitasane.it\/de\/wp-json\/wp\/v2\/comments?post=1239"}],"wp:featuredmedia":[{"embeddable":true,"href":"https:\/\/vitasane.it\/de\/wp-json\/wp\/v2\/media\/1240"}],"wp:attachment":[{"href":"https:\/\/vitasane.it\/de\/wp-json\/wp\/v2\/media?parent=1239"}],"wp:term":[{"taxonomy":"product_cat","embeddable":true,"href":"https:\/\/vitasane.it\/de\/wp-json\/wp\/v2\/product_cat?post=1239"},{"taxonomy":"product_tag","embeddable":true,"href":"https:\/\/vitasane.it\/de\/wp-json\/wp\/v2\/product_tag?post=1239"}],"curies":[{"name":"wp","href":"https:\/\/api.w.org\/{rel}","templated":true}]}}