{"id":1241,"date":"2015-06-10T09:47:30","date_gmt":"2015-06-10T07:47:30","guid":{"rendered":"http:\/\/vitasane.it\/de\/?post_type=product&#038;p=1241"},"modified":"2026-03-14T20:07:27","modified_gmt":"2026-03-14T19:07:27","slug":"muehlen-unterteil-fuer-cuisilux-kuechenmaschine","status":"publish","type":"product","link":"https:\/\/vitasane.it\/de\/produkt\/muehlen-unterteil-fuer-cuisilux-kuechenmaschine\/","title":{"rendered":"M\u00fchlen Unterteil"},"content":{"rendered":"<p>DE: M\u00fchlen Unterteil f\u00fcr Cuisilux K\u00fcchenmaschine<\/p>\n<p>IT : Corpo macina inferiore completo per robot Cuisilux<\/p>\n<p><img loading=\"lazy\" decoding=\"async\" class=\"size-medium wp-image-11523 alignleft\" src=\"https:\/\/vitasane.it\/de\/wp-content\/uploads\/2015\/06\/424988216_122126297042144286_5521024018022767321_n-300x300.jpg\" alt=\"\" width=\"300\" height=\"300\" srcset=\"https:\/\/vitasane.it\/de\/wp-content\/uploads\/2015\/06\/424988216_122126297042144286_5521024018022767321_n-300x300.jpg 300w, https:\/\/vitasane.it\/de\/wp-content\/uploads\/2015\/06\/424988216_122126297042144286_5521024018022767321_n-1024x1024.jpg 1024w, https:\/\/vitasane.it\/de\/wp-content\/uploads\/2015\/06\/424988216_122126297042144286_5521024018022767321_n-150x150.jpg 150w, https:\/\/vitasane.it\/de\/wp-content\/uploads\/2015\/06\/424988216_122126297042144286_5521024018022767321_n-768x768.jpg 768w, https:\/\/vitasane.it\/de\/wp-content\/uploads\/2015\/06\/424988216_122126297042144286_5521024018022767321_n-500x500.jpg 500w, https:\/\/vitasane.it\/de\/wp-content\/uploads\/2015\/06\/424988216_122126297042144286_5521024018022767321_n-100x100.jpg 100w, https:\/\/vitasane.it\/de\/wp-content\/uploads\/2015\/06\/424988216_122126297042144286_5521024018022767321_n.jpg 1080w\" sizes=\"(max-width: 300px) 100vw, 300px\" \/><\/p>\n","protected":false},"excerpt":{"rendered":"<p>DE: M\u00fchlen Unterteil f\u00fcr Cuisilux K\u00fcchenmaschine IT : Corpo macina inferiore completo per robot Cuisilux<\/p>\n","protected":false},"featured_media":1242,"comment_status":"closed","ping_status":"closed","template":"","meta":[],"product_cat":[52],"product_tag":[],"_links":{"self":[{"href":"https:\/\/vitasane.it\/de\/wp-json\/wp\/v2\/product\/1241"}],"collection":[{"href":"https:\/\/vitasane.it\/de\/wp-json\/wp\/v2\/product"}],"about":[{"href":"https:\/\/vitasane.it\/de\/wp-json\/wp\/v2\/types\/product"}],"replies":[{"embeddable":true,"href":"https:\/\/vitasane.it\/de\/wp-json\/wp\/v2\/comments?post=1241"}],"wp:featuredmedia":[{"embeddable":true,"href":"https:\/\/vitasane.it\/de\/wp-json\/wp\/v2\/media\/1242"}],"wp:attachment":[{"href":"https:\/\/vitasane.it\/de\/wp-json\/wp\/v2\/media?parent=1241"}],"wp:term":[{"taxonomy":"product_cat","embeddable":true,"href":"https:\/\/vitasane.it\/de\/wp-json\/wp\/v2\/product_cat?post=1241"},{"taxonomy":"product_tag","embeddable":true,"href":"https:\/\/vitasane.it\/de\/wp-json\/wp\/v2\/product_tag?post=1241"}],"curies":[{"name":"wp","href":"https:\/\/api.w.org\/{rel}","templated":true}]}}