{"id":1247,"date":"2015-06-10T11:11:36","date_gmt":"2015-06-10T09:11:36","guid":{"rendered":"http:\/\/vitasane.it\/de\/?post_type=product&#038;p=1247"},"modified":"2021-12-01T07:59:00","modified_gmt":"2021-12-01T06:59:00","slug":"vakuumbox-set","status":"publish","type":"product","link":"https:\/\/vitasane.it\/de\/produkt\/vakuumbox-set\/","title":{"rendered":"Vakuum Box Set2"},"content":{"rendered":"<p><strong>\u00a0VAKUUM-BOX\u00a0 SET2<\/strong><\/p>\n<p>Die\u00a0<strong>Vitasane <strong>Vakuum Box\u00a0<\/strong><\/strong>sind perfekt um Lebensmittel zu l\u00e4nger zu lagern. Gerade druckempfindliche oder fl\u00fcssige Lebensmittel k\u00f6nnen Sie mit den Vakuumbeh\u00e4ltern optimal verpacken. Die\u00a0<strong>Vitasane <strong><strong>Vakuum Box\u00a0<\/strong><\/strong><\/strong>haben eine gro\u00dfe Einsatzf\u00e4higkeit.<\/p>\n<p>Die runden Vakuum Box\u00a0von\u00a0<strong>Vitasane\u00a0<\/strong>sind in verschiedenen Gr\u00f6\u00dfen erh\u00e4ltlich.<\/p>\n<p>Ihre Lebensmittel halten sich in den vakuumierten Beh\u00e4ltern extra lang.<\/p>\n<p><strong>Das 2er Vakuumier-Beh\u00e4lterset wird standardm\u00e4\u00dfig mit folgenden Komponenten geliefert:<\/strong><\/p>\n<p style=\"padding-left: 30px\">\u2022 \u00a0 \u00a0<strong>Vakuum-Box\u00a0rund\u00a0( 4Lt.\u00a0\u2205\u00a022 cm\u00a0)<\/strong><\/p>\n<p style=\"padding-left: 30px\">\u2022 \u00a0 \u00a0<strong>Vakuum Box Rechteckiger (\u00a02Lt.\u00a0\u2205\u00a020\u00d725 h8 cm )<\/strong><\/p>\n<p>&nbsp;<\/p>\n<p>&nbsp;<\/p>\n<h3 style=\"text-align: center\"><strong>PRODUKTVIDEO<\/strong><\/h3>\n<p><a href=\"https:\/\/youtu.be\/mlaGf5gX6FU\" target=\"_blank\" rel=\"noopener noreferrer\"><img loading=\"lazy\" decoding=\"async\" class=\"aligncenter wp-image-4616\" src=\"http:\/\/vitasane.it\/de\/wp-content\/uploads\/2015\/06\/youtube_logo.jpg\" alt=\"youtube_logo\" width=\"40\" height=\"40\" \/><\/a><\/p>\n<p style=\"text-align: justify\">\n","protected":false},"excerpt":{"rendered":"<p>inkl. gesetzl. MwSt. und zzgl. Versandkosten<\/p>\n","protected":false},"featured_media":4628,"comment_status":"closed","ping_status":"closed","template":"","meta":[],"product_cat":[53],"product_tag":[],"_links":{"self":[{"href":"https:\/\/vitasane.it\/de\/wp-json\/wp\/v2\/product\/1247"}],"collection":[{"href":"https:\/\/vitasane.it\/de\/wp-json\/wp\/v2\/product"}],"about":[{"href":"https:\/\/vitasane.it\/de\/wp-json\/wp\/v2\/types\/product"}],"replies":[{"embeddable":true,"href":"https:\/\/vitasane.it\/de\/wp-json\/wp\/v2\/comments?post=1247"}],"wp:featuredmedia":[{"embeddable":true,"href":"https:\/\/vitasane.it\/de\/wp-json\/wp\/v2\/media\/4628"}],"wp:attachment":[{"href":"https:\/\/vitasane.it\/de\/wp-json\/wp\/v2\/media?parent=1247"}],"wp:term":[{"taxonomy":"product_cat","embeddable":true,"href":"https:\/\/vitasane.it\/de\/wp-json\/wp\/v2\/product_cat?post=1247"},{"taxonomy":"product_tag","embeddable":true,"href":"https:\/\/vitasane.it\/de\/wp-json\/wp\/v2\/product_tag?post=1247"}],"curies":[{"name":"wp","href":"https:\/\/api.w.org\/{rel}","templated":true}]}}