{"id":1253,"date":"2015-06-10T11:14:13","date_gmt":"2015-06-10T09:14:13","guid":{"rendered":"http:\/\/vitasane.it\/de\/?post_type=product&#038;p=1253"},"modified":"2023-03-24T10:55:05","modified_gmt":"2023-03-24T09:55:05","slug":"rolle-beutel","status":"publish","type":"product","link":"https:\/\/vitasane.it\/de\/produkt\/rolle-beutel\/","title":{"rendered":"Vakuum-Rolle GEPR\u00c4GT 30\u00d7600cm"},"content":{"rendered":"<h2 class=\"product_title entry-title\">Gepr\u00e4gte Rollen &#8211; 30x600cm (2St)<\/h2>\n<p>Gaufrierte Rollen zum Kochen von Vitasane\u00a0sind eine perfekte L\u00f6sung, um feste und trockene Produkte verschiedener Gr\u00f6\u00dfen und L\u00e4ngen zu vakuumieren. Praktisch, jeweils in einer Verpackung mit 2 Rollen, maximale L\u00e4nge 6 Meter, wodurch die L\u00e4nge dem entsprechenden Produkt angepasst und der Beutel an der gew\u00fcnschten Stelle abgeschnitten und verschwei\u00dft wird.<\/p>\n<p>Dank der besonderen rautenf\u00f6rmigen Gaufrierung von Vitasane\u00a0auf einer Seite des Beutel sowie einer glatten Seite zum Kochen, kann aus dem gaufriertem Kochbeutel die gesamte Luft abgesaugt werden, wodurch die perfekte Zubereitung jedes Produkts garantiert ist.<\/p>\n<h2 class=\"product_title entry-title\"><strong style=\"font-size: 16px\"><img loading=\"lazy\" decoding=\"async\" class=\"wp-image-4911 alignleft\" src=\"http:\/\/vitasane.it\/de\/wp-content\/uploads\/2015\/06\/bpa_free-no_pvc.jpg\" alt=\"bpa_free-no_pvc\" width=\"183\" height=\"73\" \/><\/strong><\/h2>\n<p><strong>I<\/strong><strong>deal f\u00fcr<\/strong>\u00a0<strong>alle Vakuum Maschinen.<\/strong><\/p>\n<h3><\/h3>\n<p>&nbsp;<\/p>\n<h3 style=\"text-align: center\"><strong>PRODUKTVIDEO<\/strong><\/h3>\n<p><a href=\"https:\/\/youtu.be\/mlaGf5gX6FU\" target=\"_blank\" rel=\"noopener noreferrer\"><img loading=\"lazy\" decoding=\"async\" class=\"aligncenter wp-image-4616\" src=\"http:\/\/vitasane.it\/de\/wp-content\/uploads\/2015\/06\/youtube_logo.jpg\" alt=\"youtube_logo\" width=\"40\" height=\"40\" \/><\/a><\/p>\n","protected":false},"excerpt":{"rendered":"<p>inkl. gesetzl. MwSt. und zzgl. Versandkosten<\/p>\n","protected":false},"featured_media":9606,"comment_status":"closed","ping_status":"closed","template":"","meta":[],"product_cat":[53],"product_tag":[],"_links":{"self":[{"href":"https:\/\/vitasane.it\/de\/wp-json\/wp\/v2\/product\/1253"}],"collection":[{"href":"https:\/\/vitasane.it\/de\/wp-json\/wp\/v2\/product"}],"about":[{"href":"https:\/\/vitasane.it\/de\/wp-json\/wp\/v2\/types\/product"}],"replies":[{"embeddable":true,"href":"https:\/\/vitasane.it\/de\/wp-json\/wp\/v2\/comments?post=1253"}],"wp:featuredmedia":[{"embeddable":true,"href":"https:\/\/vitasane.it\/de\/wp-json\/wp\/v2\/media\/9606"}],"wp:attachment":[{"href":"https:\/\/vitasane.it\/de\/wp-json\/wp\/v2\/media?parent=1253"}],"wp:term":[{"taxonomy":"product_cat","embeddable":true,"href":"https:\/\/vitasane.it\/de\/wp-json\/wp\/v2\/product_cat?post=1253"},{"taxonomy":"product_tag","embeddable":true,"href":"https:\/\/vitasane.it\/de\/wp-json\/wp\/v2\/product_tag?post=1253"}],"curies":[{"name":"wp","href":"https:\/\/api.w.org\/{rel}","templated":true}]}}