{"id":1255,"date":"2015-06-10T11:15:44","date_gmt":"2015-06-10T09:15:44","guid":{"rendered":"http:\/\/vitasane.it\/de\/?post_type=product&#038;p=1255"},"modified":"2023-01-08T13:58:31","modified_gmt":"2023-01-08T12:58:31","slug":"vakuum-box-tris","status":"publish","type":"product","link":"https:\/\/vitasane.it\/de\/produkt\/vakuum-box-tris\/","title":{"rendered":"VAKUUM BOX Tris"},"content":{"rendered":"<p><strong>EINSATZBEREICH<\/strong><\/p>\n<p>Diese Beh\u00e4lter erm\u00f6glichen die Lagerung einer Vielzahl von Lebensmitteln, zum Erhalt der Frische und des Geschmacks. Im Allgemeinen h\u00e4lt eine Vakuum-Verpackung Lebensmittel bis zu dreimal l\u00e4nger frisch als bei der herk\u00f6mmlichen Aufbewahrungsmethode.<\/p>\n<ul>\n<li>Kochen Sie im Voraus und verpacken Sie die Lebensmittel absolut luftdicht. Lagern Sie individuelle Portionen oder komplette Mahlzeiten.<\/li>\n<li>Bereiten Sie Lebensmittel f\u00fcr Picknicks und Camping Trips oder Barbecues vor.<\/li>\n<li>Vermeiden Sie Gefrierbrand. \u2022 Verpacken Sie Lebensmittel, wie z.B. Fleisch, Fisch, Gefl\u00fcgel, Fisch und Meeresfr\u00fcchte und Gem\u00fcse zum Einfrieren oder f\u00fcr die Aufbewahrung im K\u00fchlschrank.<\/li>\n<li>Verpacken Sie trockene Lebensmittel, wie z.B. Bohnen, N\u00fcsse, M\u00fcsli usw. um diese Lebensmittel l\u00e4nger aufbewahren zu k\u00f6nnen.<\/li>\n<li>Diese Beh\u00e4lter sind besonders geeignet zum Vakuumieren von druckempfindlichen Lebensmitteln wie Tomaten, Pilze, Salat, Geb\u00e4ck oder fl\u00fcssigen Lebensmitteln, wie Suppen und Saucen.<\/li>\n<\/ul>\n<p><strong>PRODUKTEIGENSCHAFTEN<\/strong><\/p>\n<ul>\n<li>3 Vakuumbeh\u00e4lter f\u00fcr druckempfindliche und fl\u00fcssige Lebensmittel<\/li>\n<li>druckempfindliche Nahrungsmittel (Salat, Suppen), sowie sehr feuchte Lebensmittel (Tomaten) lassen sich optimal vakuumieren<\/li>\n<li>h\u00e4ufige Wiederverwendbarkeit ist m\u00f6glich<\/li>\n<li>Beh\u00e4lter aus robustem Styrolacrylnitril<\/li>\n<\/ul>\n<p><strong>\u00a0DECKEL AUS ABS-KUNSTSTOFF<\/strong><\/p>\n<ul>\n<li>Bruch- und sp\u00fclmaschinenfest<\/li>\n<li>passend f\u00fcr alle VITASANE\u00a0Vakuumierer<\/li>\n<li>stapelbar, platzsparend<\/li>\n<\/ul>\n<p><strong>TECHNISCHE DATEN<\/strong><\/p>\n<table width=\"293\">\n<tbody>\n<tr>\n<td>Ma\u00dfe B\/H\/T<\/td>\n<td>\u00a0h 0,75 L Dose 7 cm hoch<\/td>\n<\/tr>\n<tr>\n<td><\/td>\n<td>\u00a01,40 L Dose 12,5 cm hoch<\/td>\n<\/tr>\n<tr>\n<td><\/td>\n<td>\u00a02,00 L Dose 18 cm hoch<\/td>\n<\/tr>\n<tr>\n<td><\/td>\n<td><\/td>\n<\/tr>\n<\/tbody>\n<\/table>\n<p>Das 3er Vakuumier-Beh\u00e4lterset wird standardm\u00e4\u00dfig mit folgenden Komponenten geliefert:<\/p>\n<ul>\n<li>Vakuumier-Beh\u00e4lter 0,7 l<\/li>\n<li>Vakuumier-Beh\u00e4lter 1,4 l<\/li>\n<li>Vakuumier-Beh\u00e4lter 2,0 l<\/li>\n<li>Vakuumierschlauch<\/li>\n<\/ul>\n<h3><\/h3>\n<h3 style=\"text-align: center\"><strong>PRODUKTVIDEO<\/strong><\/h3>\n<p><a href=\"https:\/\/youtu.be\/mlaGf5gX6FU\" target=\"_blank\" rel=\"noopener noreferrer\"><img loading=\"lazy\" decoding=\"async\" class=\"aligncenter wp-image-4616\" src=\"http:\/\/vitasane.it\/de\/wp-content\/uploads\/2015\/06\/youtube_logo.jpg\" alt=\"youtube_logo\" width=\"40\" height=\"40\" \/><\/a><\/p>\n","protected":false},"excerpt":{"rendered":"<p>inkl. gesetzl. MwSt. und zzgl. Versandkosten<\/p>\n","protected":false},"featured_media":1473,"comment_status":"closed","ping_status":"closed","template":"","meta":[],"product_cat":[53],"product_tag":[],"_links":{"self":[{"href":"https:\/\/vitasane.it\/de\/wp-json\/wp\/v2\/product\/1255"}],"collection":[{"href":"https:\/\/vitasane.it\/de\/wp-json\/wp\/v2\/product"}],"about":[{"href":"https:\/\/vitasane.it\/de\/wp-json\/wp\/v2\/types\/product"}],"replies":[{"embeddable":true,"href":"https:\/\/vitasane.it\/de\/wp-json\/wp\/v2\/comments?post=1255"}],"wp:featuredmedia":[{"embeddable":true,"href":"https:\/\/vitasane.it\/de\/wp-json\/wp\/v2\/media\/1473"}],"wp:attachment":[{"href":"https:\/\/vitasane.it\/de\/wp-json\/wp\/v2\/media?parent=1255"}],"wp:term":[{"taxonomy":"product_cat","embeddable":true,"href":"https:\/\/vitasane.it\/de\/wp-json\/wp\/v2\/product_cat?post=1255"},{"taxonomy":"product_tag","embeddable":true,"href":"https:\/\/vitasane.it\/de\/wp-json\/wp\/v2\/product_tag?post=1255"}],"curies":[{"name":"wp","href":"https:\/\/api.w.org\/{rel}","templated":true}]}}