{"id":1258,"date":"2015-06-10T11:16:43","date_gmt":"2015-06-10T09:16:43","guid":{"rendered":"http:\/\/vitasane.it\/de\/?post_type=product&#038;p=1258"},"modified":"2022-11-29T17:55:28","modified_gmt":"2022-11-29T16:55:28","slug":"vakuum-box-rechteckig","status":"publish","type":"product","link":"https:\/\/vitasane.it\/de\/produkt\/vakuum-box-rechteckig\/","title":{"rendered":"Vakuum Box Rechteckig"},"content":{"rendered":"<p><strong>Vakuum-Box rechteckig ( 3,5 Lt. \u2205 20\u00d725 h8 cm ) mit 2 Deckel\u00a0<\/strong><\/p>\n<p>Die rechteckigen <strong>Vitasane Vakuumbeh\u00e4lter\u00a0<\/strong>sind platzeinsparend im K\u00fchlschrank und perfekt um Lebensmittel zu l\u00e4nger zu lagern. Gerade druckempfindliche oder fl\u00fcssige Lebensmittel k\u00f6nnen Sie mit den Vakuumbeh\u00e4ltern optimal verpacken. Die <strong>Vitasane\u00a0<\/strong>Vakuumbeh\u00e4lter haben eine gro\u00dfe Einsatzf\u00e4higkeit.<\/p>\n<p>Ihre Lebensmittel halten sich in den vakuumierten Beh\u00e4ltern extra lang.<\/p>\n<h3 style=\"text-align: center\"><strong>PRODUKTVIDEO<\/strong><\/h3>\n<p><a href=\"https:\/\/youtu.be\/mlaGf5gX6FU\" target=\"_blank\" rel=\"noopener noreferrer\"><img loading=\"lazy\" decoding=\"async\" class=\"aligncenter wp-image-4616\" src=\"http:\/\/vitasane.it\/de\/wp-content\/uploads\/2015\/06\/youtube_logo.jpg\" alt=\"youtube_logo\" width=\"40\" height=\"40\" \/><\/a><\/p>\n","protected":false},"excerpt":{"rendered":"<p>inkl. gesetzl. MwSt. und zzgl. Versandkosten<\/p>\n","protected":false},"featured_media":4470,"comment_status":"closed","ping_status":"closed","template":"","meta":[],"product_cat":[53],"product_tag":[],"_links":{"self":[{"href":"https:\/\/vitasane.it\/de\/wp-json\/wp\/v2\/product\/1258"}],"collection":[{"href":"https:\/\/vitasane.it\/de\/wp-json\/wp\/v2\/product"}],"about":[{"href":"https:\/\/vitasane.it\/de\/wp-json\/wp\/v2\/types\/product"}],"replies":[{"embeddable":true,"href":"https:\/\/vitasane.it\/de\/wp-json\/wp\/v2\/comments?post=1258"}],"wp:featuredmedia":[{"embeddable":true,"href":"https:\/\/vitasane.it\/de\/wp-json\/wp\/v2\/media\/4470"}],"wp:attachment":[{"href":"https:\/\/vitasane.it\/de\/wp-json\/wp\/v2\/media?parent=1258"}],"wp:term":[{"taxonomy":"product_cat","embeddable":true,"href":"https:\/\/vitasane.it\/de\/wp-json\/wp\/v2\/product_cat?post=1258"},{"taxonomy":"product_tag","embeddable":true,"href":"https:\/\/vitasane.it\/de\/wp-json\/wp\/v2\/product_tag?post=1258"}],"curies":[{"name":"wp","href":"https:\/\/api.w.org\/{rel}","templated":true}]}}