{"id":1409,"date":"2015-06-22T18:39:13","date_gmt":"2015-06-22T16:39:13","guid":{"rendered":"http:\/\/vitasane.it\/de\/?post_type=product&#038;p=1409"},"modified":"2024-08-07T18:55:43","modified_gmt":"2024-08-07T16:55:43","slug":"griff-fuer-behaelter-cuisilux","status":"publish","type":"product","link":"https:\/\/vitasane.it\/de\/produkt\/griff-fuer-behaelter-cuisilux\/","title":{"rendered":"Beh\u00e4lter-Griff Cuisilux"},"content":{"rendered":"<p>DE: Griff f\u00fcr Beh\u00e4lter Cuisilux<\/p>\n<p>IT: Maniglia per contenitore Cuisilux<\/p>\n","protected":false},"excerpt":{"rendered":"<p>inkl. gesetzl. MwSt. und zzgl. Versandkosten<\/p>\n","protected":false},"featured_media":3709,"comment_status":"closed","ping_status":"closed","template":"","meta":[],"product_cat":[52],"product_tag":[],"_links":{"self":[{"href":"https:\/\/vitasane.it\/de\/wp-json\/wp\/v2\/product\/1409"}],"collection":[{"href":"https:\/\/vitasane.it\/de\/wp-json\/wp\/v2\/product"}],"about":[{"href":"https:\/\/vitasane.it\/de\/wp-json\/wp\/v2\/types\/product"}],"replies":[{"embeddable":true,"href":"https:\/\/vitasane.it\/de\/wp-json\/wp\/v2\/comments?post=1409"}],"wp:featuredmedia":[{"embeddable":true,"href":"https:\/\/vitasane.it\/de\/wp-json\/wp\/v2\/media\/3709"}],"wp:attachment":[{"href":"https:\/\/vitasane.it\/de\/wp-json\/wp\/v2\/media?parent=1409"}],"wp:term":[{"taxonomy":"product_cat","embeddable":true,"href":"https:\/\/vitasane.it\/de\/wp-json\/wp\/v2\/product_cat?post=1409"},{"taxonomy":"product_tag","embeddable":true,"href":"https:\/\/vitasane.it\/de\/wp-json\/wp\/v2\/product_tag?post=1409"}],"curies":[{"name":"wp","href":"https:\/\/api.w.org\/{rel}","templated":true}]}}