{"id":1425,"date":"2015-06-25T14:19:10","date_gmt":"2015-06-25T12:19:10","guid":{"rendered":"http:\/\/vitasane.it\/de\/?post_type=product&#038;p=1425"},"modified":"2020-11-28T10:14:41","modified_gmt":"2020-11-28T09:14:41","slug":"2l-vakuum-box","status":"publish","type":"product","link":"https:\/\/vitasane.it\/de\/produkt\/2l-vakuum-box\/","title":{"rendered":"Vakuum Box"},"content":{"rendered":"<p><strong>Vakuum Box, komplett mit Deckel: 2Lt. <span class=\"Stile46\">\u2205<\/span> 22 cm<\/strong><\/p>\n<p>Die runden <strong>Vitasane <strong>Vakuum Box\u00a0<\/strong><\/strong>sind perfekt um Lebensmittel zu l\u00e4nger zu lagern. Gerade druckempfindliche oder fl\u00fcssige Lebensmittel k\u00f6nnen Sie mit den Vakuumbeh\u00e4ltern optimal verpacken. Die <strong>Vitasane <\/strong>Vakuum Box\u00a0haben eine gro\u00dfe Einsatzf\u00e4higkeit.<\/p>\n<p>Die runden Vakuum Box<strong>\u00a0<\/strong>von <strong>Vitasane\u00a0<\/strong>sind in verschiedenen Gr\u00f6\u00dfen erh\u00e4ltlich.<\/p>\n<p>Ihre Lebensmittel halten sich in den vakuumierten Beh\u00e4ltern extra lang.<\/p>\n<h3 style=\"text-align: center\"><strong>PRODUKTVIDEO<\/strong><\/h3>\n<p><a href=\"https:\/\/youtu.be\/mlaGf5gX6FU\" target=\"_blank\" rel=\"noopener noreferrer\"><img loading=\"lazy\" decoding=\"async\" class=\"aligncenter wp-image-4616\" src=\"http:\/\/vitasane.it\/de\/wp-content\/uploads\/2015\/06\/youtube_logo.jpg\" alt=\"youtube_logo\" width=\"40\" height=\"40\" \/><\/a><\/p>\n","protected":false},"excerpt":{"rendered":"<p>Inkl. gesetzl. MwSt. und zzgl. Versandkosten<\/p>\n","protected":false},"featured_media":4632,"comment_status":"closed","ping_status":"closed","template":"","meta":[],"product_cat":[53],"product_tag":[],"_links":{"self":[{"href":"https:\/\/vitasane.it\/de\/wp-json\/wp\/v2\/product\/1425"}],"collection":[{"href":"https:\/\/vitasane.it\/de\/wp-json\/wp\/v2\/product"}],"about":[{"href":"https:\/\/vitasane.it\/de\/wp-json\/wp\/v2\/types\/product"}],"replies":[{"embeddable":true,"href":"https:\/\/vitasane.it\/de\/wp-json\/wp\/v2\/comments?post=1425"}],"wp:featuredmedia":[{"embeddable":true,"href":"https:\/\/vitasane.it\/de\/wp-json\/wp\/v2\/media\/4632"}],"wp:attachment":[{"href":"https:\/\/vitasane.it\/de\/wp-json\/wp\/v2\/media?parent=1425"}],"wp:term":[{"taxonomy":"product_cat","embeddable":true,"href":"https:\/\/vitasane.it\/de\/wp-json\/wp\/v2\/product_cat?post=1425"},{"taxonomy":"product_tag","embeddable":true,"href":"https:\/\/vitasane.it\/de\/wp-json\/wp\/v2\/product_tag?post=1425"}],"curies":[{"name":"wp","href":"https:\/\/api.w.org\/{rel}","templated":true}]}}