{"id":1428,"date":"2015-06-25T15:10:09","date_gmt":"2015-06-25T13:10:09","guid":{"rendered":"http:\/\/vitasane.it\/de\/?post_type=product&#038;p=1428"},"modified":"2019-12-14T16:52:32","modified_gmt":"2019-12-14T15:52:32","slug":"universal-deckel-rund-4-09cm","status":"publish","type":"product","link":"https:\/\/vitasane.it\/de\/produkt\/universal-deckel-rund-4-09cm\/","title":{"rendered":"Universal deckel 6er Pack"},"content":{"rendered":"<p>Set 6er Pack Universal-Deckel rund \u00d8 04-09\u00a0cm<\/p>\n<p>Universal-Deckel passend f\u00fcr alle runde Dosen konserviert oder mehrere Dosen (Kaffee, \u00d6l, etc.).<\/p>\n<p>Mit dem\u00a0praktischen Ventilsystem Produkte bleiben fern von Feuchtigkeit, Staub und Luft, unver\u00e4ndert das Aroma und Geschmack zu halten. F\u00fcr Beh\u00e4lter mit einem Durchmesser von \u00d8 04-09\u00a0cm.<\/p>\n<p><img loading=\"lazy\" decoding=\"async\" class=\"aligncenter wp-image-6236\" src=\"http:\/\/vitasane.it\/de\/wp-content\/uploads\/2015\/06\/haltbar.jpg\" alt=\"\" width=\"208\" height=\"124\" \/><\/p>\n<h3 style=\"text-align: center\"><strong>PRODUKTVIDEO<\/strong><\/h3>\n<p><a href=\"https:\/\/youtu.be\/mlaGf5gX6FU\" target=\"_blank\" rel=\"noopener noreferrer\"><img loading=\"lazy\" decoding=\"async\" class=\"aligncenter wp-image-4616\" src=\"http:\/\/vitasane.it\/de\/wp-content\/uploads\/2015\/06\/youtube_logo.jpg\" alt=\"youtube_logo\" width=\"40\" height=\"40\" \/><\/a><\/p>\n","protected":false},"excerpt":{"rendered":"<p>inkl. gesetzl. MwSt. und zzgl. Versandkosten<\/p>\n","protected":false},"featured_media":6233,"comment_status":"closed","ping_status":"closed","template":"","meta":[],"product_cat":[53],"product_tag":[],"_links":{"self":[{"href":"https:\/\/vitasane.it\/de\/wp-json\/wp\/v2\/product\/1428"}],"collection":[{"href":"https:\/\/vitasane.it\/de\/wp-json\/wp\/v2\/product"}],"about":[{"href":"https:\/\/vitasane.it\/de\/wp-json\/wp\/v2\/types\/product"}],"replies":[{"embeddable":true,"href":"https:\/\/vitasane.it\/de\/wp-json\/wp\/v2\/comments?post=1428"}],"wp:featuredmedia":[{"embeddable":true,"href":"https:\/\/vitasane.it\/de\/wp-json\/wp\/v2\/media\/6233"}],"wp:attachment":[{"href":"https:\/\/vitasane.it\/de\/wp-json\/wp\/v2\/media?parent=1428"}],"wp:term":[{"taxonomy":"product_cat","embeddable":true,"href":"https:\/\/vitasane.it\/de\/wp-json\/wp\/v2\/product_cat?post=1428"},{"taxonomy":"product_tag","embeddable":true,"href":"https:\/\/vitasane.it\/de\/wp-json\/wp\/v2\/product_tag?post=1428"}],"curies":[{"name":"wp","href":"https:\/\/api.w.org\/{rel}","templated":true}]}}