{"id":1451,"date":"2015-06-29T14:03:31","date_gmt":"2015-06-29T12:03:31","guid":{"rendered":"http:\/\/vitasane.it\/de\/?post_type=product&#038;p=1451"},"modified":"2025-10-28T18:14:59","modified_gmt":"2025-10-28T17:14:59","slug":"putzstein-biokraft-im-3er-pack","status":"publish","type":"product","link":"https:\/\/vitasane.it\/de\/produkt\/putzstein-biokraft-im-3er-pack\/","title":{"rendered":"Putzstein \u201eBiokraft\u201c 3x"},"content":{"rendered":"<p><span style=\"color: #000000\"><strong>Produkt Beschreibung<\/strong><\/span><\/p>\n<p><span style=\"color: #000000\">Putzstein \u201eBiokraft\u201c im 3er-Pack<\/span><br \/>\n<span style=\"color: #000000\"> Hochaktiver umweltfreundlicher Universalreiniger und Schwamm in der Dose <\/span><span style=\"color: #000000\">in einem Arbeitsgang reinigen, polieren, pflegen und konservieren<\/span><br \/>\n<span style=\"color: #000000\"> f\u00fcr alle Metalloberfl\u00e4chen im Haushalt, f\u00fcr Caravan, Motorrad etc.<\/span><br \/>\n<span style=\"color: #000000\"> perfekt auch im Bad: f\u00fcr Wanne, Waschbecken und Spiegel<\/span><br \/>\n<span style=\"color: #000000\"> in der K\u00fcche: f\u00fcr Herdplatten, Glaskeramik-Kochfelder, Fliesen, Armaturen<\/span><br \/>\n<span style=\"color: #000000\"> f\u00fcr Kunstofffenster und Gartenm\u00f6bel, Fensterb\u00e4nke aus Marmor, Tennisschuhe, Skier usw.<\/span><br \/>\n<span style=\"color: #000000\"> biologisch gut abbaubar gem\u00e4\u00df OECD-Test 302b<\/span><\/p>\n<p><strong><span style=\"color: #000000\">Gebrauchsanweisung:<\/span><\/strong><\/p>\n<p><span style=\"color: #000000\">Schwamm anfeuchten und leicht auf dem Putzstein reiben, mehrmals zusammendr\u00fccken und dadurch den Reinigungsschaum erzeugen<\/span><br \/>\n<span style=\"color: #000000\"> Schaum auftragen, Oberfl\u00e4che reinigen<\/span><br \/>\n<span style=\"color: #000000\"> bei starken Verschmutzungen nachreiben<\/span><br \/>\n<span style=\"color: #000000\"> zum Schluss mit einem feuchten Tuch abwischen oder mit Wasser absp\u00fclen<\/span><\/p>\n<p><strong><span style=\"color: #000000\">Inhaltsstoffe:<\/span><\/strong><\/p>\n<p><span style=\"color: #000000\">unter 5 % anionische Tenside<\/span><br \/>\n<span style=\"color: #000000\"> Poliermittel, Hilfsstoffe, Duftstoffe<\/span><br \/>\n<span style=\"color: #000000\"> s\u00e4ure- und phosphatfrei<\/span><\/p>\n<p><span style=\"color: #000000\"><strong>Inhalt :<\/strong>\u00a0<\/span><span style=\"color: #000000\">400 ml pro Dose<\/span><\/p>\n<p><span style=\"color: #000000\"><strong>Hinweis<\/strong><\/span><\/p>\n<p><span style=\"color: #000000\">Darf nicht in die H\u00e4nde von Kinder gelangen!<\/span><\/p>\n","protected":false},"excerpt":{"rendered":"<p>inkl. gesetzl. MwSt. und zzgl. Versandkosten<\/p>\n","protected":false},"featured_media":1452,"comment_status":"closed","ping_status":"closed","template":"","meta":[],"product_cat":[55],"product_tag":[99,98,100],"_links":{"self":[{"href":"https:\/\/vitasane.it\/de\/wp-json\/wp\/v2\/product\/1451"}],"collection":[{"href":"https:\/\/vitasane.it\/de\/wp-json\/wp\/v2\/product"}],"about":[{"href":"https:\/\/vitasane.it\/de\/wp-json\/wp\/v2\/types\/product"}],"replies":[{"embeddable":true,"href":"https:\/\/vitasane.it\/de\/wp-json\/wp\/v2\/comments?post=1451"}],"wp:featuredmedia":[{"embeddable":true,"href":"https:\/\/vitasane.it\/de\/wp-json\/wp\/v2\/media\/1452"}],"wp:attachment":[{"href":"https:\/\/vitasane.it\/de\/wp-json\/wp\/v2\/media?parent=1451"}],"wp:term":[{"taxonomy":"product_cat","embeddable":true,"href":"https:\/\/vitasane.it\/de\/wp-json\/wp\/v2\/product_cat?post=1451"},{"taxonomy":"product_tag","embeddable":true,"href":"https:\/\/vitasane.it\/de\/wp-json\/wp\/v2\/product_tag?post=1451"}],"curies":[{"name":"wp","href":"https:\/\/api.w.org\/{rel}","templated":true}]}}