{"id":1490,"date":"2015-07-07T20:46:17","date_gmt":"2015-07-07T18:46:17","guid":{"rendered":"http:\/\/vitasane.it\/de\/?post_type=product&#038;p=1490"},"modified":"2020-11-28T10:10:00","modified_gmt":"2020-11-28T09:10:00","slug":"vakuum-absaugvorrichtung","status":"publish","type":"product","link":"https:\/\/vitasane.it\/de\/produkt\/vakuum-absaugvorrichtung\/","title":{"rendered":"Vakuum Saugvorrichtung"},"content":{"rendered":"<h3><strong>Original Vitasane Vakuum-\u00a0Saugvorrichtung\u00a0<\/strong><\/h3>\n<p><strong>Hinweis:<\/strong> Bereits bei allen Vitasane Vakuumierger\u00e4ten im Lieferumfang (Erstausstattung) enthalten.<\/p>\n<p>Zur einfachen und schnellen Vakuumierung von Vitasane Vakuumbeh\u00e4ltern und Vakuumdosen. Ideal auch f\u00fcr Vitasane Flaschenverschl\u00fc\u00dfe.<\/p>\n<ul>\n<li>Ausf\u00fchrung und Produktvorteile<\/li>\n<li>Gefertigt aus hochwertigem Kunststoff<\/li>\n<li>Einfach mit Schlauchanschluss am Vitasane Vakuumierger\u00e4t angeschlossen<\/li>\n<li>Ideal zur Vakuumierung von Vitasane Deckel- und Einmachgl\u00e4sern im Beh\u00e4lter<\/li>\n<li>Besonders lange Haltbarkeit garantiert, siehe Haltbarkeitstabelle<\/li>\n<\/ul>\n<p><strong>Extra Tipps : \u00a0<\/strong><\/p>\n<p>Mit den Original Vitasane Vakuumbeh\u00e4lter vakuumieren Sie problemlos auch druckempfindliche und fl\u00fcssige, abgek\u00fchlte Lebensmittel. Vor allem haben Sie den Vorteil, dass Sie die Vitasane Vakuumbeh\u00e4lter immer wieder verwenden k\u00f6nnen. Als eines der vielen Anwendungsgebiete sind die Beh\u00e4lter ideal geeignet um Fleisch oder Fisch einzulegen. Die Marinade zieht innerhalb von wenigen Minuten so stark ein wie sonst unter normalen Bedingungen in 6 &#8211; 10 Stunden.<\/p>\n<h3 style=\"text-align: center\"><strong>PRODUKTVIDEO<\/strong><\/h3>\n<p><a href=\"https:\/\/youtu.be\/mlaGf5gX6FU\" target=\"_blank\" rel=\"noopener noreferrer\"><img loading=\"lazy\" decoding=\"async\" class=\"aligncenter wp-image-4616\" src=\"http:\/\/vitasane.it\/de\/wp-content\/uploads\/2015\/06\/youtube_logo.jpg\" alt=\"youtube_logo\" width=\"40\" height=\"40\" \/><\/a><\/p>\n","protected":false},"excerpt":{"rendered":"<p>F\u00fcr Vitasane Vakuum Deckel und Vakuum Beh\u00e4lter geeignet<\/p>\n<p>inkl. gesetzl. MwSt. und zzgl. Versandkosten<\/p>\n","protected":false},"featured_media":3718,"comment_status":"closed","ping_status":"closed","template":"","meta":[],"product_cat":[53],"product_tag":[],"_links":{"self":[{"href":"https:\/\/vitasane.it\/de\/wp-json\/wp\/v2\/product\/1490"}],"collection":[{"href":"https:\/\/vitasane.it\/de\/wp-json\/wp\/v2\/product"}],"about":[{"href":"https:\/\/vitasane.it\/de\/wp-json\/wp\/v2\/types\/product"}],"replies":[{"embeddable":true,"href":"https:\/\/vitasane.it\/de\/wp-json\/wp\/v2\/comments?post=1490"}],"wp:featuredmedia":[{"embeddable":true,"href":"https:\/\/vitasane.it\/de\/wp-json\/wp\/v2\/media\/3718"}],"wp:attachment":[{"href":"https:\/\/vitasane.it\/de\/wp-json\/wp\/v2\/media?parent=1490"}],"wp:term":[{"taxonomy":"product_cat","embeddable":true,"href":"https:\/\/vitasane.it\/de\/wp-json\/wp\/v2\/product_cat?post=1490"},{"taxonomy":"product_tag","embeddable":true,"href":"https:\/\/vitasane.it\/de\/wp-json\/wp\/v2\/product_tag?post=1490"}],"curies":[{"name":"wp","href":"https:\/\/api.w.org\/{rel}","templated":true}]}}