{"id":3800,"date":"2015-10-05T10:51:45","date_gmt":"2015-10-05T08:51:45","guid":{"rendered":"http:\/\/vitasane.it\/de\/?post_type=product&#038;p=3800"},"modified":"2025-10-28T17:50:05","modified_gmt":"2025-10-28T16:50:05","slug":"spuel-und-putztuch-duo-4er-set","status":"publish","type":"product","link":"https:\/\/vitasane.it\/de\/produkt\/spuel-und-putztuch-duo-4er-set\/","title":{"rendered":"Schwammtuch Microfaser 4er-set"},"content":{"rendered":"<p><b>Schwamm-und Sp\u00fcltuch 4er Set<\/b><\/p>\n<p><span style=\"color: #0000ff\"><img loading=\"lazy\" decoding=\"async\" class=\"alignnone wp-image-7151\" src=\"http:\/\/vitasane.it\/de\/wp-content\/uploads\/2015\/10\/farben.jpg\" alt=\"\" width=\"76\" height=\"100\" \/><br \/>\n<\/span><\/p>\n<p><strong>Merkmale: <\/strong>Schlingenfrottestruktur au\u00dfen, leicht gl\u00e4nzende Oberfl\u00e4che Schaumstoffeinlage zwecks erh\u00f6hter Wasseraufnahme.<\/p>\n<p>Saugt wie ein Schwammtuch, reinigt wie ein Mikrofasertuch!<\/p>\n<p><strong>Einsatzbereich<\/strong>:\u00a0Sanit\u00e4r Reinigung, WC, K\u00fcche, Gastro. Topleistung bei allen g\u00e4ngigen Oberfl\u00e4chen<\/p>\n<p>Tuchgr\u00f6\u00dfe:\u00a0\u00a0\u00a0\u00a0\u00a0\u00a0\u00a0\u00a0\u00a0\u00a0\u00a0\u00a0\u00a0\u00a0 ca. 23 x 23 cm<\/p>\n<p>Einfassung:\u00a0\u00a0\u00a0\u00a0\u00a0\u00a0\u00a0\u00a0\u00a0\u00a0\u00a0\u00a0\u00a0\u00a0 Doppelt, verst\u00e4rkt, zus\u00e4tzliches Einfassband<\/p>\n<p>Waschbarkeit:\u00a0\u00a0\u00a0\u00a0\u00a0\u00a0\u00a0\u00a0\u00a0 60\u00b0 C<\/p>\n<p>&nbsp;<\/p>\n","protected":false},"excerpt":{"rendered":"<p>inkl. gesetzl. MwSt. und zzgl. Versandkosten<\/p>\n","protected":false},"featured_media":5217,"comment_status":"closed","ping_status":"closed","template":"","meta":[],"product_cat":[108,55],"product_tag":[],"_links":{"self":[{"href":"https:\/\/vitasane.it\/de\/wp-json\/wp\/v2\/product\/3800"}],"collection":[{"href":"https:\/\/vitasane.it\/de\/wp-json\/wp\/v2\/product"}],"about":[{"href":"https:\/\/vitasane.it\/de\/wp-json\/wp\/v2\/types\/product"}],"replies":[{"embeddable":true,"href":"https:\/\/vitasane.it\/de\/wp-json\/wp\/v2\/comments?post=3800"}],"wp:featuredmedia":[{"embeddable":true,"href":"https:\/\/vitasane.it\/de\/wp-json\/wp\/v2\/media\/5217"}],"wp:attachment":[{"href":"https:\/\/vitasane.it\/de\/wp-json\/wp\/v2\/media?parent=3800"}],"wp:term":[{"taxonomy":"product_cat","embeddable":true,"href":"https:\/\/vitasane.it\/de\/wp-json\/wp\/v2\/product_cat?post=3800"},{"taxonomy":"product_tag","embeddable":true,"href":"https:\/\/vitasane.it\/de\/wp-json\/wp\/v2\/product_tag?post=3800"}],"curies":[{"name":"wp","href":"https:\/\/api.w.org\/{rel}","templated":true}]}}