{"id":4471,"date":"2016-03-30T10:44:20","date_gmt":"2016-03-30T08:44:20","guid":{"rendered":"http:\/\/vitasane.it\/?post_type=product&#038;p=4471"},"modified":"2021-12-01T08:01:48","modified_gmt":"2021-12-01T07:01:48","slug":"vakuum-box-set3","status":"publish","type":"product","link":"https:\/\/vitasane.it\/de\/produkt\/vakuum-box-set3\/","title":{"rendered":"Vakuum Box SET3"},"content":{"rendered":"<p><strong>VAKUUM-BOX SET3<\/strong><\/p>\n<p>Die\u00a0<strong>Vitasane <strong>Vakuum Box<\/strong><\/strong>\u00a0sind perfekt um Lebensmittel zu l\u00e4nger zu lagern. Gerade druckempfindliche oder fl\u00fcssige Lebensmittel k\u00f6nnen Sie mit den Vakuumbeh\u00e4ltern optimal verpacken. Die\u00a0<strong>Vitasane\u00a0Vakuumbeh\u00e4lter<\/strong> haben eine gro\u00dfe Einsatzf\u00e4higkeit.<\/p>\n<p>Die runden Vakuum Box von\u00a0<strong>Vitasane\u00a0<\/strong>sind in verschiedenen Gr\u00f6\u00dfen erh\u00e4ltlich.<\/p>\n<p>Ihre Lebensmittel halten sich in den vakuumierten Beh\u00e4ltern extra lang.<\/p>\n<p><strong>Das 3er Vakuumier-Beh\u00e4lterset wird standardm\u00e4\u00dfig mit folgenden Komponenten geliefert:<\/strong><\/p>\n<ul>\n<li><strong>Vakuumier-Beh\u00e4lter rund ( 4Lt.\u00a0\u2205\u00a022 cm\u00a0)<\/strong><\/li>\n<li><strong>Vakuumier-Beh\u00e4lter rund ( 2Lt.\u00a0\u2205\u00a022 \u00a0cm )<\/strong><\/li>\n<li><strong>Vakuumier-Beh\u00e4lter Rechteckiger (\u00a02Lt.\u00a0\u2205 20\u00d725 h8 cm )<\/strong><\/li>\n<\/ul>\n<h3 style=\"text-align: center\"><strong>PRODUKTVIDEO<\/strong><\/h3>\n<p><a href=\"https:\/\/youtu.be\/mlaGf5gX6FU\" target=\"_blank\" rel=\"noopener noreferrer\"><img loading=\"lazy\" decoding=\"async\" class=\"aligncenter wp-image-4616\" src=\"http:\/\/vitasane.it\/de\/wp-content\/uploads\/2015\/06\/youtube_logo.jpg\" alt=\"youtube_logo\" width=\"40\" height=\"40\" \/><\/a><\/p>\n","protected":false},"excerpt":{"rendered":"<p>inkl. gesetzl. MwSt. und zzgl. Versandkosten<\/p>\n","protected":false},"featured_media":4472,"comment_status":"open","ping_status":"closed","template":"","meta":[],"product_cat":[53],"product_tag":[],"_links":{"self":[{"href":"https:\/\/vitasane.it\/de\/wp-json\/wp\/v2\/product\/4471"}],"collection":[{"href":"https:\/\/vitasane.it\/de\/wp-json\/wp\/v2\/product"}],"about":[{"href":"https:\/\/vitasane.it\/de\/wp-json\/wp\/v2\/types\/product"}],"replies":[{"embeddable":true,"href":"https:\/\/vitasane.it\/de\/wp-json\/wp\/v2\/comments?post=4471"}],"wp:featuredmedia":[{"embeddable":true,"href":"https:\/\/vitasane.it\/de\/wp-json\/wp\/v2\/media\/4472"}],"wp:attachment":[{"href":"https:\/\/vitasane.it\/de\/wp-json\/wp\/v2\/media?parent=4471"}],"wp:term":[{"taxonomy":"product_cat","embeddable":true,"href":"https:\/\/vitasane.it\/de\/wp-json\/wp\/v2\/product_cat?post=4471"},{"taxonomy":"product_tag","embeddable":true,"href":"https:\/\/vitasane.it\/de\/wp-json\/wp\/v2\/product_tag?post=4471"}],"curies":[{"name":"wp","href":"https:\/\/api.w.org\/{rel}","templated":true}]}}