{"id":4626,"date":"2016-04-26T14:41:11","date_gmt":"2016-04-26T12:41:11","guid":{"rendered":"http:\/\/vitasane.it\/?post_type=product&#038;p=4626"},"modified":"2021-12-01T08:00:20","modified_gmt":"2021-12-01T07:00:20","slug":"vakuum-box-rund-set2","status":"publish","type":"product","link":"https:\/\/vitasane.it\/de\/produkt\/vakuum-box-rund-set2\/","title":{"rendered":"VAKUUM BOX rund SET2"},"content":{"rendered":"<p><strong>VAKUUM-BOX SET2<\/strong><\/p>\n<p>Die\u00a0<strong>Vitasane <strong>Vakuum Box<\/strong><\/strong>\u00a0sind perfekt um Lebensmittel zu l\u00e4nger zu lagern. Gerade druckempfindliche oder fl\u00fcssige Lebensmittel k\u00f6nnen Sie mit den Vakuumbeh\u00e4ltern optimal verpacken. Die\u00a0<strong>Vitasane\u00a0Vakuumbeh\u00e4lter<\/strong> haben eine gro\u00dfe Einsatzf\u00e4higkeit.<\/p>\n<p>Die runden Vakuum Box von\u00a0<strong>Vitasane\u00a0<\/strong>sind in verschiedenen Gr\u00f6\u00dfen erh\u00e4ltlich.<\/p>\n<p>Ihre Lebensmittel halten sich in den vakuumierten Beh\u00e4ltern extra lang.<\/p>\n<p><strong>Das 2er Vakuumier-Beh\u00e4lterset wird standardm\u00e4\u00dfig mit folgenden Komponenten geliefert:<\/strong><\/p>\n<ul>\n<li><strong>Vakuumier-Beh\u00e4lter rund ( 4Lt.\u00a0\u2205\u00a022 cm\u00a0)<\/strong><\/li>\n<li><strong>Vakuumier-Beh\u00e4lter rund ( 2Lt.\u00a0\u2205\u00a022 \u00a0cm )<\/strong><\/li>\n<\/ul>\n<h3 style=\"text-align: center\"><strong>PRODUKTVIDEO<\/strong><\/h3>\n<p><a href=\"https:\/\/youtu.be\/mlaGf5gX6FU\" target=\"_blank\" rel=\"noopener noreferrer\"><img loading=\"lazy\" decoding=\"async\" class=\"aligncenter wp-image-4616\" src=\"http:\/\/vitasane.it\/de\/wp-content\/uploads\/2015\/06\/youtube_logo.jpg\" alt=\"youtube_logo\" width=\"40\" height=\"40\" \/><\/a><\/p>\n","protected":false},"excerpt":{"rendered":"<p>inkl. gesetzl. MwSt. und zzgl. Versandkosten<\/p>\n","protected":false},"featured_media":4627,"comment_status":"open","ping_status":"closed","template":"","meta":[],"product_cat":[53],"product_tag":[],"_links":{"self":[{"href":"https:\/\/vitasane.it\/de\/wp-json\/wp\/v2\/product\/4626"}],"collection":[{"href":"https:\/\/vitasane.it\/de\/wp-json\/wp\/v2\/product"}],"about":[{"href":"https:\/\/vitasane.it\/de\/wp-json\/wp\/v2\/types\/product"}],"replies":[{"embeddable":true,"href":"https:\/\/vitasane.it\/de\/wp-json\/wp\/v2\/comments?post=4626"}],"wp:featuredmedia":[{"embeddable":true,"href":"https:\/\/vitasane.it\/de\/wp-json\/wp\/v2\/media\/4627"}],"wp:attachment":[{"href":"https:\/\/vitasane.it\/de\/wp-json\/wp\/v2\/media?parent=4626"}],"wp:term":[{"taxonomy":"product_cat","embeddable":true,"href":"https:\/\/vitasane.it\/de\/wp-json\/wp\/v2\/product_cat?post=4626"},{"taxonomy":"product_tag","embeddable":true,"href":"https:\/\/vitasane.it\/de\/wp-json\/wp\/v2\/product_tag?post=4626"}],"curies":[{"name":"wp","href":"https:\/\/api.w.org\/{rel}","templated":true}]}}