{"id":4779,"date":"2016-08-09T15:54:15","date_gmt":"2016-08-09T13:54:15","guid":{"rendered":"http:\/\/vitasane.it\/?post_type=product&#038;p=4779"},"modified":"2022-12-11T10:46:59","modified_gmt":"2022-12-11T09:46:59","slug":"sous-vide-multifunktion","status":"publish","type":"product","link":"https:\/\/vitasane.it\/de\/produkt\/sous-vide-multifunktion\/","title":{"rendered":"SOUS VIDE MULTIFUNKTION"},"content":{"rendered":"<h2 style=\"text-align: center\">SOUS VIDE MULTIFUNKTION<\/h2>\n<h2 style=\"text-align: center\"><img loading=\"lazy\" decoding=\"async\" class=\"aligncenter wp-image-9571 size-medium\" src=\"https:\/\/vitasane.it\/de\/wp-content\/uploads\/2016\/08\/annt-300x228.png\" alt=\"\" width=\"300\" height=\"228\" srcset=\"https:\/\/vitasane.it\/de\/wp-content\/uploads\/2016\/08\/annt-300x228.png 300w, https:\/\/vitasane.it\/de\/wp-content\/uploads\/2016\/08\/annt-500x381.png 500w, https:\/\/vitasane.it\/de\/wp-content\/uploads\/2016\/08\/annt.png 751w\" sizes=\"(max-width: 300px) 100vw, 300px\" \/><\/h2>\n<h3 style=\"text-align: center\"><img loading=\"lazy\" decoding=\"async\" class=\"wp-image-4424 alignleft\" src=\"http:\/\/vitasane.it\/de\/wp-content\/uploads\/2016\/02\/1_SOUS-VIDE-MULTIFUNKTIONS.jpg\" alt=\"1_SOUS VIDE MULTIFUNKTIONS\" width=\"312\" height=\"235\" srcset=\"https:\/\/vitasane.it\/de\/wp-content\/uploads\/2016\/02\/1_SOUS-VIDE-MULTIFUNKTIONS.jpg 556w, https:\/\/vitasane.it\/de\/wp-content\/uploads\/2016\/02\/1_SOUS-VIDE-MULTIFUNKTIONS-300x226.jpg 300w\" sizes=\"(max-width: 312px) 100vw, 312px\" \/><\/h3>\n<p style=\"text-align: left\">Die Vakuumgartechnik des\u00a0Sous-Vide Garers <strong>VITASANE\u00a0<\/strong>Sous-Vide Multifunktion bringt den Geschmack und die Aromen von Fleisch, Fisch und Gem\u00fcse perfekt zur Geltung. Die niedrige Temperatur sorgt dabei f\u00fcr den Erhalt von wertvollen Vitaminen, N\u00e4hr- und Inhaltsstoffen \u2013 schonend und fettarm. Die konstante und gradgenaue Temperatur ist dabei entscheidend.Aber der <strong>VITASANE\u00a0<\/strong>Sous-Vide Multifunktion\u00a0kann nicht nur punktgenau \u201eSous-Vide\u201c Garen, sondern hebt sich mit seinen zahlreichen und ebenso kompromisslosen Funktionen deutlich von allen anderen Sous-Vide Ger\u00e4ten, auch in den h\u00f6chsten Preisklassen ab. Mit dem <strong>VITASANE\u00a0<\/strong>Sous-Vide Multifunktion k\u00f6nnen Sie eben auch Braten, langsam \u00fcber den Tag garen und Abends ihr Essen sozusagen \u201eabholen\u201c, W\u00fcrstchen und andere Speisen im Wasserbad zubereiten, Speisen einfach warm halten, Reis kochen, Suppen und Eint\u00f6pfe kochen, Spargel oder Nudel kochen, Speisen d\u00e4mpfen oder aus Milch und einem L\u00f6ffel Joghurt eine gro\u00dfe Menge an Joghurt automatisch zubereiten. Alle Funktionen k\u00f6nnen manuell beeinflusst <a href=\"http:\/\/vitasane.it\/de\/wp-content\/uploads\/2016\/02\/Funktionen-sous-vide.jpg\" target=\"_blank\" rel=\"noopener noreferrer\"><img loading=\"lazy\" decoding=\"async\" class=\"alignleft wp-image-4434\" src=\"http:\/\/vitasane.it\/de\/wp-content\/uploads\/2016\/02\/Funktionen-sous-vide-1024x83.jpg\" alt=\"Funktionen sous vide\" width=\"320\" height=\"26\" srcset=\"https:\/\/vitasane.it\/de\/wp-content\/uploads\/2016\/02\/Funktionen-sous-vide-1024x83.jpg 1024w, https:\/\/vitasane.it\/de\/wp-content\/uploads\/2016\/02\/Funktionen-sous-vide-300x24.jpg 300w, https:\/\/vitasane.it\/de\/wp-content\/uploads\/2016\/02\/Funktionen-sous-vide-768x63.jpg 768w, https:\/\/vitasane.it\/de\/wp-content\/uploads\/2016\/02\/Funktionen-sous-vide.jpg 1288w\" sizes=\"(max-width: 320px) 100vw, 320px\" \/><\/a>werden oder laufen vollautomatisch ab. Die Automatikprogramme k\u00f6nnen mit einer Laufzeit von 72 Stunden eingestellt werden, hei\u00dft man kann z.B. 72 Stunden lang Niedertemperatur- oder Sous-Vide garen. Vielseitig, pr\u00e4zise, schnell oder langsam, hochwertig, professionell und kompakt genug, um in jeder K\u00fcche seinen Platz zu finden.<\/p>\n<h2 style=\"text-align: center\">DIE SOUS VIDE K\u00dcCHE<\/h2>\n<p style=\"text-align: left\"><img loading=\"lazy\" decoding=\"async\" class=\"wp-image-4420 alignleft\" src=\"http:\/\/vitasane.it\/de\/wp-content\/uploads\/2016\/02\/fisch-300x265.jpg\" alt=\"fisch\" width=\"251\" height=\"222\" srcset=\"https:\/\/vitasane.it\/de\/wp-content\/uploads\/2016\/02\/fisch-300x265.jpg 300w, https:\/\/vitasane.it\/de\/wp-content\/uploads\/2016\/02\/fisch-768x680.jpg 768w, https:\/\/vitasane.it\/de\/wp-content\/uploads\/2016\/02\/fisch-1024x906.jpg 1024w, https:\/\/vitasane.it\/de\/wp-content\/uploads\/2016\/02\/fisch.jpg 1892w\" sizes=\"(max-width: 251px) 100vw, 251px\" \/>Da es sich um mehrere der gro\u00dfen zeitgen\u00f6ssischen K\u00f6che popul\u00e4r wurde, hat Niedertemperaturgaren eines der ber\u00fchmtesten Vorbereitungen\u00a0der modernen K\u00fcche geworden. Diese Technik beinhaltet einen l\u00e4ngeren Zeitraum Erhitzen von Lebensmitteln bei Temperaturen unter dem Siedepunkt des Wassers, die selten 80 \u00b0C nicht \u00fcberschreiten Es gibt mehrere M\u00f6glichkeiten, Lebensmittel bei niedrigen Temperaturen, wie langsam Herde und \u00d6fen verwenden schwacher Hitze kochen; aber die Methode heute am meisten gesch\u00e4tzt ist zweifellos das Sous-Vide Kochen. Bei dieser Art von Kochen von Speisen werden in Vakuumiert\u00a0eingewickelt, die die Au\u00dfenseite und halten daher die Integrit\u00e4t von Lebensmitteln isolieren, verhindern ihre Fl\u00fcssigkeit und Verunreinigungen durch andere Inhaltsstoffe verlieren, so allgemeinen Geschmack Urspr\u00fcngliche viel reiner als jede andere Garverfahren behalten.<\/p>\n<h2><strong><div class=\"row-fluid\"><\/div><\/strong><\/h2>\n<h2><strong><div class=\"row-fluid\"><\/div><\/strong><\/h2>\n<p><img loading=\"lazy\" decoding=\"async\" class=\"wp-image-4462 alignleft\" src=\"http:\/\/vitasane.it\/de\/wp-content\/uploads\/2016\/02\/Sous-Vide-deutsch.jpg\" alt=\"Sous-Vide-deutsch\" width=\"402\" height=\"223\" srcset=\"https:\/\/vitasane.it\/de\/wp-content\/uploads\/2016\/02\/Sous-Vide-deutsch.jpg 640w, https:\/\/vitasane.it\/de\/wp-content\/uploads\/2016\/02\/Sous-Vide-deutsch-300x167.jpg 300w\" sizes=\"(max-width: 402px) 100vw, 402px\" \/>Die Vorteile von <strong>Niedertemperatur<\/strong> <strong>garen<\/strong> sind zahlreich. Insgesamt ist es ein Verfahren,das weicher f\u00fcr eine traditionelle Garen von Speisen ist, die besser oft seine urspr\u00fcnglichen Eigenschaften beibehalten, sowohl Geschmack und Textur. Somit ist es eine ideale Methode zum Garen von <strong>Fleisch<\/strong>, weil sie ihre S\u00e4fte und Konsistenz h\u00e4lt viel besser als bei \u00a0herk\u00f6mmlichen \u00a0Kochen, w\u00e4hrend es zart und weich wird . In \u00e4hnlicher Weise ist es eine perfekte Technik zur confit, die in Fisch besonders n\u00fctzlich ist, das Fleisch zarter und erh\u00e4lt weniger Schaden bei niedriger Temperatur behandelt werden.\u00a0Es kann auch gesagt werden, die das Sous-Vide Kochen nicht in der Lage eine sehr glatte Konsistenz erwerbe mit jeder anderen Methode zu\u00a0erreichen.<\/p>\n<h2><strong><div class=\"row-fluid\"><\/div><\/strong><\/h2>\n<h2><strong><div class=\"row-fluid\"><\/div><\/strong><\/h2>\n<p><img loading=\"lazy\" decoding=\"async\" class=\"wp-image-4422 alignleft\" src=\"http:\/\/vitasane.it\/de\/wp-content\/uploads\/2016\/02\/grosse-rippe-300x200.jpg\" alt=\"grosse-rippe\" width=\"329\" height=\"219\" srcset=\"https:\/\/vitasane.it\/de\/wp-content\/uploads\/2016\/02\/grosse-rippe-300x200.jpg 300w, https:\/\/vitasane.it\/de\/wp-content\/uploads\/2016\/02\/grosse-rippe-768x512.jpg 768w, https:\/\/vitasane.it\/de\/wp-content\/uploads\/2016\/02\/grosse-rippe-1024x683.jpg 1024w, https:\/\/vitasane.it\/de\/wp-content\/uploads\/2016\/02\/grosse-rippe.jpg 1920w\" sizes=\"(max-width: 329px) 100vw, 329px\" \/>In einem bescheideneren Linie von High-End-Produkte wie die ber\u00fchmte Roner entworfen von Joan Roca, einer der gr\u00f6\u00dften<br \/>\nK\u00f6che des Augenblicks, ist das Sous-Vide-Multifunktions Ger\u00e4t\u00a0 als Qualit\u00e4ts Option pr\u00e4sentiert,sondern wirtschaftliche und sehr einfach zu bedienen, die es f\u00fcr H\u00e4user perfekt ist, wo Sie die Erfahrung des Vakuumgaren ausprobieren wollen, ohne hohe Ausgaben oder Komplikation von mehr Spezialmaschinen entstehen. Neben der Funktion Sous-Vide und Funktion der langsamen Kochen, Sous-Vide- Multifunktions Ger\u00e4t erm\u00f6glicht eine Vielzahl von Gerichten wie R\u00fchren braten, schmoren, ged\u00fcnstet oder gekocht Eint\u00f6pfe und sogar spezialisiert Modi der Zubereitung von Reis und Braten. Dar\u00fcber hinaus erm\u00f6glicht die programmierbare Timer angeben, wenn das Essen fertig ist, und daher ist perfekt f\u00fcr Familien, in denen alle Mitglieder arbeiten und keine Zeit in der K\u00fcche verbringen.<\/p>\n<h2 style=\"text-align: left\"><strong><div class=\"row-fluid\"><\/div><\/strong><\/h2>\n<h2 style=\"text-align: left\"><strong><div class=\"row-fluid\"><\/div><\/strong><\/h2>\n<h2 style=\"text-align: left\"><strong><div class=\"row-fluid\"><\/div><\/strong><\/h2>\n<h2 style=\"text-align: left;padding-left: 180px\">Gartabelle Sous vide Wasserbad<\/h2>\n<table style=\"height: 276px\" width=\"871\">\n<tbody>\n<tr>\n<td style=\"text-align: center\" width=\"118\"><\/td>\n<td width=\"118\"><\/td>\n<\/tr>\n<tr>\n<td width=\"118\">\n<p style=\"text-align: center\">RIND\/KALB<a href=\"http:\/\/vitasane.it\/de\/wp-content\/uploads\/2016\/02\/RIND_KALB-1.jpg\" target=\"_blank\" rel=\"noopener noreferrer\"><img loading=\"lazy\" decoding=\"async\" class=\"wp-image-4757 alignnone\" src=\"http:\/\/vitasane.it\/de\/wp-content\/uploads\/2016\/02\/RIND_KALB-1-212x300.jpg\" alt=\"RIND_KALB\" width=\"211\" height=\"298\" srcset=\"https:\/\/vitasane.it\/de\/wp-content\/uploads\/2016\/02\/RIND_KALB-1-212x300.jpg 212w, https:\/\/vitasane.it\/de\/wp-content\/uploads\/2016\/02\/RIND_KALB-1-500x707.jpg 500w, https:\/\/vitasane.it\/de\/wp-content\/uploads\/2016\/02\/RIND_KALB-1-768x1086.jpg 768w, https:\/\/vitasane.it\/de\/wp-content\/uploads\/2016\/02\/RIND_KALB-1-724x1024.jpg 724w, https:\/\/vitasane.it\/de\/wp-content\/uploads\/2016\/02\/RIND_KALB-1.jpg 1654w\" sizes=\"(max-width: 211px) 100vw, 211px\" \/><\/a><\/p>\n<\/td>\n<td width=\"118\">\n<p style=\"text-align: center\">FISCH<a href=\"http:\/\/vitasane.it\/de\/wp-content\/uploads\/2016\/02\/Fisch.jpg\" target=\"_blank\" rel=\"noopener noreferrer\"><img loading=\"lazy\" decoding=\"async\" class=\"wp-image-4754 aligncenter\" src=\"http:\/\/vitasane.it\/de\/wp-content\/uploads\/2016\/02\/Fisch-222x300.jpg\" alt=\"Fisch\" width=\"221\" height=\"299\" srcset=\"https:\/\/vitasane.it\/de\/wp-content\/uploads\/2016\/02\/Fisch-222x300.jpg 222w, https:\/\/vitasane.it\/de\/wp-content\/uploads\/2016\/02\/Fisch-500x676.jpg 500w, https:\/\/vitasane.it\/de\/wp-content\/uploads\/2016\/02\/Fisch-768x1039.jpg 768w, https:\/\/vitasane.it\/de\/wp-content\/uploads\/2016\/02\/Fisch-757x1024.jpg 757w, https:\/\/vitasane.it\/de\/wp-content\/uploads\/2016\/02\/Fisch.jpg 1654w\" sizes=\"(max-width: 221px) 100vw, 221px\" \/><\/a><\/p>\n<\/td>\n<td width=\"118\">\n<p style=\"text-align: center\">GEM\u00dcSE\/FR\u00dcCHTE<a href=\"http:\/\/vitasane.it\/de\/wp-content\/uploads\/2016\/02\/Gem\u00fcse_Fruechte.jpg\" target=\"_blank\" rel=\"noopener noreferrer\"><img loading=\"lazy\" decoding=\"async\" class=\"wp-image-4755 aligncenter\" src=\"http:\/\/vitasane.it\/de\/wp-content\/uploads\/2016\/02\/Gem\u00fcse_Fruechte-224x300.jpg\" alt=\"Gem\u00fcse_Fruechte\" width=\"217\" height=\"291\" srcset=\"https:\/\/vitasane.it\/de\/wp-content\/uploads\/2016\/02\/Gem\u00fcse_Fruechte-224x300.jpg 224w, https:\/\/vitasane.it\/de\/wp-content\/uploads\/2016\/02\/Gem\u00fcse_Fruechte-500x670.jpg 500w, https:\/\/vitasane.it\/de\/wp-content\/uploads\/2016\/02\/Gem\u00fcse_Fruechte-768x1028.jpg 768w, https:\/\/vitasane.it\/de\/wp-content\/uploads\/2016\/02\/Gem\u00fcse_Fruechte-765x1024.jpg 765w, https:\/\/vitasane.it\/de\/wp-content\/uploads\/2016\/02\/Gem\u00fcse_Fruechte.jpg 1654w\" sizes=\"(max-width: 217px) 100vw, 217px\" \/><\/a><\/p>\n<\/td>\n<\/tr>\n<\/tbody>\n<\/table>\n<h2 style=\"text-align: center\"><strong><div class=\"row-fluid\"><\/div><\/strong><\/h2>\n<h2 style=\"text-align: center\"><strong><div class=\"row-fluid\"><\/div><\/strong><\/h2>\n<h2 style=\"text-align: center\">PRODUKTVIDEO<a href=\"https:\/\/www.youtube.com\/watch?v=AZ_HD7KXsek\" target=\"_blank\" rel=\"noopener noreferrer\"><img loading=\"lazy\" decoding=\"async\" class=\"aligncenter\" src=\"http:\/\/vitasane.it\/de\/wp-content\/uploads\/2015\/06\/youtube_logo.jpg\" alt=\"youtube_logo\" width=\"48\" height=\"48\" \/><\/a><\/h2>\n<h2 style=\"text-align: center\"><\/h2>\n<p>&nbsp;<\/p>\n<p>&nbsp;<\/p>\n<p>&nbsp;<\/p>\n","protected":false},"excerpt":{"rendered":"<p>Sous vide multifunktion 6 liter 1500 w<\/p>\n<p>inkl. gesetzl. MwSt. und zzgl. Versandkosten<\/p>\n","protected":false},"featured_media":4424,"comment_status":"closed","ping_status":"closed","template":"","meta":[],"product_cat":[56],"product_tag":[],"_links":{"self":[{"href":"https:\/\/vitasane.it\/de\/wp-json\/wp\/v2\/product\/4779"}],"collection":[{"href":"https:\/\/vitasane.it\/de\/wp-json\/wp\/v2\/product"}],"about":[{"href":"https:\/\/vitasane.it\/de\/wp-json\/wp\/v2\/types\/product"}],"replies":[{"embeddable":true,"href":"https:\/\/vitasane.it\/de\/wp-json\/wp\/v2\/comments?post=4779"}],"wp:featuredmedia":[{"embeddable":true,"href":"https:\/\/vitasane.it\/de\/wp-json\/wp\/v2\/media\/4424"}],"wp:attachment":[{"href":"https:\/\/vitasane.it\/de\/wp-json\/wp\/v2\/media?parent=4779"}],"wp:term":[{"taxonomy":"product_cat","embeddable":true,"href":"https:\/\/vitasane.it\/de\/wp-json\/wp\/v2\/product_cat?post=4779"},{"taxonomy":"product_tag","embeddable":true,"href":"https:\/\/vitasane.it\/de\/wp-json\/wp\/v2\/product_tag?post=4779"}],"curies":[{"name":"wp","href":"https:\/\/api.w.org\/{rel}","templated":true}]}}