{"id":4907,"date":"2016-10-21T16:44:55","date_gmt":"2016-10-21T14:44:55","guid":{"rendered":"http:\/\/vitasane.it\/?post_type=product&#038;p=4907"},"modified":"2024-11-23T12:05:07","modified_gmt":"2024-11-23T11:05:07","slug":"cuisilux-set-entsafter-mit-zitruspresse","status":"publish","type":"product","link":"https:\/\/vitasane.it\/de\/produkt\/cuisilux-set-entsafter-mit-zitruspresse\/","title":{"rendered":"Set Entsafter mit Zitruspresse"},"content":{"rendered":"<div id=\"content\" class=\"contentIS\">\n<h2>DE: DER ENTSAFTER UND DIE ZITRUSPRESSE<\/h2>\n<p><strong>Die kleine Gesundheitsapotheke in Ihrer K\u00fcche<\/strong><\/p>\n<p><img loading=\"lazy\" decoding=\"async\" class=\"size-full wp-image-9367 alignright\" src=\"https:\/\/vitasane.it\/de\/wp-content\/uploads\/2016\/10\/SCALED_260x0-1.jpg\" alt=\"\" width=\"260\" height=\"205\" \/>Hohlen Sie sich die frische der Natur in Ihre K\u00fcche und bereiten Sie die Obst-und Gem\u00fcses\u00e4fte selbst zu. \u00a0 \u00a0 In kleineren Mengen getrunken, wirken Sie oft Wunder.<\/p>\n<p>Im Zeitalter der Sulfonamide, der Antibiotika, der Hormone, der Kortisonpr\u00e4perate und weiteren Syntheseprodukte, die meistens gewaltsam und mit unangenehmen Nebenwirkungen einwirken, weisen die Fach\u00e4rzte immer wieder auf die Bedeutung der Frucht- und Gem\u00fcses\u00e4fte hin. Die S\u00e4fte haben eine heilsame Wirkung, in einigen F\u00e4llen wird man sogar nur durch solche S\u00e4fte gesund und bilden ein au\u00dferordentlich kr\u00e4ftigendes Nahrungsmittel und wirksamen Schutz vor vielen Krankheiten.<\/p>\n<p>&nbsp;<\/p>\n<\/div>\n<p><!--more--><\/p>\n<h2>IT: SET CENTRIFUGA PER SUCCHI E SPREMIAGRUMI<\/h2>\n<p><strong>La piccola farmacia della salute nella tua cucina<\/strong><\/p>\n<p>Porta la freschezza della natura nella tua cucina e prepara i tuoi succhi di frutta e verdura. Se bevuti in piccole quantit\u00e0, spesso fanno miracoli.<\/p>\n<p>Nell&#8217;era dei sulfamidici, degli antibiotici, degli ormoni, dei preparati cortisonici e di altri prodotti di sintesi, che di solito agiscono in modo violento e con spiacevoli effetti collaterali, gli specialisti sottolineano ripetutamente l&#8217;importanza dei succhi di frutta e verdura. I succhi hanno un effetto curativo, in alcuni casi \u00e8 anche solo attraverso tali succhi che si diventa sani e costituiscono un alimento straordinariamente corroborante e una protezione efficace contro molte malattie.<\/p>\n<p>&nbsp;<\/p>\n<div id=\"content\" class=\"contentIS\">\n<p><img loading=\"lazy\" decoding=\"async\" class=\"alignleft wp-image-2914\" src=\"https:\/\/vitasane.it\/de\/wp-content\/uploads\/2015\/08\/entsafter-e1725522454119.png\" alt=\"\" width=\"203\" height=\"271\" srcset=\"https:\/\/vitasane.it\/de\/wp-content\/uploads\/2015\/08\/entsafter-e1725522454119.png 300w, https:\/\/vitasane.it\/de\/wp-content\/uploads\/2015\/08\/entsafter-e1725522454119-224x300.png 224w\" sizes=\"(max-width: 203px) 100vw, 203px\" \/> \u00a0 \u00a0 \u00a0 \u00a0 \u00a0 \u00a0 <img loading=\"lazy\" decoding=\"async\" class=\" wp-image-11550 alignnone\" src=\"https:\/\/vitasane.it\/de\/wp-content\/uploads\/2015\/07\/Projekt-\u201eHintergrund-entfernen7-240x300.png\" alt=\"\" width=\"217\" height=\"271\" srcset=\"https:\/\/vitasane.it\/de\/wp-content\/uploads\/2015\/07\/Projekt-\u201eHintergrund-entfernen7-240x300.png 240w, https:\/\/vitasane.it\/de\/wp-content\/uploads\/2015\/07\/Projekt-\u201eHintergrund-entfernen7-819x1024.png 819w, https:\/\/vitasane.it\/de\/wp-content\/uploads\/2015\/07\/Projekt-\u201eHintergrund-entfernen7-768x960.png 768w, https:\/\/vitasane.it\/de\/wp-content\/uploads\/2015\/07\/Projekt-\u201eHintergrund-entfernen7-500x625.png 500w, https:\/\/vitasane.it\/de\/wp-content\/uploads\/2015\/07\/Projekt-\u201eHintergrund-entfernen7.png 1080w\" sizes=\"(max-width: 217px) 100vw, 217px\" \/> \u00a0 \u00a0 \u00a0 \u00a0 \u00a0 \u00a0 \u00a0 \u00a0 <img loading=\"lazy\" decoding=\"async\" class=\"alignnone wp-image-2916\" src=\"https:\/\/vitasane.it\/de\/wp-content\/uploads\/2015\/08\/zitruspresse-e1725522832828.png\" alt=\"\" width=\"203\" height=\"265\" srcset=\"https:\/\/vitasane.it\/de\/wp-content\/uploads\/2015\/08\/zitruspresse-e1725522832828.png 300w, https:\/\/vitasane.it\/de\/wp-content\/uploads\/2015\/08\/zitruspresse-e1725522832828-230x300.png 230w\" sizes=\"(max-width: 203px) 100vw, 203px\" \/><\/p>\n<\/div>\n<p>&nbsp;<\/p>\n","protected":false},"excerpt":{"rendered":"<p>inkl. gesetzl. MwSt. und zzgl. Versandkosten<\/p>\n","protected":false},"featured_media":7169,"comment_status":"closed","ping_status":"closed","template":"","meta":[],"product_cat":[52],"product_tag":[],"_links":{"self":[{"href":"https:\/\/vitasane.it\/de\/wp-json\/wp\/v2\/product\/4907"}],"collection":[{"href":"https:\/\/vitasane.it\/de\/wp-json\/wp\/v2\/product"}],"about":[{"href":"https:\/\/vitasane.it\/de\/wp-json\/wp\/v2\/types\/product"}],"replies":[{"embeddable":true,"href":"https:\/\/vitasane.it\/de\/wp-json\/wp\/v2\/comments?post=4907"}],"wp:featuredmedia":[{"embeddable":true,"href":"https:\/\/vitasane.it\/de\/wp-json\/wp\/v2\/media\/7169"}],"wp:attachment":[{"href":"https:\/\/vitasane.it\/de\/wp-json\/wp\/v2\/media?parent=4907"}],"wp:term":[{"taxonomy":"product_cat","embeddable":true,"href":"https:\/\/vitasane.it\/de\/wp-json\/wp\/v2\/product_cat?post=4907"},{"taxonomy":"product_tag","embeddable":true,"href":"https:\/\/vitasane.it\/de\/wp-json\/wp\/v2\/product_tag?post=4907"}],"curies":[{"name":"wp","href":"https:\/\/api.w.org\/{rel}","templated":true}]}}