{"id":4991,"date":"2016-12-31T15:10:14","date_gmt":"2016-12-31T14:10:14","guid":{"rendered":"http:\/\/vitasane.it\/?post_type=product&#038;p=4991"},"modified":"2020-11-28T10:16:29","modified_gmt":"2020-11-28T09:16:29","slug":"universal-deckel-3er-pack","status":"publish","type":"product","link":"https:\/\/vitasane.it\/de\/produkt\/universal-deckel-3er-pack\/","title":{"rendered":"UNIVERSAL DECKEL 3ER PACK"},"content":{"rendered":"<p>Set 3er Pack Vakuum-Universal-Deckel rund.<\/p>\n<p>Universal-Deckel passend f\u00fcr alle runde Dosen konserviert oder mehrere Dosen (Kaffee, \u00d6l, etc.).<\/p>\n<p>Mit dem\u00a0praktischen Ventilsystem Produkte bleiben fern von Feuchtigkeit, Staub und Luft, unver\u00e4ndert das Aroma und Geschmack zu halten. F\u00fcr Beh\u00e4lter mit einem Durchmesser von \u00f8\u00a040 bis 200\u00a0mm.<\/p>\n<h3 style=\"text-align: center\"><strong>PRODUKTVIDEO<\/strong><\/h3>\n<p><a href=\"https:\/\/youtu.be\/mlaGf5gX6FU\" target=\"_blank\" rel=\"noopener noreferrer\"><img loading=\"lazy\" decoding=\"async\" class=\"aligncenter wp-image-4616\" src=\"http:\/\/vitasane.it\/de\/wp-content\/uploads\/2015\/06\/youtube_logo.jpg\" alt=\"youtube_logo\" width=\"40\" height=\"40\" \/><\/a><\/p>\n","protected":false},"excerpt":{"rendered":"<p>Durchmesser\u00a0\u00d8 04-12\u00a0cm-\u00d8 12-16 cm-\u00d8 16-20 cm<\/p>\n<p>inkl. gesetzl. MwSt. und zzgl. Versandkosten<\/p>\n","protected":false},"featured_media":4992,"comment_status":"closed","ping_status":"closed","template":"","meta":[],"product_cat":[53],"product_tag":[],"_links":{"self":[{"href":"https:\/\/vitasane.it\/de\/wp-json\/wp\/v2\/product\/4991"}],"collection":[{"href":"https:\/\/vitasane.it\/de\/wp-json\/wp\/v2\/product"}],"about":[{"href":"https:\/\/vitasane.it\/de\/wp-json\/wp\/v2\/types\/product"}],"replies":[{"embeddable":true,"href":"https:\/\/vitasane.it\/de\/wp-json\/wp\/v2\/comments?post=4991"}],"wp:featuredmedia":[{"embeddable":true,"href":"https:\/\/vitasane.it\/de\/wp-json\/wp\/v2\/media\/4992"}],"wp:attachment":[{"href":"https:\/\/vitasane.it\/de\/wp-json\/wp\/v2\/media?parent=4991"}],"wp:term":[{"taxonomy":"product_cat","embeddable":true,"href":"https:\/\/vitasane.it\/de\/wp-json\/wp\/v2\/product_cat?post=4991"},{"taxonomy":"product_tag","embeddable":true,"href":"https:\/\/vitasane.it\/de\/wp-json\/wp\/v2\/product_tag?post=4991"}],"curies":[{"name":"wp","href":"https:\/\/api.w.org\/{rel}","templated":true}]}}