{"id":4998,"date":"2016-12-31T15:45:00","date_gmt":"2016-12-31T14:45:00","guid":{"rendered":"http:\/\/vitasane.it\/?post_type=product&#038;p=4998"},"modified":"2020-11-28T10:19:30","modified_gmt":"2020-11-28T09:19:30","slug":"universaldeckel-2","status":"publish","type":"product","link":"https:\/\/vitasane.it\/de\/produkt\/universaldeckel-2\/","title":{"rendered":"UNIVERSALDECKEL"},"content":{"rendered":"<p>Vakuum-Universal-Deckel rund \u00f8\u00a0120\/160 mm<\/p>\n<p>Universal-Deckel passend f\u00fcr alle runde Dosen konserviert oder mehrere Dosen (Kaffee, \u00d6l, etc.).<\/p>\n<p>Mit dem\u00a0praktischen Ventilsystem Produkte bleiben fern von Feuchtigkeit, Staub und Luft, unver\u00e4ndert das Aroma und Geschmack zu halten. F\u00fcr Beh\u00e4lter mit einem Durchmesser von \u00f8 120\u00a0bis160\u00a0mm.<\/p>\n<h3 style=\"text-align: center\"><strong>PRODUKTVIDEO<\/strong><\/h3>\n<p><a href=\"https:\/\/youtu.be\/mlaGf5gX6FU\" target=\"_blank\" rel=\"noopener noreferrer\"><img loading=\"lazy\" decoding=\"async\" class=\"aligncenter wp-image-4616\" src=\"http:\/\/vitasane.it\/de\/wp-content\/uploads\/2015\/06\/youtube_logo.jpg\" alt=\"youtube_logo\" width=\"40\" height=\"40\" \/><\/a><\/p>\n","protected":false},"excerpt":{"rendered":"<p>Durchmesser \u00d8 12-16 cm<\/p>\n<p>inkl. gesetzl. MwSt. und zzgl. Versandkosten<\/p>\n","protected":false},"featured_media":4994,"comment_status":"closed","ping_status":"closed","template":"","meta":[],"product_cat":[53],"product_tag":[],"_links":{"self":[{"href":"https:\/\/vitasane.it\/de\/wp-json\/wp\/v2\/product\/4998"}],"collection":[{"href":"https:\/\/vitasane.it\/de\/wp-json\/wp\/v2\/product"}],"about":[{"href":"https:\/\/vitasane.it\/de\/wp-json\/wp\/v2\/types\/product"}],"replies":[{"embeddable":true,"href":"https:\/\/vitasane.it\/de\/wp-json\/wp\/v2\/comments?post=4998"}],"wp:featuredmedia":[{"embeddable":true,"href":"https:\/\/vitasane.it\/de\/wp-json\/wp\/v2\/media\/4994"}],"wp:attachment":[{"href":"https:\/\/vitasane.it\/de\/wp-json\/wp\/v2\/media?parent=4998"}],"wp:term":[{"taxonomy":"product_cat","embeddable":true,"href":"https:\/\/vitasane.it\/de\/wp-json\/wp\/v2\/product_cat?post=4998"},{"taxonomy":"product_tag","embeddable":true,"href":"https:\/\/vitasane.it\/de\/wp-json\/wp\/v2\/product_tag?post=4998"}],"curies":[{"name":"wp","href":"https:\/\/api.w.org\/{rel}","templated":true}]}}