{"id":5197,"date":"2017-02-11T16:43:43","date_gmt":"2017-02-11T15:43:43","guid":{"rendered":"http:\/\/vitasane.it\/de\/?post_type=product&#038;p=5197"},"modified":"2021-11-12T18:30:47","modified_gmt":"2021-11-12T17:30:47","slug":"tomatic","status":"publish","type":"product","link":"https:\/\/vitasane.it\/de\/produkt\/tomatic\/","title":{"rendered":"TOMATIC"},"content":{"rendered":"<p><img decoding=\"async\" class=\"aligncenter\" src=\"http:\/\/www.lavatelli.com\/wp-content\/uploads\/2017\/02\/logo_tomatic.jpg\" \/><\/p>\n<p style=\"text-align: center\"><strong>UM LEICHT\u00a0ZU SCHNEIDEN BIS ZU 400 g TOMATEN AUF EINMAL.<\/strong><\/p>\n<p style=\"text-align: center\">Mit rutschfestem Gummi sowohl f\u00fcr die Hand, die auf der Auflagefl\u00e4che .<br \/>\nDrei Abschnitte f\u00fcr einen gleichm\u00e4\u00dfigen Schnitt: die gr\u00f6\u00dften Tomaten in der Mitte und die\u00a0nach au\u00dfen klein.<br \/>\n<strong>Erh\u00f6hte Kante Sicherheit.<\/strong><br \/>\nF\u00fcr viele verschiedene Formen und Gr\u00f6\u00dfen von Tomaten, sondern auch f\u00fcr Weintrauben, entkernten Oliven und andere runde Fr\u00fcchte.<br \/>\nVerwenden Sie ein Messer mit Wellenschliff mit einer Klinge von mindestens 24cm <strong>(nicht enthalten).<\/strong><\/p>\n<p style=\"text-align: center\"><strong>Schneiden Sie Ihre TOMATEN\u00a0F\u00fcr Spaghetti, Salate,\u00a0Bruschette, eine Pizza oder Snacks!<\/strong><\/p>\n<p style=\"text-align: center\"><strong>Sie werden begeistert sein&#8230;<\/strong><\/p>\n<p><img loading=\"lazy\" decoding=\"async\" class=\"alignleft\" src=\"http:\/\/www.lavatelli.com\/wp-content\/uploads\/2017\/02\/tomatic_slide_1.jpg\" alt=\"tomatic_slide_1\" width=\"518\" height=\"541\" \/><\/p>\n<p>&nbsp;<\/p>\n<p><img decoding=\"async\" src=\"http:\/\/www.lavatelli.com\/wp-content\/uploads\/2016\/01\/tomatic.jpg\" alt=\"tomatic\" \/><img loading=\"lazy\" decoding=\"async\" class=\"alignnone\" src=\"http:\/\/www.lavatelli.com\/wp-content\/uploads\/2017\/02\/tomatic_slide_2-500x284.jpg\" alt=\"tomatic_slide_2\" width=\"476\" height=\"270\" \/><\/p>\n<p>&nbsp;<\/p>\n<p>&nbsp;<\/p>\n","protected":false},"excerpt":{"rendered":"<p>inkl. gesetzl. MwSt. und zzgl. Versandkosten<\/p>\n","protected":false},"featured_media":6940,"comment_status":"open","ping_status":"closed","template":"","meta":[],"product_cat":[60],"product_tag":[],"_links":{"self":[{"href":"https:\/\/vitasane.it\/de\/wp-json\/wp\/v2\/product\/5197"}],"collection":[{"href":"https:\/\/vitasane.it\/de\/wp-json\/wp\/v2\/product"}],"about":[{"href":"https:\/\/vitasane.it\/de\/wp-json\/wp\/v2\/types\/product"}],"replies":[{"embeddable":true,"href":"https:\/\/vitasane.it\/de\/wp-json\/wp\/v2\/comments?post=5197"}],"wp:featuredmedia":[{"embeddable":true,"href":"https:\/\/vitasane.it\/de\/wp-json\/wp\/v2\/media\/6940"}],"wp:attachment":[{"href":"https:\/\/vitasane.it\/de\/wp-json\/wp\/v2\/media?parent=5197"}],"wp:term":[{"taxonomy":"product_cat","embeddable":true,"href":"https:\/\/vitasane.it\/de\/wp-json\/wp\/v2\/product_cat?post=5197"},{"taxonomy":"product_tag","embeddable":true,"href":"https:\/\/vitasane.it\/de\/wp-json\/wp\/v2\/product_tag?post=5197"}],"curies":[{"name":"wp","href":"https:\/\/api.w.org\/{rel}","templated":true}]}}