{"id":5400,"date":"2017-06-16T15:39:15","date_gmt":"2017-06-16T13:39:15","guid":{"rendered":"http:\/\/vitasane.it\/de\/?post_type=product&#038;p=5400"},"modified":"2022-12-11T10:49:10","modified_gmt":"2022-12-11T09:49:10","slug":"sous-vide-thermostat","status":"publish","type":"product","link":"https:\/\/vitasane.it\/de\/produkt\/sous-vide-thermostat\/","title":{"rendered":"SOUS VIDE THERMOSTAT"},"content":{"rendered":"<h2 style=\"text-align: center\"><strong>VITASANE SOUS VIDE THERMOSTAT<\/strong><\/h2>\n<h2 style=\"text-align: center\"><strong><img loading=\"lazy\" decoding=\"async\" class=\"aligncenter size-medium wp-image-9571\" src=\"https:\/\/vitasane.it\/de\/wp-content\/uploads\/2016\/08\/annt-300x228.png\" alt=\"\" width=\"300\" height=\"228\" srcset=\"https:\/\/vitasane.it\/de\/wp-content\/uploads\/2016\/08\/annt-300x228.png 300w, https:\/\/vitasane.it\/de\/wp-content\/uploads\/2016\/08\/annt-500x381.png 500w, https:\/\/vitasane.it\/de\/wp-content\/uploads\/2016\/08\/annt.png 751w\" sizes=\"(max-width: 300px) 100vw, 300px\" \/><\/strong><\/h2>\n<div class=\"section-header\"><\/div>\n<div class=\"row-fluid\">\n<div class=\"span6\">\n<p style=\"text-align: center\"><img loading=\"lazy\" decoding=\"async\" class=\"alignnone wp-image-5064 \" src=\"http:\/\/vitasane.it\/de\/wp-content\/uploads\/2017\/01\/bearbeitet_Sousvide-lacor-baja-temperatura.jpg\" width=\"377\" height=\"377\" srcset=\"https:\/\/vitasane.it\/de\/wp-content\/uploads\/2017\/01\/bearbeitet_Sousvide-lacor-baja-temperatura.jpg 500w, https:\/\/vitasane.it\/de\/wp-content\/uploads\/2017\/01\/bearbeitet_Sousvide-lacor-baja-temperatura-100x100.jpg 100w, https:\/\/vitasane.it\/de\/wp-content\/uploads\/2017\/01\/bearbeitet_Sousvide-lacor-baja-temperatura-150x150.jpg 150w, https:\/\/vitasane.it\/de\/wp-content\/uploads\/2017\/01\/bearbeitet_Sousvide-lacor-baja-temperatura-300x300.jpg 300w\" sizes=\"(max-width: 377px) 100vw, 377px\" \/><img loading=\"lazy\" decoding=\"async\" class=\"alignnone wp-image-5141\" src=\"http:\/\/vitasane.it\/de\/wp-content\/uploads\/2017\/01\/3_1_VITASANE-SOUS-VIDE-THERMOSTAT-300x271.jpg\" alt=\"\" width=\"377\" height=\"341\" srcset=\"https:\/\/vitasane.it\/de\/wp-content\/uploads\/2017\/01\/3_1_VITASANE-SOUS-VIDE-THERMOSTAT-300x271.jpg 300w, https:\/\/vitasane.it\/de\/wp-content\/uploads\/2017\/01\/3_1_VITASANE-SOUS-VIDE-THERMOSTAT-500x452.jpg 500w, https:\/\/vitasane.it\/de\/wp-content\/uploads\/2017\/01\/3_1_VITASANE-SOUS-VIDE-THERMOSTAT-768x694.jpg 768w, https:\/\/vitasane.it\/de\/wp-content\/uploads\/2017\/01\/3_1_VITASANE-SOUS-VIDE-THERMOSTAT.jpg 968w\" sizes=\"(max-width: 377px) 100vw, 377px\" \/><img loading=\"lazy\" decoding=\"async\" class=\"alignnone wp-image-5068 \" src=\"http:\/\/vitasane.it\/de\/wp-content\/uploads\/2017\/01\/Sous-Vide-deutsch.jpg\" width=\"379\" height=\"211\" srcset=\"https:\/\/vitasane.it\/de\/wp-content\/uploads\/2017\/01\/Sous-Vide-deutsch.jpg 640w, https:\/\/vitasane.it\/de\/wp-content\/uploads\/2017\/01\/Sous-Vide-deutsch-500x278.jpg 500w, https:\/\/vitasane.it\/de\/wp-content\/uploads\/2017\/01\/Sous-Vide-deutsch-300x167.jpg 300w\" sizes=\"(max-width: 379px) 100vw, 379px\" \/><img loading=\"lazy\" decoding=\"async\" class=\"alignnone wp-image-5280\" src=\"http:\/\/vitasane.it\/de\/wp-content\/uploads\/2017\/01\/Sous-vide_Fleisch-Fisch-300x250.jpg\" alt=\"\" width=\"227\" height=\"189\" srcset=\"https:\/\/vitasane.it\/de\/wp-content\/uploads\/2017\/01\/Sous-vide_Fleisch-Fisch-300x250.jpg 300w, https:\/\/vitasane.it\/de\/wp-content\/uploads\/2017\/01\/Sous-vide_Fleisch-Fisch-500x417.jpg 500w, https:\/\/vitasane.it\/de\/wp-content\/uploads\/2017\/01\/Sous-vide_Fleisch-Fisch.jpg 564w\" sizes=\"(max-width: 227px) 100vw, 227px\" \/><img loading=\"lazy\" decoding=\"async\" class=\"alignnone wp-image-5279\" src=\"http:\/\/vitasane.it\/de\/wp-content\/uploads\/2017\/01\/Sous-vide_Fleisch.jpg\" alt=\"\" width=\"190\" height=\"190\" srcset=\"https:\/\/vitasane.it\/de\/wp-content\/uploads\/2017\/01\/Sous-vide_Fleisch.jpg 300w, https:\/\/vitasane.it\/de\/wp-content\/uploads\/2017\/01\/Sous-vide_Fleisch-100x100.jpg 100w, https:\/\/vitasane.it\/de\/wp-content\/uploads\/2017\/01\/Sous-vide_Fleisch-150x150.jpg 150w\" sizes=\"(max-width: 190px) 100vw, 190px\" \/><\/p>\n<p style=\"text-align: center\">\n<\/div>\n<div class=\"span6\">\n<p><strong>VITASANE Sous vide Thermostat<\/strong><\/p>\n<p>Ideal zum Einh\u00e4ngen in ein Wasserbad sorgt das Thermostat f\u00fcr die richtige Umw\u00e4lzung und Temperatur. Mit all seinen technischen Raffinessen ist es kaum mehr aus der K\u00fcche Wegzudenken. \u00dcberzeugen Sie sich selbst von diesem bew\u00e4hrten Thermostat.<\/p>\n<p>Sous Vide \u2013 die pr\u00e4zise Niedrigtemperatur-Garmethode f\u00fcr Fleisch, Fisch und viele Gem\u00fcsesorten. Voraussetzungen: SousVide Ger\u00e4t, Vakuumierer, Vakuumbeutel. Viele Profik\u00f6che schw\u00f6ren jetzt schon auf die Niedrigtemperatur-Garmethode. Die Vorteile sind eindeutig: Erhalt des Eigengeschmacks, Gew\u00fcrze und Marinaden wirken gezielter und intensiver und die schonende Garmethode garantiert einen kulinarischen Genuss. Dar\u00fcber hinaus k\u00f6nnen Sie Men\u00fcs zeitunabh\u00e4ngig zubereiten und lagern. Die vakuumierten und gegarten Lebensmittel lagern Sie bis zu 4 Wochen im K\u00fchlschrank (Einfrieren geht nat\u00fcrlich auch und verl\u00e4ngert die Haltbarkeit). Bei Bedarf erhitzen, servieren und es schmeckt wie frisch zubereitet. Garantiert. Wir bieten Ihnen hier ein SousVide Ger\u00e4t der Spitzenklasse \u2013 und das zu einem scharf kalkulierten Preis. Der Profi-Garer von VITASANE garantiert Ihren Erfolg in der K\u00fcche.<\/p>\n<p>\u2022 Schutz vor \u00dcberhitzung und niedrigem Wasserstand<\/p>\n<p>\u2022 Leistungsstarke 1400 Watt<\/p>\n<p>\u2022 Mit \u00fcbersichtlichem LCD-Monitor<\/p>\n<p>\u2022 Mit integrierter Umw\u00e4lzpumpe f\u00fcr eine gleichm\u00e4\u00dfige Temperatur im gesamten Wasserbad \u2013 \u201edie Voraussetzung f\u00fcr ein \u00a0perfektes Ergebnis<\/p>\n<p>\u2022 Bequem zum Einh\u00e4ngen<\/p>\n<p>\u2022 F\u00fcr bis zu EXTRA-GRO\u00dfEN\u00a030 Liter Beh\u00e4lter<\/p>\n<p>&nbsp;<\/p>\n<p><strong>Details, Highlights, Funktionen<\/strong><\/p>\n<ul>\n<li>Schutz bei niedrigem Wasserstand<\/li>\n<li>Schutz vor \u00dcberhitzung<\/li>\n<li>Garzeit minutengenau einstellbar von 0 \u2013 99 Stunden<\/li>\n<li>Fahrenheit oder Grad Celsius einstellbar<\/li>\n<li>LCD Display<\/li>\n<li>Gradzahl genau einstellbar<\/li>\n<li>bequem und einfach am Wasserbad \/ Beh\u00e4lter befestigen<\/li>\n<li>mit integrierter Umw\u00e4lzpumpe f\u00fcr eine gleichm\u00e4\u00dfige<br \/>\nTemperatur imgesamten\u00a0Wasserbad \u2013\u00a0\u201edie Voraussetzung f\u00fcr ein perfektes Ergebnis\u201c<\/li>\n<li>Passend f\u00fcr bis zu 30 Liter<\/li>\n<li>Stabiler und b\u00fcrstenloser AD 12V Motor<\/li>\n<li>Geh\u00e4use aus Edelstahl, leicht zu Reinigen<\/li>\n<li>Speicherfunktion der Einstellungen<\/li>\n<li>Soft-Touch-Panel f\u00fcr eine einfache Bedienung<\/li>\n<\/ul>\n<p><strong>\u00a0 Technische Daten<\/strong><\/p>\n<table>\n<tbody>\n<tr>\n<td>\n<pre>Temperaturbereich:<\/pre>\n<\/td>\n<td>\n<pre>5 \u00b0 C \u2013 99 \u00b0 C (41 \u00b0 F \u2013 210 \u00b0 F)<\/pre>\n<\/td>\n<\/tr>\n<tr>\n<td>\n<pre>Temperaturabweichung:<\/pre>\n<\/td>\n<td>\n<pre>0,1 \u00b0 C (0,1 \u00b0F)<\/pre>\n<\/td>\n<\/tr>\n<tr>\n<td>\n<pre>Ma\u00dfe:<\/pre>\n<\/td>\n<td>\n<pre>B 140 x T 60 x H 325 mm<\/pre>\n<\/td>\n<\/tr>\n<tr>\n<td>\n<pre>Netzspannung:<\/pre>\n<\/td>\n<td>\n<pre>230 V \/ 50 Hz<\/pre>\n<\/td>\n<\/tr>\n<tr>\n<td>\n<pre>Leistung:<\/pre>\n<\/td>\n<td>\n<pre>1400 W<\/pre>\n<\/td>\n<\/tr>\n<tr>\n<td>\n<pre>\u00dcberhitzungsschutz:<\/pre>\n<\/td>\n<td>\n<pre>integriert<\/pre>\n<\/td>\n<\/tr>\n<tr>\n<td>\n<pre>Pumpe:<\/pre>\n<\/td>\n<td>\n<pre>integriert<\/pre>\n<\/td>\n<\/tr>\n<\/tbody>\n<\/table>\n<\/div>\n<\/div>\n","protected":false},"excerpt":{"rendered":"<p>inkl. gesetzl. MwSt. und zzgl. Versandkosten<\/p>\n","protected":false},"featured_media":5064,"comment_status":"open","ping_status":"closed","template":"","meta":[],"product_cat":[56],"product_tag":[],"_links":{"self":[{"href":"https:\/\/vitasane.it\/de\/wp-json\/wp\/v2\/product\/5400"}],"collection":[{"href":"https:\/\/vitasane.it\/de\/wp-json\/wp\/v2\/product"}],"about":[{"href":"https:\/\/vitasane.it\/de\/wp-json\/wp\/v2\/types\/product"}],"replies":[{"embeddable":true,"href":"https:\/\/vitasane.it\/de\/wp-json\/wp\/v2\/comments?post=5400"}],"wp:featuredmedia":[{"embeddable":true,"href":"https:\/\/vitasane.it\/de\/wp-json\/wp\/v2\/media\/5064"}],"wp:attachment":[{"href":"https:\/\/vitasane.it\/de\/wp-json\/wp\/v2\/media?parent=5400"}],"wp:term":[{"taxonomy":"product_cat","embeddable":true,"href":"https:\/\/vitasane.it\/de\/wp-json\/wp\/v2\/product_cat?post=5400"},{"taxonomy":"product_tag","embeddable":true,"href":"https:\/\/vitasane.it\/de\/wp-json\/wp\/v2\/product_tag?post=5400"}],"curies":[{"name":"wp","href":"https:\/\/api.w.org\/{rel}","templated":true}]}}