{"id":5574,"date":"2017-08-28T16:26:14","date_gmt":"2017-08-28T14:26:14","guid":{"rendered":"http:\/\/vitasane.it\/de\/?post_type=product&#038;p=5574"},"modified":"2025-10-28T17:48:41","modified_gmt":"2025-10-28T16:48:41","slug":"bodentuch-blau-microfaser-2er-set","status":"publish","type":"product","link":"https:\/\/vitasane.it\/de\/produkt\/bodentuch-blau-microfaser-2er-set\/","title":{"rendered":"Bodentuch blau microfaser 2ER SET"},"content":{"rendered":"<h2>Mikrofaser Bodentuch |Vitasane<\/h2>\n<p>Mit dem Vitasane\u00a0Bodentuch k\u00f6nnen Sie Ihre Bodenbel\u00e4ge feucht reinigen, ohne zus\u00e4tzlich Reinigungsmittel einzusetzen. F\u00fcr ein optimales Ergebnis empfiehlt es sich, das Bodentuch mit dem<a href=\"http:\/\/vitasane.it\/de\/produkt\/eco-clean-universalreiniger\/\">\u00a0<\/a><a href=\"http:\/\/vitasane.it\/de\/produkt\/eco-clean-universalreiniger\/\">ECO Clean hochwirksames Reinigungskonzentrat<\/a><strong>\u00a0<\/strong> zu kombinieren. Zusammengerollt und angefeuchtet k\u00f6nnen Sie das Vitasane\u00a0 Bodentuch sogar zur Fleckenentfernung aus Ihrer Kleidung, Ihren Polstern oder Teppichen verwenden.<\/p>\n<h5>Pflegehinweise<\/h5>\n<p>ohne Weichsp\u00fcler waschbar bis 90\u00b0C<\/p>\n<h5>Inhaltsstoffe<\/h5>\n<p class=\"contain\">70% Polyester, 30% Polyamid<\/p>\n<h5>Lieferumfang<\/h5>\n<p>2x Vitasane\u00a0 Bodentuch blau 50x60cm<\/p>\n","protected":false},"excerpt":{"rendered":"<p>inkl. gesetzl. MwSt. und zzgl. Versandkosten<\/p>\n","protected":false},"featured_media":5577,"comment_status":"open","ping_status":"closed","template":"","meta":[],"product_cat":[108,55],"product_tag":[],"_links":{"self":[{"href":"https:\/\/vitasane.it\/de\/wp-json\/wp\/v2\/product\/5574"}],"collection":[{"href":"https:\/\/vitasane.it\/de\/wp-json\/wp\/v2\/product"}],"about":[{"href":"https:\/\/vitasane.it\/de\/wp-json\/wp\/v2\/types\/product"}],"replies":[{"embeddable":true,"href":"https:\/\/vitasane.it\/de\/wp-json\/wp\/v2\/comments?post=5574"}],"wp:featuredmedia":[{"embeddable":true,"href":"https:\/\/vitasane.it\/de\/wp-json\/wp\/v2\/media\/5577"}],"wp:attachment":[{"href":"https:\/\/vitasane.it\/de\/wp-json\/wp\/v2\/media?parent=5574"}],"wp:term":[{"taxonomy":"product_cat","embeddable":true,"href":"https:\/\/vitasane.it\/de\/wp-json\/wp\/v2\/product_cat?post=5574"},{"taxonomy":"product_tag","embeddable":true,"href":"https:\/\/vitasane.it\/de\/wp-json\/wp\/v2\/product_tag?post=5574"}],"curies":[{"name":"wp","href":"https:\/\/api.w.org\/{rel}","templated":true}]}}