{"id":5792,"date":"2018-01-29T22:53:37","date_gmt":"2018-01-29T21:53:37","guid":{"rendered":"http:\/\/vitasane.it\/de\/produkt\/oskari-bora-duftdose-gruener-tee\/"},"modified":"2023-03-20T17:05:59","modified_gmt":"2023-03-20T16:05:59","slug":"oskari-bora-duftdose-gruener-tee","status":"publish","type":"product","link":"https:\/\/vitasane.it\/de\/produkt\/oskari-bora-duftdose-gruener-tee\/","title":{"rendered":"Oskari- Bora Duftdose Gr\u00fcner Tee"},"content":{"rendered":"<p><strong>Oskari\u00ae &#8211; Bora\u00ae Duftdose Gr\u00fcner Tee<\/strong><\/p>\n<p>Das passende Zubeh\u00f6r f\u00fcr alle\u00a0\u00a0Bora\u00ae Schuhtrockner! In 3 speziellen Duftrichtungen k\u00f6nnen Sie Ihre Schuhe mit Ihrem Lieblings Schuhdeo parfumieren. Mit dem Duft von gr\u00fcnem Tee gegen stinkende Schuhe!<br \/>\nUnser Schuhdeodorant unterst\u00fctzt aufgrund der speziellen Zusammensetzung \u00e4therischer \u00d6le die Hygiene.\u00d6le aus kontrolliert biologischem Anbau und wirkt geruchs- und schwei\u00dfhemmend. Die milde Formel ohne Alkohol bildet eine 2 in 1 Aktivpflege f\u00fcr Ihre Schuhe!<\/p>\n<p><!--more--><\/p>\n<ul>\n<li>Keine unangenehm riechende Schuhe mehr! Auch ideal fu\u0308r Wohnraumwohlgeruch!<\/li>\n<li>Duft und Duftdose zur optionalen Verwendung zusammen mit einem Bora\u00ae Schuh- Stiefel und Handschuhtrockner<\/li>\n<li>Einfach Deckel abnehmen und Dose unter den Luftansaugkanal stellen<\/li>\n<li>Duft stro\u0308mt u\u0308ber die Lufto\u0308ffnungen in den Schuhhalterbu\u0308geln und durch die Schuhe aus<\/li>\n<li>Duft besteht aus 20% Geruchsneutralisator und 80% natu\u0308rlichen Duft ohne chemischen Zusa\u0308tze<\/li>\n<li>Duft in Form von Duftkugeln, die Ihre Form behalten und sich nicht auflo\u0308sen &#8211; TIPP: Wird der Schuhtrockner u\u0308ber einen la\u0308ngeren Zeitraum nicht genutzt, verschlie\u00dfen Sie die Dose um ein Ausrauchen des Duftes zu vermeiden!<\/li>\n<li>Dauer der Duftwirkung variiert je nach Raumgro\u0308\u00dfe, Temperatur und Einsatz. Im Durchschnitt sollte der Duft 1 Saison lang halten<\/li>\n<li>Duftsa\u0308ckchen nachbestellbar(ohne Dose)<\/li>\n<li>Inhalt 20 g<\/li>\n<\/ul>\n","protected":false},"excerpt":{"rendered":"<p>inkl. gesetzl. MwSt. und zzgl. Versandkosten<\/p>\n<h4><!--more--><\/h4>\n[caption id=\"attachment_5783\" align=\"alignleft\" width=\"100\"]<a href=\"http:\/\/vitasane.it\/de\/produkt\/oskari-bora-duftdose-zeder\/\"><img loading=\"lazy\" decoding=\"async\" class=\"wp-image-5783\" src=\"http:\/\/vitasane.it\/de\/wp-content\/uploads\/2018\/01\/bora-duftdose-zitrone-und-mandarine-150x150.jpg\" alt=\"\" width=\"100\" height=\"100\" srcset=\"https:\/\/vitasane.it\/de\/wp-content\/uploads\/2018\/01\/bora-duftdose-zitrone-und-mandarine-150x150.jpg 150w, https:\/\/vitasane.it\/de\/wp-content\/uploads\/2018\/01\/bora-duftdose-zitrone-und-mandarine-100x100.jpg 100w, https:\/\/vitasane.it\/de\/wp-content\/uploads\/2018\/01\/bora-duftdose-zitrone-und-mandarine-300x300.jpg 300w, https:\/\/vitasane.it\/de\/wp-content\/uploads\/2018\/01\/bora-duftdose-zitrone-und-mandarine.jpg 458w\" sizes=\"(max-width: 100px) 100vw, 100px\" \/><\/a> Zeder[\/caption]\n[caption id=\"attachment_5783\" align=\"alignleft\" width=\"100\"]<a href=\"http:\/\/vitasane.it\/de\/produkt\/oskari-bora-duftdose-gruener-tee\/\"><img loading=\"lazy\" decoding=\"async\" class=\"wp-image-5783\" src=\"http:\/\/vitasane.it\/de\/wp-content\/uploads\/2018\/01\/bora-duftdose-zitrone-und-mandarine-300x300.jpg\" alt=\"\" width=\"100\" height=\"100\" srcset=\"https:\/\/vitasane.it\/de\/wp-content\/uploads\/2018\/01\/bora-duftdose-zitrone-und-mandarine-300x300.jpg 300w, https:\/\/vitasane.it\/de\/wp-content\/uploads\/2018\/01\/bora-duftdose-zitrone-und-mandarine-100x100.jpg 100w, https:\/\/vitasane.it\/de\/wp-content\/uploads\/2018\/01\/bora-duftdose-zitrone-und-mandarine-150x150.jpg 150w, https:\/\/vitasane.it\/de\/wp-content\/uploads\/2018\/01\/bora-duftdose-zitrone-und-mandarine.jpg 458w\" sizes=\"(max-width: 100px) 100vw, 100px\" \/><\/a> Gr\u00fcner Tee[\/caption]\n[caption id=\"attachment_5783\" align=\"alignleft\" width=\"100\"]<a href=\"http:\/\/vitasane.it\/de\/produkt\/oskari-bora-duftdose-zitrone-und-mandarine\/\"><img loading=\"lazy\" decoding=\"async\" class=\"wp-image-5783\" src=\"http:\/\/vitasane.it\/de\/wp-content\/uploads\/2018\/01\/bora-duftdose-zitrone-und-mandarine-150x150.jpg\" alt=\"\" width=\"100\" height=\"100\" srcset=\"https:\/\/vitasane.it\/de\/wp-content\/uploads\/2018\/01\/bora-duftdose-zitrone-und-mandarine-150x150.jpg 150w, https:\/\/vitasane.it\/de\/wp-content\/uploads\/2018\/01\/bora-duftdose-zitrone-und-mandarine-100x100.jpg 100w, https:\/\/vitasane.it\/de\/wp-content\/uploads\/2018\/01\/bora-duftdose-zitrone-und-mandarine-300x300.jpg 300w, https:\/\/vitasane.it\/de\/wp-content\/uploads\/2018\/01\/bora-duftdose-zitrone-und-mandarine.jpg 458w\" sizes=\"(max-width: 100px) 100vw, 100px\" \/><\/a> Zitrone und Mandarine[\/caption]\n","protected":false},"featured_media":5783,"comment_status":"open","ping_status":"closed","template":"","meta":[],"product_cat":[63],"product_tag":[],"_links":{"self":[{"href":"https:\/\/vitasane.it\/de\/wp-json\/wp\/v2\/product\/5792"}],"collection":[{"href":"https:\/\/vitasane.it\/de\/wp-json\/wp\/v2\/product"}],"about":[{"href":"https:\/\/vitasane.it\/de\/wp-json\/wp\/v2\/types\/product"}],"replies":[{"embeddable":true,"href":"https:\/\/vitasane.it\/de\/wp-json\/wp\/v2\/comments?post=5792"}],"wp:featuredmedia":[{"embeddable":true,"href":"https:\/\/vitasane.it\/de\/wp-json\/wp\/v2\/media\/5783"}],"wp:attachment":[{"href":"https:\/\/vitasane.it\/de\/wp-json\/wp\/v2\/media?parent=5792"}],"wp:term":[{"taxonomy":"product_cat","embeddable":true,"href":"https:\/\/vitasane.it\/de\/wp-json\/wp\/v2\/product_cat?post=5792"},{"taxonomy":"product_tag","embeddable":true,"href":"https:\/\/vitasane.it\/de\/wp-json\/wp\/v2\/product_tag?post=5792"}],"curies":[{"name":"wp","href":"https:\/\/api.w.org\/{rel}","templated":true}]}}