{"id":5800,"date":"2018-01-29T23:38:54","date_gmt":"2018-01-29T22:38:54","guid":{"rendered":"http:\/\/vitasane.it\/de\/produkt\/oskari-bora-duft-nachfuellung-zeder\/"},"modified":"2023-03-20T18:27:27","modified_gmt":"2023-03-20T17:27:27","slug":"oskari-bora-duft-nachfuellung-zeder","status":"publish","type":"product","link":"https:\/\/vitasane.it\/de\/produkt\/oskari-bora-duft-nachfuellung-zeder\/","title":{"rendered":"Oskari- Bora Duft Nachf\u00fcllung Zeder"},"content":{"rendered":"<p><strong>Oskari\u00ae &#8211; Bora\u00ae Duft Nachf\u00fcllung Zeder<\/strong><\/p>\n<p>Nachf\u00fcllpackung Duft\u00a0Zeder &#8211;\u00a0Das passende Zubeh\u00f6r f\u00fcr alle\u00a0\u00a0Bora\u00ae Schuhtrockner! In 3 speziellen Duftrichtungen k\u00f6nnen Sie Ihre Schuhe mit Ihrem Lieblings Schuhdeo parfumieren. Mit dem Duft von Zeder\u00a0gegen stinkende Schuhe!<\/p>\n<p>Nachf\u00fcllpackung, 10 g, ca. 20% Geruchsneutralisierer, und 80% ausgew\u00e4hlter Duft. S\u00e4ckchen einfach in bereits vorhandene Dose stellen.<\/p>\n","protected":false},"excerpt":{"rendered":"<p>inkl. gesetzl. MwSt. und zzgl. Versandkosten<\/p>\n","protected":false},"featured_media":5801,"comment_status":"open","ping_status":"closed","template":"","meta":[],"product_cat":[63],"product_tag":[],"_links":{"self":[{"href":"https:\/\/vitasane.it\/de\/wp-json\/wp\/v2\/product\/5800"}],"collection":[{"href":"https:\/\/vitasane.it\/de\/wp-json\/wp\/v2\/product"}],"about":[{"href":"https:\/\/vitasane.it\/de\/wp-json\/wp\/v2\/types\/product"}],"replies":[{"embeddable":true,"href":"https:\/\/vitasane.it\/de\/wp-json\/wp\/v2\/comments?post=5800"}],"wp:featuredmedia":[{"embeddable":true,"href":"https:\/\/vitasane.it\/de\/wp-json\/wp\/v2\/media\/5801"}],"wp:attachment":[{"href":"https:\/\/vitasane.it\/de\/wp-json\/wp\/v2\/media?parent=5800"}],"wp:term":[{"taxonomy":"product_cat","embeddable":true,"href":"https:\/\/vitasane.it\/de\/wp-json\/wp\/v2\/product_cat?post=5800"},{"taxonomy":"product_tag","embeddable":true,"href":"https:\/\/vitasane.it\/de\/wp-json\/wp\/v2\/product_tag?post=5800"}],"curies":[{"name":"wp","href":"https:\/\/api.w.org\/{rel}","templated":true}]}}