{"id":5808,"date":"2018-02-01T17:03:39","date_gmt":"2018-02-01T16:03:39","guid":{"rendered":"http:\/\/vitasane.it\/de\/produkt\/oskari-bora-desindistery\/"},"modified":"2023-03-20T18:43:24","modified_gmt":"2023-03-20T17:43:24","slug":"oskari-bora-desindistery","status":"publish","type":"product","link":"https:\/\/vitasane.it\/de\/produkt\/oskari-bora-desindistery\/","title":{"rendered":"Oskari-Bora Desindistery"},"content":{"rendered":"<p><strong>Oskari\u00ae &#8211; Bora\u00ae\u00a0&#8211; Zubeh\u00f6rset Gr\u00fcner Tee &#8211; Duft &amp; Hygiene<\/strong><\/p>\n<p>Das passende Zubeh\u00f6r f\u00fcr alle\u00a0\u00a0Bora\u00ae Schuhtrockner! Mit dem Aroma Erfrischungsspiritus desinfizieren Sie Ihre Schuhe w\u00e4hrend dem trocknen! Wird gleichzeitig mit den Duftdosen von Bora angewendet.<\/p>\n<ul>\n<li>Keine unangenehm riechende Schuhe mehr! Auch ideal fu\u0308r Wohnraumwohlgeruch!<\/li>\n<li>Zur optionalen Verwendung zusammen mit einem Bora\u00ae Schuh- Stiefel und Handschuhtrockner<\/li>\n<li>Einfach ein paar Tropfen in die Duftdose\u00a0geben<\/li>\n<li>Desinfiziert Ihre Schuhe mit dem Duft nach Zeder, Zitrone und Grapefruit<\/li>\n<\/ul>\n<p>Der neue Aroma Erfrischungsspiritus von Oskari\u00a0eignet sich nicht nur als perfekte Mittel gegen stinkende Schuhe. Er desinfiziert Ihren Schuh ohne Chemie von innen w\u00e4hrend dem Trocknen.<\/p>\n<p>&nbsp;<\/p>\n<p><!--more--><\/p>\n<h3>Schuhdesinfektion gegen Fu\u00dfpilz &amp; Bakterien<\/h3>\n<p>Nur ein desinfizierter Schuh ist ein sauberer Schuh. Gerade bei Problemen mit Fu\u00dfpilz hilft meist nur noch eine Salbe aus der Apotheke. Aber haben Sie sich schon einmal Gedanken \u00fcber eine Wiederansteckung mit Fu\u00dfpilz gemacht? Sowohl Bakterien als auch Pilzsporen k\u00f6nnen in einen inaktiven Status \u00fcbergehen um lange Zeit zu \u00fcberleben. Sobald das Millieu wieder f\u00fcr die neuerliche Besiedlung passt werden diese wieder aktiv und Sie das Problem Fu\u00dfpilz kehrt zur\u00fcck. Um eine Wiederansteckung durch Fu\u00dfpilz zu vermeiden m\u00fcssen Sie Ihre Schuhe also desinfizieren. Der Aroma Erfrischungsspiritus von Oskari desinfiziert Ihren Schuh w\u00e4hrend dem Trocknen auf einem der Bora Schuhtrockner und vernichtet dabei Bakterien &amp; Fu\u00dfpilz gleicherma\u00dfen.<\/p>\n<p><strong>Anwendung Schuhdesinfektion<\/strong><\/p>\n<ul>\n<li>Geben Sie einige Tropfen des Oskari Aroma Erfrischungsspiritus in die Bora Duftdose Ihrer Wahl.<\/li>\n<li>Stellen Sie die offene Duftdose in den Bora Schuhtrockner.<\/li>\n<li>Geben Sie die Schuhe auf den Schuhtrockner und schalten den Schuhtrockner ein.<\/li>\n<li>Ihre Schuhe trocknen und werden gleichzeitig desinfiziert. &#8211; Fertig.<\/li>\n<\/ul>\n<p><strong>So einfach k\u00f6nnen hygienische und saubere Schuhe sein.<\/strong><\/p>\n","protected":false},"excerpt":{"rendered":"<p>inkl. gesetzl. MwSt. und zzgl. Versandkosten<\/p>\n","protected":false},"featured_media":5809,"comment_status":"open","ping_status":"closed","template":"","meta":[],"product_cat":[63],"product_tag":[],"_links":{"self":[{"href":"https:\/\/vitasane.it\/de\/wp-json\/wp\/v2\/product\/5808"}],"collection":[{"href":"https:\/\/vitasane.it\/de\/wp-json\/wp\/v2\/product"}],"about":[{"href":"https:\/\/vitasane.it\/de\/wp-json\/wp\/v2\/types\/product"}],"replies":[{"embeddable":true,"href":"https:\/\/vitasane.it\/de\/wp-json\/wp\/v2\/comments?post=5808"}],"wp:featuredmedia":[{"embeddable":true,"href":"https:\/\/vitasane.it\/de\/wp-json\/wp\/v2\/media\/5809"}],"wp:attachment":[{"href":"https:\/\/vitasane.it\/de\/wp-json\/wp\/v2\/media?parent=5808"}],"wp:term":[{"taxonomy":"product_cat","embeddable":true,"href":"https:\/\/vitasane.it\/de\/wp-json\/wp\/v2\/product_cat?post=5808"},{"taxonomy":"product_tag","embeddable":true,"href":"https:\/\/vitasane.it\/de\/wp-json\/wp\/v2\/product_tag?post=5808"}],"curies":[{"name":"wp","href":"https:\/\/api.w.org\/{rel}","templated":true}]}}