{"id":6238,"date":"2019-12-14T18:33:50","date_gmt":"2019-12-14T17:33:50","guid":{"rendered":"http:\/\/vitasane.it\/de\/?post_type=product&#038;p=6238"},"modified":"2019-12-14T21:47:50","modified_gmt":"2019-12-14T20:47:50","slug":"gastronorm-1-3-vakuumdeckel","status":"publish","type":"product","link":"https:\/\/vitasane.it\/de\/produkt\/gastronorm-1-3-vakuumdeckel\/","title":{"rendered":"Gastronorm- 1\/3 Vakuumdeckel"},"content":{"rendered":"<p><strong>Vakuumdeckel Gastronorm- 1\/3<\/strong><\/p>\n<p>Geeignet f\u00fcr alle 1\/3 GN-Beh\u00e4lter f\u00fcr Vakuumierung von Gastronorm Gef\u00e4\u00dfen.<\/p>\n<p>Perfekt f\u00fcr \u00fcbrig gebliebene Speisen, Fl\u00fcssigkeiten&#8230;<\/p>\n<p>Mit dem\u00a0praktischen Ventilsystem Produkte bleiben fern von Feuchtigkeit, Staub und Luft, unver\u00e4ndert das Aroma und Geschmack zu halten.<\/p>\n<h3 style=\"text-align: center\"><strong>PRODUKTVIDEO<\/strong><\/h3>\n<p><a href=\"https:\/\/youtu.be\/mlaGf5gX6FU\" target=\"_blank\" rel=\"noopener\"><img loading=\"lazy\" decoding=\"async\" class=\"aligncenter wp-image-4616\" src=\"http:\/\/vitasane.it\/de\/wp-content\/uploads\/2015\/06\/youtube_logo.jpg\" alt=\"youtube_logo\" width=\"40\" height=\"40\" \/><\/a><\/p>\n","protected":false},"excerpt":{"rendered":"<p>inkl. gesetzl. MwSt. und zzgl. Versandkosten<\/p>\n","protected":false},"featured_media":6240,"comment_status":"closed","ping_status":"closed","template":"","meta":[],"product_cat":[53],"product_tag":[],"_links":{"self":[{"href":"https:\/\/vitasane.it\/de\/wp-json\/wp\/v2\/product\/6238"}],"collection":[{"href":"https:\/\/vitasane.it\/de\/wp-json\/wp\/v2\/product"}],"about":[{"href":"https:\/\/vitasane.it\/de\/wp-json\/wp\/v2\/types\/product"}],"replies":[{"embeddable":true,"href":"https:\/\/vitasane.it\/de\/wp-json\/wp\/v2\/comments?post=6238"}],"wp:featuredmedia":[{"embeddable":true,"href":"https:\/\/vitasane.it\/de\/wp-json\/wp\/v2\/media\/6240"}],"wp:attachment":[{"href":"https:\/\/vitasane.it\/de\/wp-json\/wp\/v2\/media?parent=6238"}],"wp:term":[{"taxonomy":"product_cat","embeddable":true,"href":"https:\/\/vitasane.it\/de\/wp-json\/wp\/v2\/product_cat?post=6238"},{"taxonomy":"product_tag","embeddable":true,"href":"https:\/\/vitasane.it\/de\/wp-json\/wp\/v2\/product_tag?post=6238"}],"curies":[{"name":"wp","href":"https:\/\/api.w.org\/{rel}","templated":true}]}}